{"id":403,"date":"2013-06-07T11:37:23","date_gmt":"2013-06-07T11:37:23","guid":{"rendered":"http:\/\/demo2.woothemes.com\/woocommerce\/?post_type=product&#038;p=96"},"modified":"2020-08-13T09:08:32","modified_gmt":"2020-08-13T12:08:32","slug":"woo-album-4","status":"publish","type":"product","link":"https:\/\/impertech.com.ar\/index.php\/producto\/woo-album-4\/","title":{"rendered":"BARRERA AC\u00daSTICA"},"content":{"rendered":"<p><strong>CUALIDADES DEL PRODUCTO:<\/strong><br \/>\nEs una membrana que combina las excelentes propiedades de los asfaltos pl\u00e1sticos normalizados de EMAPI S.A. con los atributos del PEAD (polietileno de alta densidad) formulado y producido por la Divisi\u00f3n Pol\u00edmeros de EMAPI S.A., incorporado a la terminaci\u00f3n inferior del producto. El conjunto se encuentra protegido por una capa de geotextil de poli\u00e9ster tejido no tejido termofijado de alto gramaje. En resumen, se trata de un producto especialmente dise\u00f1ado para su uso como aislante ac\u00fastico, imputrescible y de excelentes prestaciones como barrera de vapor, que brinda un excelente confort de insonorizaci\u00f3n, al actuar como un elemento pl\u00e1stico entre elementos r\u00edgidos.<\/p>\n<p><strong>SUPERFICIES BASE DE LA AISLACI\u00d3N<\/strong><br \/>\nLas superficies a ser cubiertas deben ser lo suficientemente lisas como para permitir una correcta fijaci\u00f3n de la barrera ac\u00fastica. En caso de emplearse estructura met\u00e1lica, deber\u00e1n colocarse montantes cada 40 cm del eje (la Barrera Ac\u00fastica EMAPI se presenta en rollos de 1 m de ancho). Se fija o adhiere en el interior de las paredes o paneles sola o junto con la lana de vidrio.<br \/>\nProducto especialmente indicado para aislar ac\u00fasticamente paredes de ladrillos huecos, bloques de hormig\u00f3n, tabiques y puertas interiores y paneles de roca de yeso, ya sea en viviendas, oficinas, cines, teatros, hoteles, salas de grabaci\u00f3n, salas de m\u00e1quinas, etc.<\/p>\n","protected":false},"excerpt":{"rendered":"<p><strong>CARACTER\u00cdSTICAS<\/strong><\/p>\n<ul>\n<li>Terminaci\u00f3n de Geotextil de Poli\u00e9ster \/ 25 kg<\/li>\n<li>Largo del Rollo: 5 m<\/li>\n<li>Ancho del Rollo: 1 m<\/li>\n<li>Peso Neto: 25 kg<\/li>\n<li>Terminaci\u00f3n superior : Geotextil de Poli\u00e9ster<\/li>\n<li>Terminaci\u00f3n inferior: PEAD<\/li>\n<\/ul>\n","protected":false},"featured_media":2385,"comment_status":"open","ping_status":"closed","template":"","meta":{"spay_email":""},"class_list":["post-403","product","type-product","status-publish","has-post-thumbnail","hentry","product_cat-drills"],"_links":{"self":[{"href":"https:\/\/impertech.com.ar\/index.php\/wp-json\/wp\/v2\/product\/403","targetHints":{"allow":["GET"]}}],"collection":[{"href":"https:\/\/impertech.com.ar\/index.php\/wp-json\/wp\/v2\/product"}],"about":[{"href":"https:\/\/impertech.com.ar\/index.php\/wp-json\/wp\/v2\/types\/product"}],"replies":[{"embeddable":true,"href":"https:\/\/impertech.com.ar\/index.php\/wp-json\/wp\/v2\/comments?post=403"}],"wp:featuredmedia":[{"embeddable":true,"href":"https:\/\/impertech.com.ar\/index.php\/wp-json\/wp\/v2\/media\/2385"}],"wp:attachment":[{"href":"https:\/\/impertech.com.ar\/index.php\/wp-json\/wp\/v2\/media?parent=403"}],"curies":[{"name":"wp","href":"https:\/\/api.w.org\/{rel}","templated":true}]}}