{"id":402,"date":"2013-06-07T11:36:34","date_gmt":"2013-06-07T11:36:34","guid":{"rendered":"http:\/\/demo2.woothemes.com\/woocommerce\/?post_type=product&#038;p=93"},"modified":"2020-08-13T09:10:51","modified_gmt":"2020-08-13T12:10:51","slug":"woo-single-1","status":"publish","type":"product","link":"https:\/\/impertech.com.ar\/index.php\/producto\/woo-single-1\/","title":{"rendered":"BARRERA AC\u00daSTICA"},"content":{"rendered":"<p>Las membranas EMAPI de la l\u00ednea EMACOBER GEO PINT, son desarrollos que combinan las excelentes propiedades impermeabilizantes de los asfaltos pl\u00e1sticos normalizados de EMAPI S.A. con los atributos del PEAD (polietileno de alta densidad) formulado y producido por la Divisi\u00f3n Pol\u00edmeros de EMAPI S.A., incorporado como alma central del producto y a su terminaci\u00f3n inferior. El conjunto se encuentra protegido de sobreesfuerzos de tracci\u00f3n mec\u00e1nica por una capa de geotextil de poli\u00e9ster tejido no tejido termofijado de alto gramaje \u2013de notable estabilidad dimensional\u2013 que garantiza las m\u00e1s exigentes solicitaciones en plegado, tracci\u00f3n, flexi\u00f3n y punzonado; a la que deber\u00e1 aplicarse Emacril, impermeabilizante acr\u00edlico para techos, como terminaci\u00f3n.<\/p>\n<p><b>SUPERFICIES BASE DE LA IMPERMEABILIZACI\u00d3N<\/b><br \/>\nLos soportes base de la impermeabilizaci\u00f3n, tanto horizontales como inclinados, de gran pendiente o abovedados, deben estar completamente secos, ser estables y de superficie homog\u00e9nea, as\u00ed como libre de cuerpos extra\u00f1os o punzcortantes y sin restos de aceites, grasas, mamposter\u00eda suelta, hidrocarburos, u otros materiales que puedan evitar la perfecta adherencia de la membrana y afectar la durabilidad de la misma.<\/p>\n<p><b>GEOTEXTIL DE POLI\u00c9STER<\/b><br \/>\nEl geotextil de poli\u00e9ster es un material cuyas cualidades de flexibilidad, estabilidad dimensional y resistencia a la tracci\u00f3n y al rasgado se transfieren invariablemente a las membranas a las que se integra. Ya sea como alma central o como base de capa de autoprotecci\u00f3n (en membranas transitables), el resultado es un producto cuyos est\u00e1ndares de calidad superan ampliamente las exigencias de las condiciones clim\u00e1ticas m\u00e1s adversas.<\/p>\n","protected":false},"excerpt":{"rendered":"<h3>Membrana Expuesta Transitable<\/h3>\n<p><b>Terminaci\u00f3n de Geotextil de Poli\u00e9ster \/ 4 mm<\/b><br \/>\nLargo del Rollo: 10 m<br \/>\nAncho del Rollo: 1 m<br \/>\nBanda de Soldadura: No lleva<br \/>\nEspesor Nominal: 4 mm<br \/>\nCapa de Terminaci\u00f3n: Geotextil de Poli\u00e9ster<br \/>\nAlma Central: PEAD<br \/>\nCuerpo: Asfalto Normalizado de Emapi<br \/>\nFilm Antiadherente: PEAD<\/p>\n","protected":false},"featured_media":2387,"comment_status":"open","ping_status":"closed","template":"","meta":{"spay_email":""},"class_list":["post-402","product","type-product","status-publish","has-post-thumbnail","hentry","product_cat-drills"],"_links":{"self":[{"href":"https:\/\/impertech.com.ar\/index.php\/wp-json\/wp\/v2\/product\/402","targetHints":{"allow":["GET"]}}],"collection":[{"href":"https:\/\/impertech.com.ar\/index.php\/wp-json\/wp\/v2\/product"}],"about":[{"href":"https:\/\/impertech.com.ar\/index.php\/wp-json\/wp\/v2\/types\/product"}],"replies":[{"embeddable":true,"href":"https:\/\/impertech.com.ar\/index.php\/wp-json\/wp\/v2\/comments?post=402"}],"wp:featuredmedia":[{"embeddable":true,"href":"https:\/\/impertech.com.ar\/index.php\/wp-json\/wp\/v2\/media\/2387"}],"wp:attachment":[{"href":"https:\/\/impertech.com.ar\/index.php\/wp-json\/wp\/v2\/media?parent=402"}],"curies":[{"name":"wp","href":"https:\/\/api.w.org\/{rel}","templated":true}]}}