{"id":401,"date":"2013-06-07T11:35:18","date_gmt":"2013-06-07T11:35:18","guid":{"rendered":"http:\/\/demo2.woothemes.com\/woocommerce\/?post_type=product&#038;p=90"},"modified":"2020-08-13T09:13:09","modified_gmt":"2020-08-13T12:13:09","slug":"woo-album-3","status":"publish","type":"product","link":"https:\/\/impertech.com.ar\/index.php\/producto\/woo-album-3\/","title":{"rendered":"FITAFLEX"},"content":{"rendered":"<p>FITAFLEX es una membrana asf\u00e1ltica autoadhesiva multiuso de muy alta y plural prestaci\u00f3n, que para su aplicaci\u00f3n prescinde de soplete u otros adhesivos complementarios. Se presenta en l\u00e1minas enrolladas conformadas con masa asf\u00e1ltica modificada con elast\u00f3meros sint\u00e9ticos y resinas que le confieren \u00f3ptima adherencia. Este producto combina las excelentes propiedades impermeabilizantes de los asfaltos elastom\u00e9ricos normalizados de EMAPI S.A. con los atributos del aluminio flexible compuesto por termofusi\u00f3n, incorporado a su capa de autoprotecci\u00f3n, que le brinda protecci\u00f3n a la acci\u00f3n del calor y de la incidencia de la radiaci\u00f3n UV sobre los asfaltos. Este conjunto garantiza las m\u00e1s exigentes solicitaciones en plegado, tracci\u00f3n, flexi\u00f3n y punzonado, proveyendo una barrera de protecci\u00f3n infranqueable al agua y al vapor de agua. F\u00e1cilmente aplicable, brinda en simult\u00e1neo protecci\u00f3n y refuerzo, a la vez de dar terminaci\u00f3n a los distintos sistemas de impermeabilizaci\u00f3n.<\/p>\n<p><b>SUPERFICIES BASE DE LA IMPERMEABILIZACI\u00d3N<\/b><br \/>\nLos soportes base de la impermeabilizaci\u00f3n, tanto horizontales como inclinados, de gran pendiente o abovedados, deben estar completamente secos, ser estables y de superficie homog\u00e9nea, as\u00ed como libre de cuerpos extra\u00f1os o punzo-cortantes y sin restos de aceites, grasas, mamposter\u00eda suelta, hidrocarburos, u otros materiales que puedan evitar la perfecta adherencia de la membrana y afectar la durabilidad de la misma.<\/p>\n<p><b>ALUMINIO FLEXIBLE COMPUESTO POR TERMOFUSI\u00d3N<\/b><br \/>\nEl aluminio flexible, compuesto por termofusi\u00f3n, exclusivo de las Membranas Autoprotegidas Emapi Max, es un desarrollo de \u00faltima generaci\u00f3n que expone un avance significativo sobre los convencionales compuestos anti-quiebre porque, a diferencia de los formulados con participaci\u00f3n de adherentes qu\u00edmicos, el sistema de adherencia por termofusi\u00f3n garantiza un producto de mayor facilidad en la colocaci\u00f3n (por su excelente adaptabilidad) y vida \u00fatil, brindando una alta performance a todo el sistema de impermeabilizaci\u00f3n.<\/p>\n","protected":false},"excerpt":{"rendered":"<h3>Membrana Autoadhesiva Multiuso<\/h3>\n<p><b>Presentaciones:<\/b><br \/>\nRollos de 10 cm x 25 m<br \/>\nRollos de 15 cm x 25 m<br \/>\nRollos de 20 cm x 25 m<br \/>\nCajas con rollos de 10 cm x 10 m<br \/>\nCajas con rollos de 15 cm x 10 m<br \/>\nCajas con rollos de 20 cm x 10 m<\/p>\n","protected":false},"featured_media":2389,"comment_status":"open","ping_status":"closed","template":"","meta":{"spay_email":""},"class_list":["post-401","product","type-product","status-publish","has-post-thumbnail","hentry","product_cat-drills"],"_links":{"self":[{"href":"https:\/\/impertech.com.ar\/index.php\/wp-json\/wp\/v2\/product\/401","targetHints":{"allow":["GET"]}}],"collection":[{"href":"https:\/\/impertech.com.ar\/index.php\/wp-json\/wp\/v2\/product"}],"about":[{"href":"https:\/\/impertech.com.ar\/index.php\/wp-json\/wp\/v2\/types\/product"}],"replies":[{"embeddable":true,"href":"https:\/\/impertech.com.ar\/index.php\/wp-json\/wp\/v2\/comments?post=401"}],"wp:featuredmedia":[{"embeddable":true,"href":"https:\/\/impertech.com.ar\/index.php\/wp-json\/wp\/v2\/media\/2389"}],"wp:attachment":[{"href":"https:\/\/impertech.com.ar\/index.php\/wp-json\/wp\/v2\/media?parent=401"}],"curies":[{"name":"wp","href":"https:\/\/api.w.org\/{rel}","templated":true}]}}