{"id":400,"date":"2013-06-07T11:34:14","date_gmt":"2013-06-07T11:34:14","guid":{"rendered":"http:\/\/demo2.woothemes.com\/woocommerce\/?post_type=product&#038;p=87"},"modified":"2020-08-13T09:14:50","modified_gmt":"2020-08-13T12:14:50","slug":"woo-album-2","status":"publish","type":"product","link":"https:\/\/impertech.com.ar\/index.php\/producto\/woo-album-2\/","title":{"rendered":"JOINTFLEX"},"content":{"rendered":"<p><b>Jointflex<\/b>\u00a0es un sellador asf\u00e1ltico formulado a partir de asfaltos modificados con pol\u00edmeros cuidadosamente seleccionados \u2013como<b>\u00a0SBS (Estireno-Butadieno-Estireno)<\/b>\u2013 y aditivos especiales, que garantizan fuerte adherencia, gran elasticidad y excelente recuperaci\u00f3n el\u00e1stica.<br \/>\nSe trata de productos s\u00f3lidos a temperatura ambiente, que se destacan por su gran durabilidad y resistencia a los hidrocarburos, y por su insuperable adherencia en superficies de pavimentos; brindan adecuada fluencia a temperaturas elevadas y excelente flexibilidad y menor fragilidad en condiciones de bajas temperaturas.<\/p>\n<p><b>CUALIDADES DEL PRODUCTO<\/b><br \/>\n<b>Jointflex<\/b>\u00a0posee tres caracter\u00edsticas fundamentales que lo distinguen de productos similares: adherencia, flexibilidad y memoria.<\/p>\n<p><b>ADHERENCIA<\/b><br \/>\nUna vez aplicado, este producto exhibe una excepcional adherencia, que lo hace sumamente resistente a la acci\u00f3n de golpes y dem\u00e1s agresiones producidas por el tr\u00e1nsito de camiones y veh\u00edculos en general.<\/p>\n<p><b>FLEXIBILIDAD<\/b><br \/>\nLa presencia de un sellador asf\u00e1ltico se da entre bloques de una relativa rigidez. Dichos bloques, por estar sometidos a movimientos provocados por el paso de veh\u00edculos y por los cambios de temperatura, exigen un alto \u00edndice de flexibilidad del sellador, que permita acompa\u00f1ar estos movimientos.\u00a0<b>Jointflex<\/b>\u00a0lo hace posible, gracias a sus pol\u00edmeros especialmente seleccionados.<\/p>\n<p><b>MEMORIA<\/b><br \/>\nEl uso de sellador asf\u00e1ltico implica una \u201csaliente\u201d en la superficie tratada. Dicha saliente, con el transcurso del tiempo y producto del paso de los veh\u00edculos, tiende a la deformaci\u00f3n, por lo cual es indispensable que los pol\u00edmeros modificadores le confieran a la masa asf\u00e1ltica esa cualidad de \u201cmemorizar\u201d su estructura e impedir la deformaci\u00f3n.<\/p>\n<p><b>IMPORTANCIA DEL SELLADO DE JUNTAS<\/b><br \/>\nEl sellado de juntas resulta indispensable para mantener en buen estado cualquier pavimento.<br \/>\nLa base que se encuentra por debajo del pavimento debe mantener su estado de compactaci\u00f3n, ya que \u2013de lo contrario\u2013 el agua podr\u00eda escurrirse por entre la\/s fisura\/s, provocando un deterioro paulatino de la superficie.<\/p>\n","protected":false},"excerpt":{"rendered":"<h3>Sellador Asf\u00e1ltico<\/h3>\n<p><b>Presentaci\u00f3n:<\/b><br \/>\nJOINTFLEX \/ 20 kg<br \/>\nJOINTFLEX \/ 40 kg<\/p>\n","protected":false},"featured_media":2391,"comment_status":"open","ping_status":"closed","template":"","meta":{"spay_email":""},"class_list":["post-400","product","type-product","status-publish","has-post-thumbnail","hentry","product_cat-drills"],"_links":{"self":[{"href":"https:\/\/impertech.com.ar\/index.php\/wp-json\/wp\/v2\/product\/400","targetHints":{"allow":["GET"]}}],"collection":[{"href":"https:\/\/impertech.com.ar\/index.php\/wp-json\/wp\/v2\/product"}],"about":[{"href":"https:\/\/impertech.com.ar\/index.php\/wp-json\/wp\/v2\/types\/product"}],"replies":[{"embeddable":true,"href":"https:\/\/impertech.com.ar\/index.php\/wp-json\/wp\/v2\/comments?post=400"}],"wp:featuredmedia":[{"embeddable":true,"href":"https:\/\/impertech.com.ar\/index.php\/wp-json\/wp\/v2\/media\/2391"}],"wp:attachment":[{"href":"https:\/\/impertech.com.ar\/index.php\/wp-json\/wp\/v2\/media?parent=400"}],"curies":[{"name":"wp","href":"https:\/\/api.w.org\/{rel}","templated":true}]}}