{"id":399,"date":"2013-06-07T11:33:05","date_gmt":"2013-06-07T11:33:05","guid":{"rendered":"http:\/\/demo2.woothemes.com\/woocommerce\/?post_type=product&#038;p=83"},"modified":"2020-08-13T09:16:55","modified_gmt":"2020-08-13T12:16:55","slug":"woo-album-1","status":"publish","type":"product","link":"https:\/\/impertech.com.ar\/index.php\/producto\/woo-album-1\/","title":{"rendered":"MAC\u00c1 AL"},"content":{"rendered":"<p>Pintura aluminizada desarrollada sobre base asf\u00e1ltica. Su dise\u00f1o combina las cualidades reflectantes del aluminio con las propiedades pl\u00e1sticas, selladoras y anticorrosivas de los asfaltos Emapi. Aplicada, forma una pel\u00edcula que impide el contacto directo de los rayos solares con el sustrato, evitando su deterioro. Su acci\u00f3n reflectiva contribuye a reducir la temperatura interior de los ambientes.<\/p>\n","protected":false},"excerpt":{"rendered":"<h3>Pintura Asf\u00e1ltica Aluminizada<\/h3>\n<div><b>Presentaciones:<\/b><\/div>\n<div>MAC\u00c1 AL \/ 4 litros<\/div>\n<div>MAC\u00c1 AL \/ 18 litros<\/div>\n","protected":false},"featured_media":2393,"comment_status":"open","ping_status":"closed","template":"","meta":{"spay_email":""},"class_list":["post-399","product","type-product","status-publish","has-post-thumbnail","hentry","product_cat-drills"],"_links":{"self":[{"href":"https:\/\/impertech.com.ar\/index.php\/wp-json\/wp\/v2\/product\/399","targetHints":{"allow":["GET"]}}],"collection":[{"href":"https:\/\/impertech.com.ar\/index.php\/wp-json\/wp\/v2\/product"}],"about":[{"href":"https:\/\/impertech.com.ar\/index.php\/wp-json\/wp\/v2\/types\/product"}],"replies":[{"embeddable":true,"href":"https:\/\/impertech.com.ar\/index.php\/wp-json\/wp\/v2\/comments?post=399"}],"wp:featuredmedia":[{"embeddable":true,"href":"https:\/\/impertech.com.ar\/index.php\/wp-json\/wp\/v2\/media\/2393"}],"wp:attachment":[{"href":"https:\/\/impertech.com.ar\/index.php\/wp-json\/wp\/v2\/media?parent=399"}],"curies":[{"name":"wp","href":"https:\/\/api.w.org\/{rel}","templated":true}]}}