{"id":390,"date":"2013-06-07T11:22:50","date_gmt":"2013-06-07T11:22:50","guid":{"rendered":"http:\/\/demo2.woothemes.com\/woocommerce\/?post_type=product&#038;p=67"},"modified":"2020-08-06T10:09:44","modified_gmt":"2020-08-06T13:09:44","slug":"ship-your-idea-3","status":"publish","type":"product","link":"https:\/\/impertech.com.ar\/index.php\/producto\/ship-your-idea-3\/","title":{"rendered":"MARBLE"},"content":{"rendered":"<ul class=\"columns\">\n<li class=\"col-m-6\">Disimula las imperfecciones de superficies recubiertas.<\/li>\n<li class=\"col-m-6\">Sobre grueso alisado, reemplaza al revoque fino y a la pintura, reduciendo costos de material y tiempo de mano de obra.<\/li>\n<li class=\"col-m-6\">Uso exterior e interior.<\/li>\n<li class=\"col-m-6\">Listo para usar, de f\u00e1cil y r\u00e1pida aplicaci\u00f3n.<\/li>\n<\/ul>\n","protected":false},"excerpt":{"rendered":"<p>REVESTIMIENTO ACR\u00cdLICO TRAVERTINO O RULATO<\/p>\n<p>Revestimiento pl\u00e1stico en base a resinas acr\u00edlicas, cargas minerales y pigmentos de gran resistencia a los agentes atmosf\u00e9ricos, hidrorepelente y lento envejecimiento. Una vez aplicado pueden obtenerse efectos tipo Travertino o Rulato seg\u00fan la forma de aplicaci\u00f3n.<\/p>\n","protected":false},"featured_media":2401,"comment_status":"open","ping_status":"closed","template":"","meta":{"spay_email":""},"class_list":["post-390","product","type-product","status-publish","has-post-thumbnail","hentry","product_cat-grinders"],"_links":{"self":[{"href":"https:\/\/impertech.com.ar\/index.php\/wp-json\/wp\/v2\/product\/390","targetHints":{"allow":["GET"]}}],"collection":[{"href":"https:\/\/impertech.com.ar\/index.php\/wp-json\/wp\/v2\/product"}],"about":[{"href":"https:\/\/impertech.com.ar\/index.php\/wp-json\/wp\/v2\/types\/product"}],"replies":[{"embeddable":true,"href":"https:\/\/impertech.com.ar\/index.php\/wp-json\/wp\/v2\/comments?post=390"}],"wp:featuredmedia":[{"embeddable":true,"href":"https:\/\/impertech.com.ar\/index.php\/wp-json\/wp\/v2\/media\/2401"}],"wp:attachment":[{"href":"https:\/\/impertech.com.ar\/index.php\/wp-json\/wp\/v2\/media?parent=390"}],"curies":[{"name":"wp","href":"https:\/\/api.w.org\/{rel}","templated":true}]}}