{"id":389,"date":"2013-06-07T11:12:55","date_gmt":"2013-06-07T11:12:55","guid":{"rendered":"http:\/\/demo2.woothemes.com\/woocommerce\/?post_type=product&#038;p=60"},"modified":"2020-08-06T10:12:29","modified_gmt":"2020-08-06T13:12:29","slug":"woo-logo-2","status":"publish","type":"product","link":"https:\/\/impertech.com.ar\/index.php\/producto\/woo-logo-2\/","title":{"rendered":"REVEX"},"content":{"rendered":"<p>&nbsp;<\/p>\n<ul>\n<li class=\"col-m-6\">Disimula las imperfecciones de superficies recubiertas.<\/li>\n<li class=\"col-m-6\">Sobre grueso alisado, reemplaza al revoque fino y a la pintura, reduciendo costos de material y tiempo de mano de obra.<\/li>\n<li class=\"col-m-6\">Uso exterior e interior.<\/li>\n<li class=\"col-m-6\">Listo para usar, de f\u00e1cil y r\u00e1pida aplicaci\u00f3n.<\/li>\n<\/ul>\n<p>&nbsp;<\/p>\n<p>&nbsp;<\/p>\n","protected":false},"excerpt":{"rendered":"<p>REVESTIMIENTO ACR\u00cdLICO TEXTURADO<\/p>\n<p>Revestimiento formulado en base a resinas acr\u00edlicas, aditivos plastificantes, pigmentos y cargas minerales especiales. Por su composici\u00f3n puede considerarse un producto impermeable al agua de lluvia, resistente y de \u00f3ptima flexiblilidad, que brinda excelente protecci\u00f3n contra los agentes clim\u00e1ticos.<\/p>\n","protected":false},"featured_media":2403,"comment_status":"open","ping_status":"closed","template":"","meta":{"spay_email":""},"class_list":["post-389","product","type-product","status-publish","has-post-thumbnail","hentry","product_cat-grinders"],"_links":{"self":[{"href":"https:\/\/impertech.com.ar\/index.php\/wp-json\/wp\/v2\/product\/389","targetHints":{"allow":["GET"]}}],"collection":[{"href":"https:\/\/impertech.com.ar\/index.php\/wp-json\/wp\/v2\/product"}],"about":[{"href":"https:\/\/impertech.com.ar\/index.php\/wp-json\/wp\/v2\/types\/product"}],"replies":[{"embeddable":true,"href":"https:\/\/impertech.com.ar\/index.php\/wp-json\/wp\/v2\/comments?post=389"}],"wp:featuredmedia":[{"embeddable":true,"href":"https:\/\/impertech.com.ar\/index.php\/wp-json\/wp\/v2\/media\/2403"}],"wp:attachment":[{"href":"https:\/\/impertech.com.ar\/index.php\/wp-json\/wp\/v2\/media?parent=389"}],"curies":[{"name":"wp","href":"https:\/\/api.w.org\/{rel}","templated":true}]}}