{"id":387,"date":"2013-06-07T11:05:37","date_gmt":"2013-06-07T11:05:37","guid":{"rendered":"http:\/\/demo2.woothemes.com\/woocommerce\/?post_type=product&#038;p=53"},"modified":"2020-08-06T10:41:27","modified_gmt":"2020-08-06T13:41:27","slug":"happy-ninja-2","status":"publish","type":"product","link":"https:\/\/impertech.com.ar\/index.php\/producto\/happy-ninja-2\/","title":{"rendered":"REVOQUE PL\u00c1STICO FINO FLEXIBLE"},"content":{"rendered":"<ul class=\"columns\">\n<li class=\"col-m-6\">Disimula las imperfecciones de superficies recubiertas.<\/li>\n<li class=\"col-m-6\">Sobre grueso alisado, reemplaza al revoque fino y a la pintura, reduciendo costos de material y tiempo de mano de obra.<\/li>\n<li class=\"col-m-6\">Uso exterior e interior.<\/li>\n<li class=\"col-m-6\">Listo para usar, de f\u00e1cil y r\u00e1pida aplicaci\u00f3n.<\/li>\n<\/ul>\n","protected":false},"excerpt":{"rendered":"<p>En obra nueva, mantenimiento o refacci\u00f3n, brinda la m\u00e1xima protecci\u00f3n decorativa para paredes exteriores.<\/p>\n","protected":false},"featured_media":2405,"comment_status":"open","ping_status":"closed","template":"","meta":{"spay_email":""},"class_list":["post-387","product","type-product","status-publish","has-post-thumbnail","hentry","product_cat-grinders"],"_links":{"self":[{"href":"https:\/\/impertech.com.ar\/index.php\/wp-json\/wp\/v2\/product\/387","targetHints":{"allow":["GET"]}}],"collection":[{"href":"https:\/\/impertech.com.ar\/index.php\/wp-json\/wp\/v2\/product"}],"about":[{"href":"https:\/\/impertech.com.ar\/index.php\/wp-json\/wp\/v2\/types\/product"}],"replies":[{"embeddable":true,"href":"https:\/\/impertech.com.ar\/index.php\/wp-json\/wp\/v2\/comments?post=387"}],"wp:featuredmedia":[{"embeddable":true,"href":"https:\/\/impertech.com.ar\/index.php\/wp-json\/wp\/v2\/media\/2405"}],"wp:attachment":[{"href":"https:\/\/impertech.com.ar\/index.php\/wp-json\/wp\/v2\/media?parent=387"}],"curies":[{"name":"wp","href":"https:\/\/api.w.org\/{rel}","templated":true}]}}