{"id":385,"date":"2013-06-07T11:02:31","date_gmt":"2013-06-07T11:02:31","guid":{"rendered":"http:\/\/demo2.woothemes.com\/woocommerce\/?post_type=product&#038;p=47"},"modified":"2020-08-06T10:46:27","modified_gmt":"2020-08-06T13:46:27","slug":"woo-ninja-2","status":"publish","type":"product","link":"https:\/\/impertech.com.ar\/index.php\/producto\/woo-ninja-2\/","title":{"rendered":"BASE PARA TEXTURADOS"},"content":{"rendered":"<ul class=\"columns\">\n<li class=\"col-m-6\">Disimula las imperfecciones de superficies recubiertas.<\/li>\n<li class=\"col-m-6\">Uso exterior e interior.<\/li>\n<li class=\"col-m-6\">Listo para usar, de f\u00e1cil y r\u00e1pida aplicaci\u00f3n.<\/li>\n<li class=\"col-m-6\">Impermeable y de gran resistencia a todo tipo de agentes atmosf\u00e9ricos y condiciones clim\u00e1ticas.<\/li>\n<\/ul>\n","protected":false},"excerpt":{"rendered":"<p>Desarrollado para acondicionar y preparar sustratos en donde se vaya a aplicar revestimientos acr\u00edlicos como terminaci\u00f3n. De muy f\u00e1cil aplicaci\u00f3n, forma una pel\u00edcula mate de textura extra fina, brindando mayor anclaje al revestimiento a aplicar.<\/p>\n","protected":false},"featured_media":2408,"comment_status":"open","ping_status":"closed","template":"","meta":{"spay_email":""},"class_list":["post-385","product","type-product","status-publish","has-post-thumbnail","hentry","product_cat-grinders"],"_links":{"self":[{"href":"https:\/\/impertech.com.ar\/index.php\/wp-json\/wp\/v2\/product\/385","targetHints":{"allow":["GET"]}}],"collection":[{"href":"https:\/\/impertech.com.ar\/index.php\/wp-json\/wp\/v2\/product"}],"about":[{"href":"https:\/\/impertech.com.ar\/index.php\/wp-json\/wp\/v2\/types\/product"}],"replies":[{"embeddable":true,"href":"https:\/\/impertech.com.ar\/index.php\/wp-json\/wp\/v2\/comments?post=385"}],"wp:featuredmedia":[{"embeddable":true,"href":"https:\/\/impertech.com.ar\/index.php\/wp-json\/wp\/v2\/media\/2408"}],"wp:attachment":[{"href":"https:\/\/impertech.com.ar\/index.php\/wp-json\/wp\/v2\/media?parent=385"}],"curies":[{"name":"wp","href":"https:\/\/api.w.org\/{rel}","templated":true}]}}