{"id":3030,"date":"2020-08-28T16:48:38","date_gmt":"2020-08-28T19:48:38","guid":{"rendered":"http:\/\/alnacoriocuarto.esy.es\/?post_type=product&#038;p=3030"},"modified":"2020-08-28T16:50:21","modified_gmt":"2020-08-28T19:50:21","slug":"fieltro-liviano","status":"publish","type":"product","link":"https:\/\/impertech.com.ar\/index.php\/producto\/fieltro-liviano\/","title":{"rendered":"Fieltro Liviano"},"content":{"rendered":"<h3>USOS PRINCIPALES<\/h3>\n<div class=\"col-xs-12\">\n<div class=\"panel-pane pane-entity-field pane-node-field-commons-txt-teaser pane pane-entity-field pane-field_commons_txt_teaser\">\n<div class=\"pane-content\">\n<div class=\"field field-name-field-commons-txt-teaser field-type-text-long field-label-hidden\">\n<div class=\"field-item\">Fieltro de Lana de vidrio Isover sin revestimiento.<\/div>\n<\/div>\n<\/div>\n<\/div>\n<\/div>\n<div class=\"col-xs-12\">\n<div class=\"panel-pane pane-panel-product-slider-benefits pane pane-panel-product-slider-benefits\">\n<div class=\"pane-content\">\n<div class=\"row\">\n<div class=\"slider col-xs-12\">\n<div class=\"field field-name-field-product-er-images field-type-entityreference field-label-hidden\">\n<div class=\"bx-wrapper\">\n<div class=\"bx-viewport\">\n<div class=\"field-items isvr-product-slider-processed\">\n<div class=\"field-item odd bx-clone\">\n<div class=\"asset-wrapper asset aid-1286 asset-image default asset-image-width-processed\">\n<div class=\"field field-name-field-asset-image field-type-image field-label-hidden\">\n<div class=\"field-items\"><\/div>\n<\/div>\n<\/div>\n<\/div>\n<\/div>\n<\/div>\n<\/div>\n<\/div>\n<\/div>\n<\/div>\n<\/div>\n<\/div>\n<\/div>\n<ul>\n<li class=\"field-item even\">Bajo coeficiente de conductividad.<\/li>\n<li class=\"field-item odd\">Coeficiente constante.<\/li>\n<li class=\"field-item even\">Contribuye al ahorro energ\u00e9tico<\/li>\n<li class=\"field-item odd\">F\u00e1cil de cortar e instalar<\/li>\n<li class=\"field-item even\">No es corrosiva<\/li>\n<li class=\"field-item odd\">Reduce las emisiones de CO2 durante el uso del inmueble<\/li>\n<\/ul>\n","protected":false},"excerpt":{"rendered":"<p>El proceso hidrorepelente, le otorga un importante atributo a la lana de\u00a0vidrio ISOVER, manteniendo inalterable sus propiedades t\u00e9rmicas,\u00a0ac\u00fasticas y de protecci\u00f3n al fuego ante cualquier filtraci\u00f3n de agua.<\/p>\n","protected":false},"featured_media":3031,"comment_status":"open","ping_status":"closed","template":"","meta":{"spay_email":""},"class_list":["post-3030","product","type-product","status-publish","has-post-thumbnail","hentry","product_cat-isover"],"_links":{"self":[{"href":"https:\/\/impertech.com.ar\/index.php\/wp-json\/wp\/v2\/product\/3030","targetHints":{"allow":["GET"]}}],"collection":[{"href":"https:\/\/impertech.com.ar\/index.php\/wp-json\/wp\/v2\/product"}],"about":[{"href":"https:\/\/impertech.com.ar\/index.php\/wp-json\/wp\/v2\/types\/product"}],"replies":[{"embeddable":true,"href":"https:\/\/impertech.com.ar\/index.php\/wp-json\/wp\/v2\/comments?post=3030"}],"wp:featuredmedia":[{"embeddable":true,"href":"https:\/\/impertech.com.ar\/index.php\/wp-json\/wp\/v2\/media\/3031"}],"wp:attachment":[{"href":"https:\/\/impertech.com.ar\/index.php\/wp-json\/wp\/v2\/media?parent=3030"}],"curies":[{"name":"wp","href":"https:\/\/api.w.org\/{rel}","templated":true}]}}