{"id":3026,"date":"2020-08-28T16:44:38","date_gmt":"2020-08-28T19:44:38","guid":{"rendered":"http:\/\/alnacoriocuarto.esy.es\/?post_type=product&#038;p=3026"},"modified":"2020-08-28T16:46:30","modified_gmt":"2020-08-28T19:46:30","slug":"fieltro-tensado-polipropileno-blanco","status":"publish","type":"product","link":"https:\/\/impertech.com.ar\/index.php\/producto\/fieltro-tensado-polipropileno-blanco\/","title":{"rendered":"Fieltro Tensado Polipropileno Blanco"},"content":{"rendered":"<h3>USOS PRINCIPALES<\/h3>\n<p>Aislamiento t\u00e9rmico y ac\u00fastico de cubiertas y muros en edificios livianos a base de cerramientos met\u00e1licos y\/o fibrocemento.<br \/>\nEl fieltro se instala entre la estructura met\u00e1lica y las chapas, no requiriendo ning\u00fan trabajo adiciona.<\/p>\n<ul>\n<li class=\"field-item even\">Bajo coeficiente de conductividad.<\/li>\n<li class=\"field-item odd\">Coeficiente constante.<\/li>\n<li class=\"field-item even\">Contribuye al ahorro energ\u00e9tico.<\/li>\n<li class=\"field-item odd\">Seguridad frente al fuego.<\/li>\n<li class=\"field-item even\">Barrera de vapor de alta performance.<\/li>\n<li class=\"field-item odd\">Excelente aislante ac\u00fastico y fonoabsorbente.<\/li>\n<li class=\"field-item even\">F\u00e1cil de cortar e instalar.<\/li>\n<li class=\"field-item odd\">No es corrosiva.<\/li>\n<li class=\"field-item even\">Su elasticidad permite rellenar y acomodarse bien a los espacios peque\u00f1os.<\/li>\n<li class=\"field-item odd\">Producto sustentable.<\/li>\n<li class=\"field-item even\">Por su compresibilidad permite reducir costos de transporte y almacenamiento.<\/li>\n<\/ul>\n","protected":false},"excerpt":{"rendered":"<p>Aislante a base de lana de vidrio hidrorepelente Isover G3, revestido en una de sus caras con un complejo de Polipropileno Blanco, hilos de vidrio (que actuan como refuerzo) y papel kraft, que en conjunto actuan como barrera de vapor. Posee una solapa de\u00a010 cm\u00a0para dar continuidad a la barrera de vapor\u00a0evitando el paso del vapor.<\/p>\n","protected":false},"featured_media":3027,"comment_status":"open","ping_status":"closed","template":"","meta":{"spay_email":""},"class_list":["post-3026","product","type-product","status-publish","has-post-thumbnail","hentry","product_cat-isover"],"_links":{"self":[{"href":"https:\/\/impertech.com.ar\/index.php\/wp-json\/wp\/v2\/product\/3026","targetHints":{"allow":["GET"]}}],"collection":[{"href":"https:\/\/impertech.com.ar\/index.php\/wp-json\/wp\/v2\/product"}],"about":[{"href":"https:\/\/impertech.com.ar\/index.php\/wp-json\/wp\/v2\/types\/product"}],"replies":[{"embeddable":true,"href":"https:\/\/impertech.com.ar\/index.php\/wp-json\/wp\/v2\/comments?post=3026"}],"wp:featuredmedia":[{"embeddable":true,"href":"https:\/\/impertech.com.ar\/index.php\/wp-json\/wp\/v2\/media\/3027"}],"wp:attachment":[{"href":"https:\/\/impertech.com.ar\/index.php\/wp-json\/wp\/v2\/media?parent=3026"}],"curies":[{"name":"wp","href":"https:\/\/api.w.org\/{rel}","templated":true}]}}