{"id":3020,"date":"2020-08-28T16:33:11","date_gmt":"2020-08-28T19:33:11","guid":{"rendered":"http:\/\/alnacoriocuarto.esy.es\/?post_type=product&#038;p=3020"},"modified":"2020-08-28T16:35:53","modified_gmt":"2020-08-28T19:35:53","slug":"rolac-plata-cubierta-hidrorepelente","status":"publish","type":"product","link":"https:\/\/impertech.com.ar\/index.php\/producto\/rolac-plata-cubierta-hidrorepelente\/","title":{"rendered":"Rolac Plata Cubierta Hidrorepelente"},"content":{"rendered":"<h3>USOS PRINCIPALES<\/h3>\n<p>Aislante de lana de vidrio Isover hidrorepelente revestido en una de sus caras con un complejo de foil de aluminio que act\u00faa como barrera de vapor, para ser instalado en cubiertas met\u00e1licas sobre machimbre.<\/p>\n<ul>\n<li class=\"field-item even\">Alto nivel de aislaci\u00f3n t\u00e9rmica, ac\u00fastica.<\/li>\n<li class=\"field-item odd\">Control de la condensaci\u00f3n (superficial e intersticial)<\/li>\n<li class=\"field-item even\">100% Incombustible.<\/li>\n<li class=\"field-item odd\">Solapa longitudinal que asegura la continuidad de la barrera de vapor.<\/li>\n<li class=\"field-item even\">Liviano<\/li>\n<li class=\"field-item odd\">Suave al Tacto<\/li>\n<li class=\"field-item even\">F\u00e1cil de cortar.<\/li>\n<li class=\"field-item odd\">Flexible.<\/li>\n<\/ul>\n","protected":false},"excerpt":{"rendered":"<p>Es el \u00fanico producto que re\u00fane en un solo material aislamiento t\u00e9rmico, absorci\u00f3n ac\u00fastica, barrera de vapor acorde con las condiciones, soluciones constructivas utilizadas com\u00fanmente y seguro frente al fuego (INCOMBUSTIBLE).<\/p>\n","protected":false},"featured_media":3021,"comment_status":"open","ping_status":"closed","template":"","meta":{"spay_email":""},"class_list":["post-3020","product","type-product","status-publish","has-post-thumbnail","hentry","product_cat-isover"],"_links":{"self":[{"href":"https:\/\/impertech.com.ar\/index.php\/wp-json\/wp\/v2\/product\/3020","targetHints":{"allow":["GET"]}}],"collection":[{"href":"https:\/\/impertech.com.ar\/index.php\/wp-json\/wp\/v2\/product"}],"about":[{"href":"https:\/\/impertech.com.ar\/index.php\/wp-json\/wp\/v2\/types\/product"}],"replies":[{"embeddable":true,"href":"https:\/\/impertech.com.ar\/index.php\/wp-json\/wp\/v2\/comments?post=3020"}],"wp:featuredmedia":[{"embeddable":true,"href":"https:\/\/impertech.com.ar\/index.php\/wp-json\/wp\/v2\/media\/3021"}],"wp:attachment":[{"href":"https:\/\/impertech.com.ar\/index.php\/wp-json\/wp\/v2\/media?parent=3020"}],"curies":[{"name":"wp","href":"https:\/\/api.w.org\/{rel}","templated":true}]}}