{"id":3018,"date":"2020-08-28T16:26:26","date_gmt":"2020-08-28T19:26:26","guid":{"rendered":"http:\/\/alnacoriocuarto.esy.es\/?post_type=product&#038;p=3018"},"modified":"2020-08-28T16:32:37","modified_gmt":"2020-08-28T19:32:37","slug":"bajo-teja-hidrorrepelente","status":"publish","type":"product","link":"https:\/\/impertech.com.ar\/index.php\/producto\/bajo-teja-hidrorrepelente\/","title":{"rendered":"Bajo Teja Hidrorrepelente"},"content":{"rendered":"<h3>USOS PRINCIPALES<\/h3>\n<p>Aislamiento t\u00e9rmico y ac\u00fastico, para ser instalado entre clavaderas, sobre\u00a0el machimbre y por debajo de las tejas cer\u00e1micas.<\/p>\n<ul>\n<li class=\"field-item even\">Bajo coeficiente de conductividad.<\/li>\n<li class=\"field-item odd\">Coeficiente constante.<\/li>\n<li class=\"field-item even\">Mantiene la temperatura constante en el interior, m\u00e1s fresca en verano y m\u00e1s c\u00e1lida en invierno<\/li>\n<li class=\"field-item odd\">Seguridad frente al fuego<\/li>\n<li class=\"field-item even\">Excelente aislante ac\u00fastico y fonoabsorbente.<\/li>\n<li class=\"field-item odd\">F\u00e1cil de cortar e instalar<\/li>\n<li class=\"field-item even\">No es corrosiva<\/li>\n<li class=\"field-item odd\">Por su compresibilidad permite reducir costos de transporte, almacenamiento y las emisiones de CO2.<\/li>\n<\/ul>\n","protected":false},"excerpt":{"rendered":"<p>Aislante de lana de vidrio hidrorrepelente ISOVER, hidrorepelente, el agua y la humedad no lo afectan.<\/p>\n","protected":false},"featured_media":3019,"comment_status":"open","ping_status":"closed","template":"","meta":{"spay_email":""},"class_list":["post-3018","product","type-product","status-publish","has-post-thumbnail","hentry","product_cat-isover"],"_links":{"self":[{"href":"https:\/\/impertech.com.ar\/index.php\/wp-json\/wp\/v2\/product\/3018","targetHints":{"allow":["GET"]}}],"collection":[{"href":"https:\/\/impertech.com.ar\/index.php\/wp-json\/wp\/v2\/product"}],"about":[{"href":"https:\/\/impertech.com.ar\/index.php\/wp-json\/wp\/v2\/types\/product"}],"replies":[{"embeddable":true,"href":"https:\/\/impertech.com.ar\/index.php\/wp-json\/wp\/v2\/comments?post=3018"}],"wp:featuredmedia":[{"embeddable":true,"href":"https:\/\/impertech.com.ar\/index.php\/wp-json\/wp\/v2\/media\/3019"}],"wp:attachment":[{"href":"https:\/\/impertech.com.ar\/index.php\/wp-json\/wp\/v2\/media?parent=3018"}],"curies":[{"name":"wp","href":"https:\/\/api.w.org\/{rel}","templated":true}]}}