{"id":2554,"date":"2020-08-13T16:34:23","date_gmt":"2020-08-13T19:34:23","guid":{"rendered":"http:\/\/alnacoriocuarto.esy.es\/?post_type=product&#038;p=2554"},"modified":"2020-08-13T16:37:28","modified_gmt":"2020-08-13T19:37:28","slug":"sellaphalt","status":"publish","type":"product","link":"https:\/\/impertech.com.ar\/index.php\/producto\/sellaphalt\/","title":{"rendered":"SELLAPHALT"},"content":{"rendered":"<p><span class=\"bold\">SA20 &#8211; SA30<\/span><br \/>\n\u2022 Elaborados con pol\u00edmeros SBS y agregados minerales.<\/p>\n<p><span class=\"bold\">SA40 &#8211; SA50 &#8211; SA60<\/span><br \/>\n\u2022 Elaborados con pol\u00edmeros SBS.<\/p>\n<p><span class=\"bold\">SA20 &#8211; SA30 &#8211; SA40 &#8211; SA50 &#8211; SA60<\/span><br \/>\n\u2022 Gran elasticidad y excelente recuperaci\u00f3n el\u00e1stica.<br \/>\n\u2022 Fuerte adhesividad.<br \/>\n\u2022 Buena durabilidad y resistencia a los hidrocarburos.<br \/>\n\u2022 Adecuada fluencia a temperaturas elevadas.<br \/>\n\u2022 Excelente flexibilidad y menor fragilidad a bajas temperaturas.<\/p>\n<div class=\"vc_text_separator\"><\/div>\n<h3>USOS PRINCIPALES<\/h3>\n<p><span class=\"bold\">Sellaphalt SA20<\/span><br \/>\n\u2022 Sellado de Juntas Anchas (Juntas de puente) en clima c\u00e1lido.<\/p>\n<p><span class=\"bold\">Sellaphalt SA30<\/span><br \/>\n\u2022 Sellado de Juntas Anchas (Juntas de puente) en clima templado.<\/p>\n<p><span class=\"bold\">Sellaphalt SA40<\/span><br \/>\n\u2022 Sellado de juntas, grietas y fisuras en pavimentos r\u00edgidos y flexibles en climas templado.<\/p>\n<p><span class=\"bold\">Sellaphalt SA50<\/span><br \/>\n\u2022 Sellado de juntas, grietas y fisuras en pavimentos r\u00edgidos y flexibles en climas c\u00e1lido.<\/p>\n<p><span class=\"bold\">Sellaphalt SA60<\/span><br \/>\n\u2022 Sellado de juntas, grietas y fisuras en pavimentos r\u00edgidos y flexibles en climas frio de gran amplitud t\u00e9rmica.<br \/>\n\u2022 Tratamiento de Grietas y\/o Fisuras Antirreflexivas en todo tipo de clima.<br \/>\n\u2022 Sellado de Juntas de Hormig\u00f3n en clima fr\u00edo o de gran amplitud t\u00e9rmica<\/p>\n","protected":false},"excerpt":{"rendered":"<p>Son asfaltos elastom\u00e9ricos, elaborados a partir de la modificaci\u00f3n de cementos asf\u00e1lticos seleccionados con pol\u00edmeros SBS (Estireno-Butadieno-Estireno) y aditivos especiales. Bajo normas IRAM 6838.<\/p>\n","protected":false},"featured_media":2555,"comment_status":"open","ping_status":"closed","template":"","meta":{"spay_email":""},"class_list":["post-2554","product","type-product","status-publish","has-post-thumbnail","hentry","product_cat-fca-asfalto-argentina"],"_links":{"self":[{"href":"https:\/\/impertech.com.ar\/index.php\/wp-json\/wp\/v2\/product\/2554","targetHints":{"allow":["GET"]}}],"collection":[{"href":"https:\/\/impertech.com.ar\/index.php\/wp-json\/wp\/v2\/product"}],"about":[{"href":"https:\/\/impertech.com.ar\/index.php\/wp-json\/wp\/v2\/types\/product"}],"replies":[{"embeddable":true,"href":"https:\/\/impertech.com.ar\/index.php\/wp-json\/wp\/v2\/comments?post=2554"}],"wp:featuredmedia":[{"embeddable":true,"href":"https:\/\/impertech.com.ar\/index.php\/wp-json\/wp\/v2\/media\/2555"}],"wp:attachment":[{"href":"https:\/\/impertech.com.ar\/index.php\/wp-json\/wp\/v2\/media?parent=2554"}],"curies":[{"name":"wp","href":"https:\/\/api.w.org\/{rel}","templated":true}]}}