{"id":2552,"date":"2020-08-13T16:31:35","date_gmt":"2020-08-13T19:31:35","guid":{"rendered":"http:\/\/alnacoriocuarto.esy.es\/?post_type=product&#038;p=2552"},"modified":"2020-08-13T16:34:17","modified_gmt":"2020-08-13T19:34:17","slug":"bitufix-c","status":"publish","type":"product","link":"https:\/\/impertech.com.ar\/index.php\/producto\/bitufix-c\/","title":{"rendered":"BITUFIX C"},"content":{"rendered":"<p>\u2022 Material monocomponente.<br \/>\n\u2022 Fuerte adhesividad sobre superficies de asfalto u hormig\u00f3n.<br \/>\n\u2022 R\u00e1pida apertura al tr\u00e1fico luego de su aplicaci\u00f3n.<br \/>\n\u2022 Buena durabilidad y resistencia a los hidrocarburos.<br \/>\n\u2022 Gran elasticidad, adecuada fluencia y excelente flexibilidad<\/p>\n<h3>USOS PRINCIPALES<\/h3>\n<p>\u2022 Pegado de tachas para demarcaci\u00f3n vial.<\/p>\n","protected":false},"excerpt":{"rendered":"<p>Son asfaltos elastom\u00e9ricos, elaborados a partir de la modificaci\u00f3n de cementos asf\u00e1lticos seleccionados con pol\u00edmeros SBS (Estireno-Butadieno-Estireno), \u00a0aditivos especiales \u00a0y agregados minerales.<\/p>\n","protected":false},"featured_media":2553,"comment_status":"open","ping_status":"closed","template":"","meta":{"spay_email":""},"class_list":["post-2552","product","type-product","status-publish","has-post-thumbnail","hentry","product_cat-fca-asfalto-argentina"],"_links":{"self":[{"href":"https:\/\/impertech.com.ar\/index.php\/wp-json\/wp\/v2\/product\/2552","targetHints":{"allow":["GET"]}}],"collection":[{"href":"https:\/\/impertech.com.ar\/index.php\/wp-json\/wp\/v2\/product"}],"about":[{"href":"https:\/\/impertech.com.ar\/index.php\/wp-json\/wp\/v2\/types\/product"}],"replies":[{"embeddable":true,"href":"https:\/\/impertech.com.ar\/index.php\/wp-json\/wp\/v2\/comments?post=2552"}],"wp:featuredmedia":[{"embeddable":true,"href":"https:\/\/impertech.com.ar\/index.php\/wp-json\/wp\/v2\/media\/2553"}],"wp:attachment":[{"href":"https:\/\/impertech.com.ar\/index.php\/wp-json\/wp\/v2\/media?parent=2552"}],"curies":[{"name":"wp","href":"https:\/\/api.w.org\/{rel}","templated":true}]}}