{"id":2548,"date":"2020-08-13T16:23:07","date_gmt":"2020-08-13T19:23:07","guid":{"rendered":"http:\/\/alnacoriocuarto.esy.es\/?post_type=product&#038;p=2548"},"modified":"2020-08-13T16:25:51","modified_gmt":"2020-08-13T19:25:51","slug":"oxiphalt","status":"publish","type":"product","link":"https:\/\/impertech.com.ar\/index.php\/producto\/oxiphalt\/","title":{"rendered":"OXIPHALT"},"content":{"rendered":"<p>\u2022 Aumento de viscosidad<br \/>\n\u2022 Mayor resistencia a altas temperaturas<br \/>\n\u2022 Alta resistencia a la acci\u00f3n de la mayor\u00eda de \u00e1cidos, sales y alcoholes<br \/>\n\u2022 Menor susceptibilidad t\u00e9rmica<\/p>\n<h3>USOS PRINCIPALES<\/h3>\n<p><span class=\"bold\">OxiPhalt 50\/60:<\/span><br \/>\n\u2022 Pegado de aislantes en c\u00e1maras frigor\u00edficas<\/p>\n<p><span class=\"bold\">OxiPhalt 95\/30:<\/span><br \/>\n\u2022 Elaboraci\u00f3n de selladores de bater\u00edas<br \/>\n\u2022 Protecci\u00f3n anticorrosiva de estructuras met\u00e1licas y tanques enterrados.<\/p>\n<p><span class=\"bold\">OxiPhalt 100\/15:<\/span><br \/>\n\u2022 Elaboraci\u00f3n de antiruidos para la industria automotriz<br \/>\n\u2022 Elaboraci\u00f3n de pinturas, pigmentos y tintas<br \/>\n\u2022 Industria de la goma y neum\u00e1ticos<br \/>\n\u2022 Impregnaci\u00f3n de papel, cart\u00f3n y fieltros<\/p>\n","protected":false},"excerpt":{"rendered":"<p>Asfaltos elaborados a partir de cementos asf\u00e1lticos y\/o bases asf\u00e1lticas seleccio- nadas. Se les insufla a altas temperaturas una corriente de aire controlada, logrando un amplio espectro de puntos de ablandamiento y penetraciones, especificados para una gran variedad de productos de uso industrial y especial.<\/p>\n","protected":false},"featured_media":2549,"comment_status":"open","ping_status":"closed","template":"","meta":{"spay_email":""},"class_list":["post-2548","product","type-product","status-publish","has-post-thumbnail","hentry","product_cat-fca-asfalto-argentina"],"_links":{"self":[{"href":"https:\/\/impertech.com.ar\/index.php\/wp-json\/wp\/v2\/product\/2548","targetHints":{"allow":["GET"]}}],"collection":[{"href":"https:\/\/impertech.com.ar\/index.php\/wp-json\/wp\/v2\/product"}],"about":[{"href":"https:\/\/impertech.com.ar\/index.php\/wp-json\/wp\/v2\/types\/product"}],"replies":[{"embeddable":true,"href":"https:\/\/impertech.com.ar\/index.php\/wp-json\/wp\/v2\/comments?post=2548"}],"wp:featuredmedia":[{"embeddable":true,"href":"https:\/\/impertech.com.ar\/index.php\/wp-json\/wp\/v2\/media\/2549"}],"wp:attachment":[{"href":"https:\/\/impertech.com.ar\/index.php\/wp-json\/wp\/v2\/media?parent=2548"}],"curies":[{"name":"wp","href":"https:\/\/api.w.org\/{rel}","templated":true}]}}