{"id":2546,"date":"2020-08-13T16:20:19","date_gmt":"2020-08-13T19:20:19","guid":{"rendered":"http:\/\/alnacoriocuarto.esy.es\/?post_type=product&#038;p=2546"},"modified":"2025-05-18T15:47:58","modified_gmt":"2025-05-18T18:47:58","slug":"primer-a","status":"publish","type":"product","link":"https:\/\/impertech.com.ar\/index.php\/producto\/primer-a\/","title":{"rendered":"PRIMER A"},"content":{"rendered":"<p>\u2022 Secado r\u00e1pido<br \/>\n\u2022\u00a0Deja una pel\u00edcula flexible de gran resistencia y muy buena adherencia.<br \/>\n\u2022\u00a0Larga duraci\u00f3n<\/p>\n<h3>Usos principales<\/h3>\n<div>\n<p>\u2022 Protecci\u00f3n anticorrosiva de ca\u00f1os, chapas y estructuras met\u00e1licas\u00a0expuestas a la intemperie o en instalaciones subterr\u00e1neas.<br \/>\n\u2022\u00a0Imprimadora de techados.<br \/>\n\u2022\u00a0Impermeabilizadora de postes y maderas en general.<br \/>\n\u2022 Cumple con las especificaciones de primer exigida por la Norma RAM\u00a0 6646, para la construcci\u00f3n y eparaci\u00f3n de gasoductos o redes de\u00a0 distribuci\u00f3n de gas natural.<\/p>\n<\/div>\n","protected":false},"excerpt":{"rendered":"<p>Es una soluci\u00f3n de un asfalto oxidado, en un solvente vol\u00e1til derivado del petr\u00f3leo.<\/p>\n","protected":false},"featured_media":2547,"comment_status":"open","ping_status":"closed","template":"","meta":{"spay_email":""},"class_list":["post-2546","product","type-product","status-publish","has-post-thumbnail","hentry","product_cat-fca-asfalto-argentina"],"_links":{"self":[{"href":"https:\/\/impertech.com.ar\/index.php\/wp-json\/wp\/v2\/product\/2546","targetHints":{"allow":["GET"]}}],"collection":[{"href":"https:\/\/impertech.com.ar\/index.php\/wp-json\/wp\/v2\/product"}],"about":[{"href":"https:\/\/impertech.com.ar\/index.php\/wp-json\/wp\/v2\/types\/product"}],"replies":[{"embeddable":true,"href":"https:\/\/impertech.com.ar\/index.php\/wp-json\/wp\/v2\/comments?post=2546"}],"wp:featuredmedia":[{"embeddable":true,"href":"https:\/\/impertech.com.ar\/index.php\/wp-json\/wp\/v2\/media\/2547"}],"wp:attachment":[{"href":"https:\/\/impertech.com.ar\/index.php\/wp-json\/wp\/v2\/media?parent=2546"}],"curies":[{"name":"wp","href":"https:\/\/api.w.org\/{rel}","templated":true}]}}