{"id":2542,"date":"2020-08-13T15:10:07","date_gmt":"2020-08-13T18:10:07","guid":{"rendered":"http:\/\/alnacoriocuarto.esy.es\/?post_type=product&#038;p=2542"},"modified":"2020-08-13T16:27:34","modified_gmt":"2020-08-13T19:27:34","slug":"poliprimer","status":"publish","type":"product","link":"https:\/\/impertech.com.ar\/index.php\/producto\/poliprimer\/","title":{"rendered":"POLIPRIMER"},"content":{"rendered":"<p>\u2022 Secado r\u00e1pido<br \/>\n\u2022 Viscosidad adecuada<br \/>\n\u2022 Formaci\u00f3n de una pel\u00edcula de gran flexibilidad, elasticidad, sumamente adhesiva, de alta resistencia y duraci\u00f3n<\/p>\n<h3>Usos principales<\/h3>\n<div>\n<p>\u2022 Imprimador previo al sellado de juntas de dilataci\u00f3n, grietas y fisuras con selladores asf\u00e1lticos modificados con pol\u00edmeros SBS.<br \/>\n\u2022 Primer protector de alta exigencia contra la corrosi\u00f3n atmosf\u00e9rica.<br \/>\n\u2022 Imprimador base para la colocaci\u00f3n de cintas protectoras autoadhesivas en tuber\u00edas de acero.<br \/>\n\u2022 Puente de adherencia para trabajos de demarcaci\u00f3n horizontal vial.<br \/>\n\u2022 Imprimador previo a la utilizaci\u00f3n de asfaltos modificados con pol\u00edmeros.<\/p>\n<\/div>\n","protected":false},"excerpt":{"rendered":"<p>Es una soluci\u00f3n de un asfalto modificado con pol\u00edmeros SBS (Estireno-Butadieno-Estireno), en un solvente vol\u00e1til derivado del petr\u00f3leo.<\/p>\n","protected":false},"featured_media":2545,"comment_status":"open","ping_status":"closed","template":"","meta":{"spay_email":""},"class_list":["post-2542","product","type-product","status-publish","has-post-thumbnail","hentry","product_cat-fca-asfalto-argentina"],"_links":{"self":[{"href":"https:\/\/impertech.com.ar\/index.php\/wp-json\/wp\/v2\/product\/2542","targetHints":{"allow":["GET"]}}],"collection":[{"href":"https:\/\/impertech.com.ar\/index.php\/wp-json\/wp\/v2\/product"}],"about":[{"href":"https:\/\/impertech.com.ar\/index.php\/wp-json\/wp\/v2\/types\/product"}],"replies":[{"embeddable":true,"href":"https:\/\/impertech.com.ar\/index.php\/wp-json\/wp\/v2\/comments?post=2542"}],"wp:featuredmedia":[{"embeddable":true,"href":"https:\/\/impertech.com.ar\/index.php\/wp-json\/wp\/v2\/media\/2545"}],"wp:attachment":[{"href":"https:\/\/impertech.com.ar\/index.php\/wp-json\/wp\/v2\/media?parent=2542"}],"curies":[{"name":"wp","href":"https:\/\/api.w.org\/{rel}","templated":true}]}}