{"id":2540,"date":"2020-08-13T15:03:32","date_gmt":"2020-08-13T18:03:32","guid":{"rendered":"http:\/\/alnacoriocuarto.esy.es\/?post_type=product&#038;p=2540"},"modified":"2020-08-13T16:26:32","modified_gmt":"2020-08-13T19:26:32","slug":"bitufill","status":"publish","type":"product","link":"https:\/\/impertech.com.ar\/index.php\/producto\/bitufill\/","title":{"rendered":"BITUFILL"},"content":{"rendered":"<p>\u2022 Gran resistencia a la deformaci\u00f3n a elevadas temperaturas.<br \/>\n\u2022 Mayor peso espec\u00edfico que un asfalto oxidado convencional.<\/p>\n<h3>Usos principales<\/h3>\n<div>\n<p>\u2022 Denominado Esmalte Asf\u00e1ltico, es utilizado para la protecci\u00f3n anticorrosiva de ca\u00f1er\u00edas met\u00e1licas enterradas (oleoductos, gasoductos). Aprobado por entes de Gas.<br \/>\n\u2022 Elaboraci\u00f3n de antiruidos para la industria automotriz.<\/p>\n<\/div>\n","protected":false},"excerpt":{"rendered":"<div>\n<p>Asfaltos elaborados a partir de un cemento asf\u00e1ltico, al cual luego de un proceso de oxidaci\u00f3n y logrado un alto punto de ablandamiento, se le incorpora una carga mineral inerte.<\/p>\n<\/div>\n","protected":false},"featured_media":2544,"comment_status":"open","ping_status":"closed","template":"","meta":{"spay_email":""},"class_list":["post-2540","product","type-product","status-publish","has-post-thumbnail","hentry","product_cat-fca-asfalto-argentina"],"_links":{"self":[{"href":"https:\/\/impertech.com.ar\/index.php\/wp-json\/wp\/v2\/product\/2540","targetHints":{"allow":["GET"]}}],"collection":[{"href":"https:\/\/impertech.com.ar\/index.php\/wp-json\/wp\/v2\/product"}],"about":[{"href":"https:\/\/impertech.com.ar\/index.php\/wp-json\/wp\/v2\/types\/product"}],"replies":[{"embeddable":true,"href":"https:\/\/impertech.com.ar\/index.php\/wp-json\/wp\/v2\/comments?post=2540"}],"wp:featuredmedia":[{"embeddable":true,"href":"https:\/\/impertech.com.ar\/index.php\/wp-json\/wp\/v2\/media\/2544"}],"wp:attachment":[{"href":"https:\/\/impertech.com.ar\/index.php\/wp-json\/wp\/v2\/media?parent=2540"}],"curies":[{"name":"wp","href":"https:\/\/api.w.org\/{rel}","templated":true}]}}