{"id":2538,"date":"2020-08-13T14:57:47","date_gmt":"2020-08-13T17:57:47","guid":{"rendered":"http:\/\/alnacoriocuarto.esy.es\/?post_type=product&#038;p=2538"},"modified":"2020-08-13T16:28:06","modified_gmt":"2020-08-13T19:28:06","slug":"bituplast","status":"publish","type":"product","link":"https:\/\/impertech.com.ar\/index.php\/producto\/bituplast\/","title":{"rendered":"BITUPLAST"},"content":{"rendered":"<p>\u2022 Baja viscosidad a la temperatura de uso, lo que permite el agregado de cargas minerales en proporciones considerables.<br \/>\n\u2022 Inmejorable miscibilidad con los agregados minerales.<br \/>\n\u2022 Menor fragilidad a bajas temperaturas.<\/p>\n<h3>Usos principales<\/h3>\n<div>\n<p>\u2022 Fabricaci\u00f3n de membranas asf\u00e1lticas preelaboradas con alto porcentaje de carga mineral en la masa asf\u00e1ltica.<br \/>\n\u2022 Fabricaci\u00f3n de membranas asf\u00e1lticas preelaboradas con bajo porcentaje de carga mineral o con asfalto puro.<br \/>\n\u2022 Sistemas de impermeabilizaci\u00f3n in situ.<br \/>\n\u2022 Tomado de juntas de dilataci\u00f3n en pavimentos r\u00edgidos y articulados<br \/>\n\u2022 Pegado en caliente de membranas asf\u00e1lticas preelaboradas.<br \/>\n\u2022 Sistemas de impermeabilizaci\u00f3n in situ. (Estireno-Butadieno-Estireno), pol\u00edmeros SIS (Estireno-Isopreno-Estireno) y aditivos especiales.<\/p>\n<\/div>\n","protected":false},"excerpt":{"rendered":"<p>Son asfaltos obtenidos a partir de un proceso de oxidaci\u00f3n de bases asf\u00e1lticas especiales y el agregado de aditivos plastificantes.<\/p>\n","protected":false},"featured_media":2543,"comment_status":"open","ping_status":"closed","template":"","meta":{"spay_email":""},"class_list":["post-2538","product","type-product","status-publish","has-post-thumbnail","hentry","product_cat-fca-asfalto-argentina"],"_links":{"self":[{"href":"https:\/\/impertech.com.ar\/index.php\/wp-json\/wp\/v2\/product\/2538","targetHints":{"allow":["GET"]}}],"collection":[{"href":"https:\/\/impertech.com.ar\/index.php\/wp-json\/wp\/v2\/product"}],"about":[{"href":"https:\/\/impertech.com.ar\/index.php\/wp-json\/wp\/v2\/types\/product"}],"replies":[{"embeddable":true,"href":"https:\/\/impertech.com.ar\/index.php\/wp-json\/wp\/v2\/comments?post=2538"}],"wp:featuredmedia":[{"embeddable":true,"href":"https:\/\/impertech.com.ar\/index.php\/wp-json\/wp\/v2\/media\/2543"}],"wp:attachment":[{"href":"https:\/\/impertech.com.ar\/index.php\/wp-json\/wp\/v2\/media?parent=2538"}],"curies":[{"name":"wp","href":"https:\/\/api.w.org\/{rel}","templated":true}]}}