{"id":2536,"date":"2020-08-13T14:21:00","date_gmt":"2020-08-13T17:21:00","guid":{"rendered":"http:\/\/alnacoriocuarto.esy.es\/?post_type=product&#038;p=2536"},"modified":"2020-08-13T14:22:10","modified_gmt":"2020-08-13T17:22:10","slug":"sellarroscas-gas","status":"publish","type":"product","link":"https:\/\/impertech.com.ar\/index.php\/producto\/sellarroscas-gas\/","title":{"rendered":"SELLARROSCAS GAS"},"content":{"rendered":"<p>Sellador para conexiones roscadas de gas.<\/p>\n<p>Aprobado por el Instituto del Gas Argentino para redes domiciliarias (IGA).<\/p>\n<p>F\u00e1cil de aplicar.<\/p>\n<p>Un s\u00f3lo componente, por lo que no requiere mezclas.<\/p>\n<p>No contiene plomo.<\/p>\n<p>Resiste vibraciones.<\/p>\n<p>Es desarmable con herramientas comunes.<\/p>\n<p>No se resquebraja, permitiendo el traslado de las ca\u00f1er\u00edas ya conectadas para su instalaci\u00f3n final, sin poner en riesgo la hermeticidad del sello.<\/p>\n","protected":false},"excerpt":{"rendered":"<h3>Presentaciones<\/h3>\n<div>\n<p>Pomo de 25 ml.<\/p>\n<p>Pomo de 50 ml.<\/p>\n<p>Pomo de 125 ml.<\/p>\n<\/div>\n","protected":false},"featured_media":2537,"comment_status":"open","ping_status":"closed","template":"","meta":{"spay_email":""},"class_list":["post-2536","product","type-product","status-publish","has-post-thumbnail","hentry","product_cat-saws"],"_links":{"self":[{"href":"https:\/\/impertech.com.ar\/index.php\/wp-json\/wp\/v2\/product\/2536","targetHints":{"allow":["GET"]}}],"collection":[{"href":"https:\/\/impertech.com.ar\/index.php\/wp-json\/wp\/v2\/product"}],"about":[{"href":"https:\/\/impertech.com.ar\/index.php\/wp-json\/wp\/v2\/types\/product"}],"replies":[{"embeddable":true,"href":"https:\/\/impertech.com.ar\/index.php\/wp-json\/wp\/v2\/comments?post=2536"}],"wp:featuredmedia":[{"embeddable":true,"href":"https:\/\/impertech.com.ar\/index.php\/wp-json\/wp\/v2\/media\/2537"}],"wp:attachment":[{"href":"https:\/\/impertech.com.ar\/index.php\/wp-json\/wp\/v2\/media?parent=2536"}],"curies":[{"name":"wp","href":"https:\/\/api.w.org\/{rel}","templated":true}]}}