{"id":2530,"date":"2020-08-13T14:12:24","date_gmt":"2020-08-13T17:12:24","guid":{"rendered":"http:\/\/alnacoriocuarto.esy.es\/?post_type=product&#038;p=2530"},"modified":"2026-04-09T12:39:01","modified_gmt":"2026-04-09T15:39:01","slug":"acrilico-concreto-y-cemento","status":"publish","type":"product","link":"https:\/\/impertech.com.ar\/index.php\/producto\/acrilico-concreto-y-cemento\/","title":{"rendered":"ACR\u00cdLICO CONCRETO Y CEMENTO"},"content":{"rendered":"<p>Es un sellador acr\u00edlico flexible con textura y color cemento, de f\u00e1cil aplicaci\u00f3n, excelente adhesi\u00f3n y resistente a la intemperie, indicado para uso interior y exterior. Es pintable con pinturas al l\u00e1tex y al aceite.<\/p>\n","protected":false},"excerpt":{"rendered":"<h3>Presentaciones<\/h3>\n<div>\n<div class=\"vc_row wpb_row vc_row-fluid\">\n<div class=\"wpb_column vc_column_container vc_col-sm-12\">\n<div class=\"vc_column-inner \">\n<div class=\"wpb_wrapper\">\n<div class=\"vc_tta-container\" data-vc-action=\"collapse\">\n<div class=\"vc_general vc_tta vc_tta-accordion vc_tta-color-grey vc_tta-style-classic vc_tta-shape-rounded vc_tta-o-shape-group vc_tta-controls-align-left\">\n<div class=\"vc_tta-panels-container\">\n<div class=\"vc_tta-panels\">\n<div id=\"1533829921529-861fab43-3e22\" class=\"vc_tta-panel vc_active\" data-vc-content=\".vc_tta-panel-body\">\n<div class=\"vc_tta-panel-body\">\n<div class=\"wpb_text_column wpb_content_element \">\n<div class=\"wpb_wrapper\">\n<p>Cartucho 280 ml. Gris.<\/p>\n<\/div>\n<\/div>\n<\/div>\n<\/div>\n<\/div>\n<\/div>\n<\/div>\n<\/div>\n<\/div>\n<\/div>\n<\/div>\n<\/div>\n<\/div>\n","protected":false},"featured_media":2531,"comment_status":"open","ping_status":"closed","template":"","meta":{"spay_email":""},"class_list":["post-2530","product","type-product","status-publish","has-post-thumbnail","hentry","product_cat-saws"],"_links":{"self":[{"href":"https:\/\/impertech.com.ar\/index.php\/wp-json\/wp\/v2\/product\/2530","targetHints":{"allow":["GET"]}}],"collection":[{"href":"https:\/\/impertech.com.ar\/index.php\/wp-json\/wp\/v2\/product"}],"about":[{"href":"https:\/\/impertech.com.ar\/index.php\/wp-json\/wp\/v2\/types\/product"}],"replies":[{"embeddable":true,"href":"https:\/\/impertech.com.ar\/index.php\/wp-json\/wp\/v2\/comments?post=2530"}],"wp:featuredmedia":[{"embeddable":true,"href":"https:\/\/impertech.com.ar\/index.php\/wp-json\/wp\/v2\/media\/2531"}],"wp:attachment":[{"href":"https:\/\/impertech.com.ar\/index.php\/wp-json\/wp\/v2\/media?parent=2530"}],"curies":[{"name":"wp","href":"https:\/\/api.w.org\/{rel}","templated":true}]}}