{"id":2528,"date":"2020-08-13T14:08:01","date_gmt":"2020-08-13T17:08:01","guid":{"rendered":"http:\/\/alnacoriocuarto.esy.es\/?post_type=product&#038;p=2528"},"modified":"2025-09-26T06:19:53","modified_gmt":"2025-09-26T09:19:53","slug":"adhesivo-pegatodo-transparente","status":"publish","type":"product","link":"https:\/\/impertech.com.ar\/index.php\/producto\/adhesivo-pegatodo-transparente\/","title":{"rendered":"ADHESIVO PEGATODO TRANSPARENTE"},"content":{"rendered":"<p>Un \u00fanico adhesivo para m\u00e1s de 100 aplicaciones diferentes.<\/p>\n<p>Ideal para peque\u00f1as y grandes superficies y para realizar todas las reparaciones del hogar de la forma m\u00e1s prolija, r\u00e1pida y sencilla.<\/p>\n<p>Resiste el envejecimiento y la acci\u00f3n del agua, el jab\u00f3n, detergentes, naftas, aceites y grasas.<\/p>\n","protected":false},"excerpt":{"rendered":"<h3>Presentaciones<\/h3>\n<div>\n<div class=\"vc_row wpb_row vc_row-fluid\">\n<div class=\"wpb_column vc_column_container vc_col-sm-12\">\n<div class=\"vc_column-inner \">\n<div class=\"wpb_wrapper\">\n<div class=\"vc_tta-container\" data-vc-action=\"collapse\">\n<div class=\"vc_general vc_tta vc_tta-accordion vc_tta-color-grey vc_tta-style-classic vc_tta-shape-rounded vc_tta-o-shape-group vc_tta-controls-align-left\">\n<div class=\"vc_tta-panels-container\">\n<div class=\"vc_tta-panels\">\n<div id=\"1533829921529-861fab43-3e22\" class=\"vc_tta-panel vc_active\" data-vc-content=\".vc_tta-panel-body\">\n<div class=\"vc_tta-panel-body\">\n<div class=\"wpb_text_column wpb_content_element \">\n<div class=\"wpb_wrapper\">\n<p>Pomo de 30 ml.<\/p>\n<\/div>\n<\/div>\n<\/div>\n<\/div>\n<\/div>\n<\/div>\n<\/div>\n<\/div>\n<\/div>\n<\/div>\n<\/div>\n<\/div>\n<\/div>\n","protected":false},"featured_media":2529,"comment_status":"open","ping_status":"closed","template":"","meta":{"spay_email":""},"class_list":["post-2528","product","type-product","status-publish","has-post-thumbnail","hentry","product_cat-saws"],"_links":{"self":[{"href":"https:\/\/impertech.com.ar\/index.php\/wp-json\/wp\/v2\/product\/2528","targetHints":{"allow":["GET"]}}],"collection":[{"href":"https:\/\/impertech.com.ar\/index.php\/wp-json\/wp\/v2\/product"}],"about":[{"href":"https:\/\/impertech.com.ar\/index.php\/wp-json\/wp\/v2\/types\/product"}],"replies":[{"embeddable":true,"href":"https:\/\/impertech.com.ar\/index.php\/wp-json\/wp\/v2\/comments?post=2528"}],"wp:featuredmedia":[{"embeddable":true,"href":"https:\/\/impertech.com.ar\/index.php\/wp-json\/wp\/v2\/media\/2529"}],"wp:attachment":[{"href":"https:\/\/impertech.com.ar\/index.php\/wp-json\/wp\/v2\/media?parent=2528"}],"curies":[{"name":"wp","href":"https:\/\/api.w.org\/{rel}","templated":true}]}}