{"id":2526,"date":"2020-08-13T14:05:30","date_gmt":"2020-08-13T17:05:30","guid":{"rendered":"http:\/\/alnacoriocuarto.esy.es\/?post_type=product&#038;p=2526"},"modified":"2020-08-13T14:07:26","modified_gmt":"2020-08-13T17:07:26","slug":"adhesivo-suprabond","status":"publish","type":"product","link":"https:\/\/impertech.com.ar\/index.php\/producto\/adhesivo-suprabond\/","title":{"rendered":"ADHESIVO SUPRABOND"},"content":{"rendered":"<p>Es un adhesivo sint\u00e9tico de contacto de alta calidad, desarrollado para realizar adhesiones m\u00e1s resistentes. Est\u00e1 especialmente recomendado para pegar materiales flexibles y su consistencia permite una r\u00e1pida y f\u00e1cil aplicaci\u00f3n.<\/p>\n","protected":false},"excerpt":{"rendered":"<h3>Presentaciones<\/h3>\n<div>\n<p>F\u00f3rmula sin tolueno: l\u00edquido. Se puede aplicar con pincel.<\/p>\n<p>Pomo 25 ml.<\/p>\n<p>Pomo 50 ml.<\/p>\n<p>Pomo 125 ml.<\/p>\n<p>Lata \u00bc litro.<\/p>\n<p>Lata \u00bd litro.<\/p>\n<p>Lata 1 litro.<\/p>\n<p>Lata 4 litros.<\/p>\n<p>Lata 18 litros.<\/p>\n<\/div>\n","protected":false},"featured_media":2527,"comment_status":"open","ping_status":"closed","template":"","meta":{"spay_email":""},"class_list":["post-2526","product","type-product","status-publish","has-post-thumbnail","hentry","product_cat-saws"],"_links":{"self":[{"href":"https:\/\/impertech.com.ar\/index.php\/wp-json\/wp\/v2\/product\/2526","targetHints":{"allow":["GET"]}}],"collection":[{"href":"https:\/\/impertech.com.ar\/index.php\/wp-json\/wp\/v2\/product"}],"about":[{"href":"https:\/\/impertech.com.ar\/index.php\/wp-json\/wp\/v2\/types\/product"}],"replies":[{"embeddable":true,"href":"https:\/\/impertech.com.ar\/index.php\/wp-json\/wp\/v2\/comments?post=2526"}],"wp:featuredmedia":[{"embeddable":true,"href":"https:\/\/impertech.com.ar\/index.php\/wp-json\/wp\/v2\/media\/2527"}],"wp:attachment":[{"href":"https:\/\/impertech.com.ar\/index.php\/wp-json\/wp\/v2\/media?parent=2526"}],"curies":[{"name":"wp","href":"https:\/\/api.w.org\/{rel}","templated":true}]}}