{"id":2522,"date":"2020-08-13T11:42:55","date_gmt":"2020-08-13T14:42:55","guid":{"rendered":"http:\/\/alnacoriocuarto.esy.es\/?post_type=product&#038;p=2522"},"modified":"2026-01-30T07:43:11","modified_gmt":"2026-01-30T10:43:11","slug":"suprabond-transparente","status":"publish","type":"product","link":"https:\/\/impertech.com.ar\/index.php\/producto\/suprabond-transparente\/","title":{"rendered":"SUPRABOND TRANSPARENTE"},"content":{"rendered":"<p>Es un novedoso adhesivo de alta calidad, cuya exclusiva f\u00f3rmula le permite ser utilizado como adhesivo universal o de contacto, superando a los tradicionales por su alto agarre inicial y adhesi\u00f3n extra fuerte.<\/p>\n<p>Es ideal para realizar trabajos de gran exigencia que requieran prolijidad, precisi\u00f3n y alto poder de adhesi\u00f3n. Pega todo tipo de materiales y su pico aplicador permite dosificar peque\u00f1as cantidades.<\/p>\n<p>Telgopor\u00ae es marca registrada de Gricort S.R.L.<\/p>\n","protected":false},"excerpt":{"rendered":"<h3>Presentaciones<\/h3>\n<div>\n<p>Pomo 25 ml.<\/p>\n<p>Pomo 50 ml.<\/p>\n<p>Pomo 100 ml.<\/p>\n<p>Lata \u00bc litro.<\/p>\n<p>Lata \u00bd litro.<\/p>\n<p>Lata 1 litro.<\/p>\n<\/div>\n","protected":false},"featured_media":2523,"comment_status":"open","ping_status":"closed","template":"","meta":{"spay_email":""},"class_list":["post-2522","product","type-product","status-publish","has-post-thumbnail","hentry","product_cat-saws"],"_links":{"self":[{"href":"https:\/\/impertech.com.ar\/index.php\/wp-json\/wp\/v2\/product\/2522","targetHints":{"allow":["GET"]}}],"collection":[{"href":"https:\/\/impertech.com.ar\/index.php\/wp-json\/wp\/v2\/product"}],"about":[{"href":"https:\/\/impertech.com.ar\/index.php\/wp-json\/wp\/v2\/types\/product"}],"replies":[{"embeddable":true,"href":"https:\/\/impertech.com.ar\/index.php\/wp-json\/wp\/v2\/comments?post=2522"}],"wp:featuredmedia":[{"embeddable":true,"href":"https:\/\/impertech.com.ar\/index.php\/wp-json\/wp\/v2\/media\/2523"}],"wp:attachment":[{"href":"https:\/\/impertech.com.ar\/index.php\/wp-json\/wp\/v2\/media?parent=2522"}],"curies":[{"name":"wp","href":"https:\/\/api.w.org\/{rel}","templated":true}]}}