{"id":2520,"date":"2020-08-13T10:41:34","date_gmt":"2020-08-13T13:41:34","guid":{"rendered":"http:\/\/alnacoriocuarto.esy.es\/?post_type=product&#038;p=2520"},"modified":"2020-08-13T10:42:53","modified_gmt":"2020-08-13T13:42:53","slug":"linea-d200-al-aluminio-15-kg","status":"publish","type":"product","link":"https:\/\/impertech.com.ar\/index.php\/producto\/linea-d200-al-aluminio-15-kg\/","title":{"rendered":"L\u00cdNEA D200 AL &#8211; ALUMINIO &#8211; 15 KG"},"content":{"rendered":"<p>Las nuevas membranas EMAPI de la l\u00ednea D (autoprotegidas con aluminio), son desarrollos que exhiben muy buena prestaci\u00f3n, dado que combinan las excelentes propiedades impermeabilizantes de los asfaltos pl\u00e1sticos normalizados de EMAPI S.A. con los atributos del PEAD (polietileno de alta densidad) formulado y producido por la Divisi\u00f3n Pol\u00edmeros de EMAPI S.A., incorporado como alma central del producto* y a su terminaci\u00f3n inferior. El conjunto se encuentra protegido de la acci\u00f3n del calor del sol y de la incidencia de la radiaci\u00f3n UV sobre los asfaltos, por una capa de aluminio de alta pureza, gofrado, que adem\u00e1s provee una barrera impermeable adicional.<br \/>\n<b><br \/>\nSUPERFICIES BASE DE LA IMPERMEABILIZACI\u00d3N<\/b><br \/>\nLos soportes base de la impermeabilizaci\u00f3n, tanto horizontales como inclinados, de gran pendiente o abovedados, deben estar completamente secos, ser estables y de superficie homog\u00e9nea, as\u00ed como libre de cuerpos extra\u00f1os o punzo-cortantes y sin restos de aceites, grasas, mamposter\u00eda suelta, hidrocarburos, u otros materiales que puedan evitar la perfecta adherencia de la membrana y afectar la durabilidad de la misma.<\/p>\n","protected":false},"excerpt":{"rendered":"<h3>Membrana No Expuesta No Transitable<\/h3>\n<div><b>Terminaci\u00f3n de Aluminio Gofrado \/ 15 kg<\/b><br \/>\nLargo del Rollo: 10 m<br \/>\nAncho del Rollo: 1 m<br \/>\nBanda de Soldadura: 6 cm<br \/>\nPeso Neto: 15 kg<br \/>\nCapa de Terminaci\u00f3n: Aluminio Gofrado<br \/>\nCuerpo: Asfalto Normalizado de Emapi<br \/>\nFilm Antiadherente: PEAD<\/div>\n","protected":false},"featured_media":2521,"comment_status":"open","ping_status":"closed","template":"","meta":{"spay_email":""},"class_list":["post-2520","product","type-product","status-publish","has-post-thumbnail","hentry","product_cat-drills"],"_links":{"self":[{"href":"https:\/\/impertech.com.ar\/index.php\/wp-json\/wp\/v2\/product\/2520","targetHints":{"allow":["GET"]}}],"collection":[{"href":"https:\/\/impertech.com.ar\/index.php\/wp-json\/wp\/v2\/product"}],"about":[{"href":"https:\/\/impertech.com.ar\/index.php\/wp-json\/wp\/v2\/types\/product"}],"replies":[{"embeddable":true,"href":"https:\/\/impertech.com.ar\/index.php\/wp-json\/wp\/v2\/comments?post=2520"}],"wp:featuredmedia":[{"embeddable":true,"href":"https:\/\/impertech.com.ar\/index.php\/wp-json\/wp\/v2\/media\/2521"}],"wp:attachment":[{"href":"https:\/\/impertech.com.ar\/index.php\/wp-json\/wp\/v2\/media?parent=2520"}],"curies":[{"name":"wp","href":"https:\/\/api.w.org\/{rel}","templated":true}]}}