{"id":2511,"date":"2020-08-13T10:29:16","date_gmt":"2020-08-13T13:29:16","guid":{"rendered":"http:\/\/alnacoriocuarto.esy.es\/?post_type=product&#038;p=2511"},"modified":"2020-08-13T10:30:59","modified_gmt":"2020-08-13T13:30:59","slug":"linea-w350-al-max-aluminio-flexible-30-kg","status":"publish","type":"product","link":"https:\/\/impertech.com.ar\/index.php\/producto\/linea-w350-al-max-aluminio-flexible-30-kg\/","title":{"rendered":"L\u00cdNEA W350 AL MAX &#8211; ALUMINIO FLEXIBLE &#8211; 30 KG"},"content":{"rendered":"<p>Las membranas EMAPI MAX, son desarrollos de muy alta prestaci\u00f3n que combinan las excelentes propiedades impermeabilizantes de los asfaltos pl\u00e1sticos normalizados de EMAPI S.A. con los atributos del PEAD (polietileno de alta densidad), formulado y producido por la Divisi\u00f3n Pol\u00edmeros de EMAPI S.A., incorporado como refuerzo al alma central del producto y a su terminaci\u00f3n inferior. La incorporaci\u00f3n de aluminio flexible como capa de autoprotecci\u00f3n, protege al conjunto de las altas temperaturas y de la incidencia de la radiaci\u00f3n solar sobre los asfaltos. Esto garantiza las m\u00e1s exigentes solicitaciones en plegado, tracci\u00f3n, flexi\u00f3n y punzonado, adem\u00e1s de proveer una barrera impermeable adicional, extendiendo la vida \u00fatil del sistema de impermeabilizaci\u00f3n.<br \/>\n<b><br \/>\nSUPERFICIES BASE DE LA IMPERMEABILIZACI\u00d3N<\/b><br \/>\nLos soportes base de la impermeabilizaci\u00f3n, tanto horizontales como inclinados, de gran pendiente o abovedados, deben estar completamente secos, ser estables y de superficie homog\u00e9nea, as\u00ed como libre de cuerpos extra\u00f1os o punzocortantes y sin restos de aceites, grasas, mamposter\u00eda suelta, hidrocarburos, u otros materiales que puedan evitar la perfecta adherencia de la membrana y afectar la durabilidad de la misma.<\/p>\n<p><b>ALUMINIO FLEXIBLE<\/b><br \/>\nEl aluminio flexible de las Membranas Autoprotegidas Emapi Max, es un desarrollo de \u00faltima generaci\u00f3n que garantiza un producto de mayor facilidad en la colocaci\u00f3n (por su excelente adaptabilidad) y vida \u00fatil, brindando una alta performance a todo el sistema de impermeabilizaci\u00f3n.<\/p>\n","protected":false},"excerpt":{"rendered":"<h3>Membrana No Expuesta No Transitable<\/h3>\n<div><b>Terminaci\u00f3n de Aluminio Flexible \/ 30 kg<\/b><br \/>\nLargo del Rollo: 10 m<br \/>\nAncho del Rollo: 1 m<br \/>\nBanda de Soldadura: 6 cm<br \/>\nPeso Neto: 30 kg<br \/>\nCapa de Terminaci\u00f3n: Aluminio Flexible<br \/>\nAlma Central: PEAD<br \/>\nCuerpo: Asfalto Normalizado de Emapi<br \/>\nFilm Antiadherente: PEAD<\/div>\n","protected":false},"featured_media":2512,"comment_status":"open","ping_status":"closed","template":"","meta":{"spay_email":""},"class_list":["post-2511","product","type-product","status-publish","has-post-thumbnail","hentry","product_cat-drills"],"_links":{"self":[{"href":"https:\/\/impertech.com.ar\/index.php\/wp-json\/wp\/v2\/product\/2511","targetHints":{"allow":["GET"]}}],"collection":[{"href":"https:\/\/impertech.com.ar\/index.php\/wp-json\/wp\/v2\/product"}],"about":[{"href":"https:\/\/impertech.com.ar\/index.php\/wp-json\/wp\/v2\/types\/product"}],"replies":[{"embeddable":true,"href":"https:\/\/impertech.com.ar\/index.php\/wp-json\/wp\/v2\/comments?post=2511"}],"wp:featuredmedia":[{"embeddable":true,"href":"https:\/\/impertech.com.ar\/index.php\/wp-json\/wp\/v2\/media\/2512"}],"wp:attachment":[{"href":"https:\/\/impertech.com.ar\/index.php\/wp-json\/wp\/v2\/media?parent=2511"}],"curies":[{"name":"wp","href":"https:\/\/api.w.org\/{rel}","templated":true}]}}