{"id":2503,"date":"2020-08-13T10:14:47","date_gmt":"2020-08-13T13:14:47","guid":{"rendered":"http:\/\/alnacoriocuarto.esy.es\/?post_type=product&#038;p=2503"},"modified":"2020-08-13T10:16:41","modified_gmt":"2020-08-13T13:16:41","slug":"emacober-geo-app-mineral-4-mm","status":"publish","type":"product","link":"https:\/\/impertech.com.ar\/index.php\/producto\/emacober-geo-app-mineral-4-mm\/","title":{"rendered":"EMACOBER GEO APP MINERAL &#8211; 4 MM"},"content":{"rendered":"<p>Las membranas EMAPI de la l\u00ednea EMACOBER GEO APP MINERAL, son desarrollos de alta gama que responden a las m\u00e1s altas exigencias de los est\u00e1ndares mundiales en impermeabilizaci\u00f3n. Las excelentes propiedades impermeabilizantes de los asfaltos pl\u00e1sticos modificados con plast\u00f3meros amorfos de elevado peso molecular de EMAPI S.A. combinadas con los atributos de resistencia mec\u00e1nica del tejido de poli\u00e9ster con filamentos de vidrio longitudinales, proporcionan m\u00e1xima seguridad. La misma garantiza alta prestaci\u00f3n y excepcional estabilidad dimensional frente a las m\u00e1s diversas solicitaciones en plegado, tracci\u00f3n y flexiones extremas, as\u00ed como la m\u00e1s alta resistencia al punzonado.<br \/>\n<b><br \/>\nSUPERFICIES BASE DE LA IMPERMEABILIZACI\u00d3N<\/b><br \/>\nLos soportes base de la impermeabilizaci\u00f3n, tanto horizontales como inclinados, de gran pendiente o abovedados, deben estar completamente secos, ser estables y de superficie homog\u00e9nea, as\u00ed como libre de cuerpos extra\u00f1os o punzocortantes y sin restos de aceites, grasas, mamposter\u00eda suelta, hidrocarburos, u otros materiales que puedan evitar la perfecta adherencia de la membrana y afectar la durabilidad de la misma.<\/p>\n<p><b>TEJIDO DE POLI\u00c9STER CON FILAMENTOS DE VIDRIO LONGITUDINALES<\/b><br \/>\nEl tejido de poli\u00e9ster con filamentos de vidrio, dispuestos en forma longitudinal, es un material que provee un excepcional refuerzo central a aquellas membranas a las cuales se integra. Garantiza resistencia mec\u00e1nica a las m\u00e1s altas exigencias de tracci\u00f3n longitudinal y solicitaciones diversas, convirtiendo al producto en una coraza impermeable de mayor durabilidad.<\/p>\n","protected":false},"excerpt":{"rendered":"<h3>Membrana No Expuesta No Transitable<\/h3>\n<div><b>Terminaci\u00f3n de Pizarra Mineral \/ 4 mm<\/b><br \/>\nLargo del Rollo: 10 m<br \/>\nAncho del Rollo: 1 m<br \/>\nBanda de Soldadura: 8 cm<br \/>\nEspesor Nominal: 4 mm<br \/>\nCapa de Terminaci\u00f3n: Escamas de Pizarra Natural &#8211; Mineral<br \/>\nAlma Central: Tejido de Poli\u00e9ster con Filamentos de Vidrio Longitudinales<br \/>\nCuerpo: Asfalto Modificado con Plast\u00f3meros<br \/>\nFilm Antiadherente: PEAD<\/div>\n","protected":false},"featured_media":2504,"comment_status":"open","ping_status":"closed","template":"","meta":{"spay_email":""},"class_list":["post-2503","product","type-product","status-publish","has-post-thumbnail","hentry","product_cat-drills"],"_links":{"self":[{"href":"https:\/\/impertech.com.ar\/index.php\/wp-json\/wp\/v2\/product\/2503","targetHints":{"allow":["GET"]}}],"collection":[{"href":"https:\/\/impertech.com.ar\/index.php\/wp-json\/wp\/v2\/product"}],"about":[{"href":"https:\/\/impertech.com.ar\/index.php\/wp-json\/wp\/v2\/types\/product"}],"replies":[{"embeddable":true,"href":"https:\/\/impertech.com.ar\/index.php\/wp-json\/wp\/v2\/comments?post=2503"}],"wp:featuredmedia":[{"embeddable":true,"href":"https:\/\/impertech.com.ar\/index.php\/wp-json\/wp\/v2\/media\/2504"}],"wp:attachment":[{"href":"https:\/\/impertech.com.ar\/index.php\/wp-json\/wp\/v2\/media?parent=2503"}],"curies":[{"name":"wp","href":"https:\/\/api.w.org\/{rel}","templated":true}]}}