{"id":2501,"date":"2020-08-13T10:07:08","date_gmt":"2020-08-13T13:07:08","guid":{"rendered":"http:\/\/alnacoriocuarto.esy.es\/?post_type=product&#038;p=2501"},"modified":"2020-08-13T10:08:52","modified_gmt":"2020-08-13T13:08:52","slug":"emacober-geo-al-max-aluminio-flexible-4-mm","status":"publish","type":"product","link":"https:\/\/impertech.com.ar\/index.php\/producto\/emacober-geo-al-max-aluminio-flexible-4-mm\/","title":{"rendered":"EMACOBER GEO AL MAX &#8211; ALUMINIO FLEXIBLE &#8211; 4 MM"},"content":{"rendered":"<p>Las membranas EMAPI de la l\u00ednea EMACOBER GEO AL MAX, son desarrollos de muy alta gama que dan respuesta a las m\u00e1s altas exigencias de impermeabilizaci\u00f3n y durabilidad. Combinando las excelentes propiedades impermeabilizantes de los asfaltos pl\u00e1sticos normalizados de EMAPI S.A. con las cualidades de resistencia mec\u00e1nica de los geotextiles de poli\u00e9ster tejido no tejido termofijado de alto gramaje, se logra una respuesta de excelente performance. El conjunto se encuentra protegido de la acci\u00f3n del calor del sol y de la incidencia de la radiaci\u00f3n UV sobre los asfaltos, por una capa de aluminio flexible, que garantiza las m\u00e1s exigentes solicitaciones en plegado, tracci\u00f3n, flexi\u00f3n y punzonado, adem\u00e1s de proveer una barrera impermeable adicional.<br \/>\n<b><br \/>\nSUPERFICIES BASE DE LA IMPERMEABILIZACI\u00d3N<\/b><br \/>\nLos soportes base de la impermeabilizaci\u00f3n, tanto horizontales como inclinados, de gran pendiente o abovedados, deben estar completamente secos, ser estables y de suerficie homog\u00e9nea, as\u00ed como libre de cuerpos extra\u00f1os o punzocortantes y sin restos de aceites, grasas, mamposter\u00eda suelta, hidrocarburos, u otros materiales que puedan evitar la perfecta adherencia de la membrana y afectar la durabilidad de la misma.<\/p>\n<p><b>GEOTEXTIL DE POLI\u00c9STER<\/b><br \/>\nEl geotextil de poli\u00e9ster es un material cuyas cualidades de flexibilidad, estabilidad dimensional y resistencia a la tracci\u00f3n y al rasgado se transfieren invariablemente a las membranas a las que se integra. Ya sea como alma central o como base de capa de autoprotecci\u00f3n (en membranas transitables), el resultado es un producto cuyos est\u00e1ndares de calidad superan ampliamente las exigencias de las condiciones clim\u00e1ticas m\u00e1s adversas.<\/p>\n","protected":false},"excerpt":{"rendered":"<h3>Membrana No Expuesta No Transitable<\/h3>\n<div><b>Terminaci\u00f3n de Aluminio Flexible \/ 4 mm<\/b><br \/>\nLargo del Rollo: 10 m<br \/>\nAncho del Rollo: 1 m<br \/>\nBanda de Soldadura: 6 cm<br \/>\nEspesor Nominal: 4 mm<br \/>\nCapa de Terminaci\u00f3n: Aluminio Flexible<br \/>\nAlma Central: Geotextil de Poli\u00e9ster<br \/>\nCuerpo: Asfalto Normalizado de Emapi<br \/>\nFilm Antiadherente: PEAD<\/div>\n","protected":false},"featured_media":2502,"comment_status":"open","ping_status":"closed","template":"","meta":{"spay_email":""},"class_list":["post-2501","product","type-product","status-publish","has-post-thumbnail","hentry","product_cat-drills"],"_links":{"self":[{"href":"https:\/\/impertech.com.ar\/index.php\/wp-json\/wp\/v2\/product\/2501","targetHints":{"allow":["GET"]}}],"collection":[{"href":"https:\/\/impertech.com.ar\/index.php\/wp-json\/wp\/v2\/product"}],"about":[{"href":"https:\/\/impertech.com.ar\/index.php\/wp-json\/wp\/v2\/types\/product"}],"replies":[{"embeddable":true,"href":"https:\/\/impertech.com.ar\/index.php\/wp-json\/wp\/v2\/comments?post=2501"}],"wp:featuredmedia":[{"embeddable":true,"href":"https:\/\/impertech.com.ar\/index.php\/wp-json\/wp\/v2\/media\/2502"}],"wp:attachment":[{"href":"https:\/\/impertech.com.ar\/index.php\/wp-json\/wp\/v2\/media?parent=2501"}],"curies":[{"name":"wp","href":"https:\/\/api.w.org\/{rel}","templated":true}]}}