{"id":2499,"date":"2020-08-13T10:04:09","date_gmt":"2020-08-13T13:04:09","guid":{"rendered":"http:\/\/alnacoriocuarto.esy.es\/?post_type=product&#038;p=2499"},"modified":"2020-08-13T10:06:55","modified_gmt":"2020-08-13T13:06:55","slug":"emacober-al-aluminio-4-mm","status":"publish","type":"product","link":"https:\/\/impertech.com.ar\/index.php\/producto\/emacober-al-aluminio-4-mm\/","title":{"rendered":"EMACOBER AL &#8211; ALUMINIO &#8211; 4 MM"},"content":{"rendered":"<p>Las membranas de la l\u00ednea EMACOBER AL (auto-protegidas con aluminio), son desarrollos que exhiben muy buena prestaci\u00f3n, dado que combinan las excelentes propiedades impermeabilizantes de los asfaltos pl\u00e1sticos normalizados de Emapi. El producto presenta como atributo, un PEAD (polietileno de alta densidad) que se incorpora al alma central y a su terminaci\u00f3n inferior del mismo. Los componentes de esta membrana se encuentran protegidos de la acci\u00f3n del calor del sol y de la incidencia de la radiaci\u00f3n UV sobre los asfaltos, por una capa de aluminio de alta pureza, gofrado, que adem\u00e1s provee una barrera impermeable adicional.<br \/>\n<b><br \/>\nSUPERFICIES BASE DE LA IMPERMEABILIZACI\u00d3N<\/b><br \/>\nLos soportes base de la impermeabilizaci\u00f3n, tanto horizontales como inclinados, de gran pendiente o abovedados, deben estar completamente secos, ser estables y de superficie homog\u00e9nea, as\u00ed como libre de cuerpos extra\u00f1os o punzo-cortantes y sin restos de aceites, grasas, mamposter\u00eda suelta, hidrocarburos, u otros materiales que puedan evitar la perfecta adherencia de la membrana y afectar la durabilidad de la misma.<\/p>\n","protected":false},"excerpt":{"rendered":"<h3>Membrana Expuesta No Transitable<\/h3>\n<div><b>Terminaci\u00f3n de Aluminio \/ 4 mm<\/b><br \/>\nLargo del Rollo: 10 m<br \/>\nAncho del Rollo: 1 m<br \/>\nBanda de Soldadura: 6 cm<br \/>\nEspesor Nominal: 4 mm<br \/>\nCapa de Terminaci\u00f3n: Aluminio Gofrado<br \/>\nAlma Central: PEAD<br \/>\nCuerpo: Asfalto Normalizado de Emapi<br \/>\nFilm Antiadherente: PEAD<\/div>\n","protected":false},"featured_media":2500,"comment_status":"open","ping_status":"closed","template":"","meta":{"spay_email":""},"class_list":["post-2499","product","type-product","status-publish","has-post-thumbnail","hentry","product_cat-drills"],"_links":{"self":[{"href":"https:\/\/impertech.com.ar\/index.php\/wp-json\/wp\/v2\/product\/2499","targetHints":{"allow":["GET"]}}],"collection":[{"href":"https:\/\/impertech.com.ar\/index.php\/wp-json\/wp\/v2\/product"}],"about":[{"href":"https:\/\/impertech.com.ar\/index.php\/wp-json\/wp\/v2\/types\/product"}],"replies":[{"embeddable":true,"href":"https:\/\/impertech.com.ar\/index.php\/wp-json\/wp\/v2\/comments?post=2499"}],"wp:featuredmedia":[{"embeddable":true,"href":"https:\/\/impertech.com.ar\/index.php\/wp-json\/wp\/v2\/media\/2500"}],"wp:attachment":[{"href":"https:\/\/impertech.com.ar\/index.php\/wp-json\/wp\/v2\/media?parent=2499"}],"curies":[{"name":"wp","href":"https:\/\/api.w.org\/{rel}","templated":true}]}}