{"id":2491,"date":"2020-08-13T09:49:04","date_gmt":"2020-08-13T12:49:04","guid":{"rendered":"http:\/\/alnacoriocuarto.esy.es\/?post_type=product&#038;p=2491"},"modified":"2020-08-13T09:51:36","modified_gmt":"2020-08-13T12:51:36","slug":"linea-n500-pp-plus-polietileno-43-kg","status":"publish","type":"product","link":"https:\/\/impertech.com.ar\/index.php\/producto\/linea-n500-pp-plus-polietileno-43-kg\/","title":{"rendered":"L\u00cdNEA N500 PP PLUS &#8211; POLIETILENO &#8211; 43 KG"},"content":{"rendered":"<p>Las nuevas membranas EMAPI de la l\u00ednea N 500 P\/P PLUS, son desarrollos de muy alta prestaci\u00f3n que combinan las excelentes propiedades impermeabilizantes de los asfaltos pl\u00e1sticos normalizados de EMAPI S.A. con los atributos del PEAD (polietileno de alta densidad) formulado y producido por la Divisi\u00f3n Pol\u00edmeros de EMAPI S.A., incorporado como alma central del producto y a sus terminaciones superior e inferior.<br \/>\n<b><br \/>\nSUPERFICIES BASE DE LA IMPERMEABILIZACI\u00d3N<\/b><br \/>\nLos soportes base de la impermeabilizaci\u00f3n, tanto horizontales como inclinados, de gran pendiente o abovedados, deben estar completamente secos, ser estables y de superficie homog\u00e9nea, as\u00ed como libre de cuerpos extra\u00f1os o punzocortantes y sin restos de aceites, grasas, mamposter\u00eda suelta, hidrocarburos, u otros materiales que puedan evitar la perfecta adherencia de la membrana y afectar la durabilidad de la misma.<br \/>\n<b><br \/>\nASFALTO PL\u00c1STICO NORMALIZADO<\/b><br \/>\nEl asfalto normalizado es un desarrollo cuya excelente respuesta impermeabilizante obedece a caracter\u00edsticas f\u00edsicas, qu\u00edmicas y reol\u00f3gicas indisociables de los altos est\u00e1ndares de calidad autoimpuestos por Emapi S.A. Se trata de un compuesto que exhibe un notable comportamiento frente a variaciones clim\u00e1ticas extremas, con una elevada flexibilidad aun en bajas temperaturas y una excepcional resistencia al deslizamiento frente a temperaturas elevadas.<\/p>\n","protected":false},"excerpt":{"rendered":"<h3>Membrana No Expuesta No Transitable<\/h3>\n<div><b>Terminaci\u00f3n de Polietileno \/ 43 kg<\/b><br \/>\nLargo del Rollo: 10 m<br \/>\nAncho del Rollo: 1 m<br \/>\nBanda de Soldadura: No lleva<br \/>\nPeso Neto: 43 kg<br \/>\nCapa de Terminaci\u00f3n: Polietileno<br \/>\nAlma Central: PEAD<br \/>\nCuerpo: Asfalto Normalizado de Emapi<br \/>\nFilm Antiadherente: PEAD<br \/>\nCuerpo: Asfalto Normalizado de Emapi<br \/>\nFilm Antiadherente: PEAD<\/div>\n","protected":false},"featured_media":2492,"comment_status":"open","ping_status":"closed","template":"","meta":{"spay_email":""},"class_list":["post-2491","product","type-product","status-publish","has-post-thumbnail","hentry","product_cat-drills"],"_links":{"self":[{"href":"https:\/\/impertech.com.ar\/index.php\/wp-json\/wp\/v2\/product\/2491","targetHints":{"allow":["GET"]}}],"collection":[{"href":"https:\/\/impertech.com.ar\/index.php\/wp-json\/wp\/v2\/product"}],"about":[{"href":"https:\/\/impertech.com.ar\/index.php\/wp-json\/wp\/v2\/types\/product"}],"replies":[{"embeddable":true,"href":"https:\/\/impertech.com.ar\/index.php\/wp-json\/wp\/v2\/comments?post=2491"}],"wp:featuredmedia":[{"embeddable":true,"href":"https:\/\/impertech.com.ar\/index.php\/wp-json\/wp\/v2\/media\/2492"}],"wp:attachment":[{"href":"https:\/\/impertech.com.ar\/index.php\/wp-json\/wp\/v2\/media?parent=2491"}],"curies":[{"name":"wp","href":"https:\/\/api.w.org\/{rel}","templated":true}]}}