{"id":2485,"date":"2020-08-13T09:41:09","date_gmt":"2020-08-13T12:41:09","guid":{"rendered":"http:\/\/alnacoriocuarto.esy.es\/?post_type=product&#038;p=2485"},"modified":"2020-08-13T09:43:33","modified_gmt":"2020-08-13T12:43:33","slug":"emacober-pp-polietileno-3-mm","status":"publish","type":"product","link":"https:\/\/impertech.com.ar\/index.php\/producto\/emacober-pp-polietileno-3-mm\/","title":{"rendered":"EMACOBER PP &#8211; POLIETILENO &#8211; 3 MM"},"content":{"rendered":"<p>Las nuevas membranas EMAPI de la l\u00ednea EMACOBER P\/P son desarrollos de excelente prestaci\u00f3n que combinan las insuperables propiedades impermeabilizantes de los asfaltos pl\u00e1sticos normalizados de EMAPI S.A. con los atributos del PEAD (polietileno de alta densidad) formulado y producido por la Divisi\u00f3n Pol\u00edmeros de EMAPI S.A., incorporado como alma central del producto y a sus terminaciones superior e inferior. Su dise\u00f1o garantiza la mayor seguridad y durabilidad alcanzada para productos de su tipo.<br \/>\n<b><br \/>\nSUPERFICIES BASE DE LA IMPERMEABILIZACI\u00d3N<\/b><br \/>\nLos soportes base de la impermeabilizaci\u00f3n, tanto horizontales como inclinados, de gran pendiente o abovedados, deben estar completamente secos, ser estables y de superficie homog\u00e9nea, as\u00ed como libre de cuerpos extra\u00f1os o punzocortantes y sin restos de aceites, grasas, mamposter\u00eda suelta, hidrocarburos, u otros materiales que puedan evitar la perfecta adherencia de la membrana y afectar la durabilidad de la misma.<br \/>\n<b><br \/>\nASFALTO PL\u00c1STICO NORMALIZADO<\/b><br \/>\nEl asfalto normalizado es un desarrollo cuya excelente respuesta impermeabilizante obedece a caracter\u00edsticas f\u00edsicas, qu\u00edmicas y reol\u00f3gicas indisociables de los altos est\u00e1ndares de calidad auto-impuestos por Emapi S.A. Se trata de un compuesto que exhibe un notable comportamiento frente a variaciones clim\u00e1ticas extremas, con una elevada flexibilidad a\u00fan en bajas temperaturas y una excepcional resistencia al deslizamiento frente a temperaturas elevadas.<\/p>\n","protected":false},"excerpt":{"rendered":"<h3>Membrana No Expuesta No Transitable<\/h3>\n<div><b>Terminaci\u00f3n de Polietileno \/ 3 mm<\/b><br \/>\nLargo del Rollo: 10 m<br \/>\nAncho del Rollo: 1 m<br \/>\nBanda de Soldadura: No lleva<br \/>\nEspesor Nominal: 3 mm<br \/>\nCapa de Terminaci\u00f3n: Polietileno<br \/>\nAlma Central: PEAD<br \/>\nCuerpo: Asfalto Normalizado de Emapi<\/div>\n","protected":false},"featured_media":2486,"comment_status":"open","ping_status":"closed","template":"","meta":{"spay_email":""},"class_list":["post-2485","product","type-product","status-publish","has-post-thumbnail","hentry","product_cat-drills"],"_links":{"self":[{"href":"https:\/\/impertech.com.ar\/index.php\/wp-json\/wp\/v2\/product\/2485","targetHints":{"allow":["GET"]}}],"collection":[{"href":"https:\/\/impertech.com.ar\/index.php\/wp-json\/wp\/v2\/product"}],"about":[{"href":"https:\/\/impertech.com.ar\/index.php\/wp-json\/wp\/v2\/types\/product"}],"replies":[{"embeddable":true,"href":"https:\/\/impertech.com.ar\/index.php\/wp-json\/wp\/v2\/comments?post=2485"}],"wp:featuredmedia":[{"embeddable":true,"href":"https:\/\/impertech.com.ar\/index.php\/wp-json\/wp\/v2\/media\/2486"}],"wp:attachment":[{"href":"https:\/\/impertech.com.ar\/index.php\/wp-json\/wp\/v2\/media?parent=2485"}],"curies":[{"name":"wp","href":"https:\/\/api.w.org\/{rel}","templated":true}]}}