{"id":2480,"date":"2020-08-06T18:50:25","date_gmt":"2020-08-06T21:50:25","guid":{"rendered":"http:\/\/alnacoriocuarto.esy.es\/?post_type=product&#038;p=2480"},"modified":"2022-01-04T00:37:46","modified_gmt":"2022-01-04T03:37:46","slug":"rubbersec-fieltro-asfaltico","status":"publish","type":"product","link":"https:\/\/impertech.com.ar\/index.php\/producto\/rubbersec-fieltro-asfaltico\/","title":{"rendered":"RUBBERSEC | FIELTRO ASF\u00c1LTICO"},"content":{"rendered":"<ul class=\"columns\">\n<li class=\"col-m-6\">\n<p style=\"font-weight: 400;\"><b><strong>Aplicaciones<\/strong><\/b><\/p>\n<ul style=\"font-weight: 400;\">\n<li>Bajo teja o chapa<\/li>\n<li>En techos sobre estructura de madera, como aislante hidr\u00e1ulico<\/li>\n<li>Bajo cubiertas met\u00e1licas, evita el goteo por condensaci\u00f3n<\/li>\n<li>Como protecci\u00f3n del aislamiento t\u00e9rmico<\/li>\n<li>Como refuerzo en impermeabilizaciones multicapa fabricadas con asfalto en obra<\/li>\n<li>Como membrana de refuerzo en sistemas de impermeabilizaci\u00f3n en fr\u00edo o caliente<\/li>\n<li>Como membrana protectora de sistemas que van a recibir un acabado o un relleno<\/li>\n<li>En muros como aislante hidr\u00e1ulico y del viento<\/li>\n<\/ul>\n<\/li>\n<li>\n<p style=\"font-weight: 400;\"><b><strong>Ventajas<\/strong><\/b><\/p>\n<ul style=\"font-weight: 400;\">\n<li>Aislante hidr\u00e1ulico<\/li>\n<li>No retiene vapor en el techado<\/li>\n<li>No absorve la humedad ambiente<\/li>\n<li>Flexible<\/li>\n<li>De simple instalaci\u00f3n<\/li>\n<\/ul>\n<\/li>\n<\/ul>\n","protected":false},"excerpt":{"rendered":"<p>FIELTRO ASF\u00c1LTICO<\/p>\n<div class=\"ng-binding\">\n<p style=\"font-weight: 400;\">Cart\u00f3n celul\u00f3sico de espesor controlado, compuesto por una base celul\u00f3sica saturada con asfalto destilado 180\/200. Su calidad y alta performance se encuentran asegurados a trav\u00e9s de los continuos ensayos y pruebas de laboratorio efectuados, tanto sobre materias primas como tambi\u00e9n sobre el producto final, en condiciones est\u00e1ndar y extremas de temperatura, tensi\u00f3n y envejecimiento (simulaci\u00f3n en laboratorio).<\/p>\n<\/div>\n<p>&nbsp;<\/p>\n","protected":false},"featured_media":2481,"comment_status":"open","ping_status":"closed","template":"","meta":{"spay_email":""},"class_list":["post-2480","product","type-product","status-publish","has-post-thumbnail","hentry","product_cat-hand-tools"],"_links":{"self":[{"href":"https:\/\/impertech.com.ar\/index.php\/wp-json\/wp\/v2\/product\/2480","targetHints":{"allow":["GET"]}}],"collection":[{"href":"https:\/\/impertech.com.ar\/index.php\/wp-json\/wp\/v2\/product"}],"about":[{"href":"https:\/\/impertech.com.ar\/index.php\/wp-json\/wp\/v2\/types\/product"}],"replies":[{"embeddable":true,"href":"https:\/\/impertech.com.ar\/index.php\/wp-json\/wp\/v2\/comments?post=2480"}],"wp:featuredmedia":[{"embeddable":true,"href":"https:\/\/impertech.com.ar\/index.php\/wp-json\/wp\/v2\/media\/2481"}],"wp:attachment":[{"href":"https:\/\/impertech.com.ar\/index.php\/wp-json\/wp\/v2\/media?parent=2480"}],"curies":[{"name":"wp","href":"https:\/\/api.w.org\/{rel}","templated":true}]}}