{"id":2472,"date":"2020-08-06T18:40:39","date_gmt":"2020-08-06T21:40:39","guid":{"rendered":"http:\/\/alnacoriocuarto.esy.es\/?post_type=product&#038;p=2472"},"modified":"2020-08-06T18:42:21","modified_gmt":"2020-08-06T21:42:21","slug":"kovertech-geo","status":"publish","type":"product","link":"https:\/\/impertech.com.ar\/index.php\/producto\/kovertech-geo\/","title":{"rendered":"KOVERTECH | GEO"},"content":{"rendered":"<ul class=\"columns\">\n<li class=\"col-m-6\">\n<p class=\"ng-scope\"><b>Aplicaciones<\/b><\/p>\n<ul class=\"ng-scope\">\n<li>Impermeabilizaciones expuestas con tr\u00e1nsito moderado.<\/li>\n<li>Aplicable sobre techos planos o abovedados, generalmente en azoteas o terrazas transitables y bajo carpetas y pavimentos.<\/li>\n<\/ul>\n<\/li>\n<li>\n<p class=\"ng-scope\"><b>Ventajas<\/b><\/p>\n<ul class=\"ng-scope\">\n<li>Ideal para superficies dif\u00edciles y climas desfavorables.<\/li>\n<li>Antigranizo<\/li>\n<li>Soporta altos esfuerzos de tracci\u00f3n y punzonado<\/li>\n<li>Soporta altas y bajas temperaturas<\/li>\n<li>Gran durabilidad<\/li>\n<li>No se rompen ni se quiebran<\/li>\n<\/ul>\n<\/li>\n<\/ul>\n","protected":false},"excerpt":{"rendered":"<p>GEO<\/p>\n<div class=\"ng-binding\">\n<p style=\"font-weight: 400;\">Membrana constituida por asfaltos pl\u00e1sticos normalizados de primera calidad, refuerzo central de polietileno de alta densidad y con protecci\u00f3n superior de Geotextil de polyester tejido no tejido de alto gramaje, que le brinda alta resistencia mec\u00e1nica.<\/p>\n<\/div>\n<p>&nbsp;<\/p>\n","protected":false},"featured_media":2473,"comment_status":"open","ping_status":"closed","template":"","meta":{"spay_email":""},"class_list":["post-2472","product","type-product","status-publish","has-post-thumbnail","hentry","product_cat-hand-tools"],"_links":{"self":[{"href":"https:\/\/impertech.com.ar\/index.php\/wp-json\/wp\/v2\/product\/2472","targetHints":{"allow":["GET"]}}],"collection":[{"href":"https:\/\/impertech.com.ar\/index.php\/wp-json\/wp\/v2\/product"}],"about":[{"href":"https:\/\/impertech.com.ar\/index.php\/wp-json\/wp\/v2\/types\/product"}],"replies":[{"embeddable":true,"href":"https:\/\/impertech.com.ar\/index.php\/wp-json\/wp\/v2\/comments?post=2472"}],"wp:featuredmedia":[{"embeddable":true,"href":"https:\/\/impertech.com.ar\/index.php\/wp-json\/wp\/v2\/media\/2473"}],"wp:attachment":[{"href":"https:\/\/impertech.com.ar\/index.php\/wp-json\/wp\/v2\/media?parent=2472"}],"curies":[{"name":"wp","href":"https:\/\/api.w.org\/{rel}","templated":true}]}}