{"id":2468,"date":"2020-08-06T18:35:10","date_gmt":"2020-08-06T21:35:10","guid":{"rendered":"http:\/\/alnacoriocuarto.esy.es\/?post_type=product&#038;p=2468"},"modified":"2020-08-06T18:37:33","modified_gmt":"2020-08-06T21:37:33","slug":"kovertech-platinum","status":"publish","type":"product","link":"https:\/\/impertech.com.ar\/index.php\/producto\/kovertech-platinum\/","title":{"rendered":"KOVERTECH | PLATINUM"},"content":{"rendered":"<ul class=\"columns\">\n<li class=\"col-m-6\">\n<p class=\"ng-scope\">KOVERTECH PLATINUM, cumple con todas las especificaciones de la norma IRAM 6693.<\/p>\n<p class=\"ng-scope\">Es elaborada con materiales de primer\u00edsima calidad; asfalto pl\u00e1stico elaborado a partir de bases asf\u00e1lticas modificadas con pol\u00edmeros termopl\u00e1sticos, dando por resultado, en todos los casos asfaltos de excelente calidad, no teniendo riesgo de quiebre del asfalto a baja temperatura, ni escurrimientos del mismo a altas temperaturas.<\/p>\n<p class=\"ng-scope\">La armadura central est\u00e1 confeccionada con polietileno de alta densidad virgen especialmente escogida para tener una excelente elongaci\u00f3n a la rotura tanto longitudinal como transversal y resistencia al punzonado, de excelente adherencia con el asfalto y de f\u00e1cil procesabilidad.<\/p>\n<p class=\"ng-scope\">El material antiadherente, es sumamente fino, lo que permite en la colocaci\u00f3n ganar tiempos de fusi\u00f3n del mismo y realizar las obras con mayor rendimiento.<\/p>\n<\/li>\n<\/ul>\n","protected":false},"excerpt":{"rendered":"<p>PLATINUM<\/p>\n<div class=\"ng-binding\">\n<p style=\"font-weight: 400;\">Membrana constituida por asfaltos pl\u00e1sticos de primera calidad, refuerzo central de polietileno de alta densidad y con cara superior de aluminio gofrado.<\/p>\n<\/div>\n<p>&nbsp;<\/p>\n","protected":false},"featured_media":2469,"comment_status":"open","ping_status":"closed","template":"","meta":{"spay_email":""},"class_list":["post-2468","product","type-product","status-publish","has-post-thumbnail","hentry","product_cat-hand-tools"],"_links":{"self":[{"href":"https:\/\/impertech.com.ar\/index.php\/wp-json\/wp\/v2\/product\/2468","targetHints":{"allow":["GET"]}}],"collection":[{"href":"https:\/\/impertech.com.ar\/index.php\/wp-json\/wp\/v2\/product"}],"about":[{"href":"https:\/\/impertech.com.ar\/index.php\/wp-json\/wp\/v2\/types\/product"}],"replies":[{"embeddable":true,"href":"https:\/\/impertech.com.ar\/index.php\/wp-json\/wp\/v2\/comments?post=2468"}],"wp:featuredmedia":[{"embeddable":true,"href":"https:\/\/impertech.com.ar\/index.php\/wp-json\/wp\/v2\/media\/2469"}],"wp:attachment":[{"href":"https:\/\/impertech.com.ar\/index.php\/wp-json\/wp\/v2\/media?parent=2468"}],"curies":[{"name":"wp","href":"https:\/\/api.w.org\/{rel}","templated":true}]}}