{"id":2464,"date":"2020-08-06T18:29:56","date_gmt":"2020-08-06T21:29:56","guid":{"rendered":"http:\/\/alnacoriocuarto.esy.es\/?post_type=product&#038;p=2464"},"modified":"2020-08-06T18:32:05","modified_gmt":"2020-08-06T21:32:05","slug":"koverplast-asfalto-plastico","status":"publish","type":"product","link":"https:\/\/impertech.com.ar\/index.php\/producto\/koverplast-asfalto-plastico\/","title":{"rendered":"KOVERPLAST | ASFALTO PL\u00c1STICO"},"content":{"rendered":"<ul class=\"columns\">\n<li class=\"col-m-6\">\n<p style=\"font-weight: 400;\"><b><strong>Aplicaciones<\/strong><\/b><\/p>\n<ul style=\"font-weight: 400;\">\n<li>Impermeabilizaciones de aplicaci\u00f3n en caliente<\/li>\n<li>Sustrato adhesivo para membranas asf\u00e1lticas<\/li>\n<li>Recubrimiento protectivo de metal y ca\u00f1er\u00edas<\/li>\n<li>Impregnaci\u00f3n de fieltros para pisos<\/li>\n<li>Impregnaci\u00f3n de membranas<\/li>\n<li>Ligante de tejas y m\u00e1stic<\/li>\n<li>Reparaci\u00f3n de juntas de dilataci\u00f3n y grietas<\/li>\n<li>Fijaci\u00f3n de pisos de parquet<\/li>\n<\/ul>\n<p style=\"font-weight: 400;\"><b><strong>Ventajas<\/strong><\/b><\/p>\n<ul style=\"font-weight: 400;\">\n<li>De f\u00e1cil aplicaci\u00f3n en caliente y se adapta a la geometr\u00eda de cualquier tipo de soporte<\/li>\n<li>Gran adherencia al sustrato<\/li>\n<li>Impermeable<\/li>\n<li>Aplicable en climas c\u00e1lidos debido a su elevada temperatura de ablandamiento<\/li>\n<li>R\u00e1pido avance de obra debido a su solidificaci\u00f3n acelerada<\/li>\n<li>Buena adherencia al hormig\u00f3n<\/li>\n<li>No t\u00f3xico<\/li>\n<li>No inflamable<\/li>\n<\/ul>\n<\/li>\n<\/ul>\n","protected":false},"excerpt":{"rendered":"<p>ASFALTO PL\u00c1STICO<\/p>\n<div class=\"ng-binding\">\n<p style=\"font-weight: 400;\">Asfalto pl\u00e1stico obtenido a partir de la oxidaci\u00f3n de una base asf\u00e1ltica, mediante un proceso de aireaci\u00f3n a presi\u00f3n y a temperatura elevada, confiri\u00e9ndole caracter\u00edsticas especiales de resistencia.<\/p>\n<\/div>\n<p>&nbsp;<\/p>\n","protected":false},"featured_media":2465,"comment_status":"open","ping_status":"closed","template":"","meta":{"spay_email":""},"class_list":["post-2464","product","type-product","status-publish","has-post-thumbnail","hentry","product_cat-hand-tools"],"_links":{"self":[{"href":"https:\/\/impertech.com.ar\/index.php\/wp-json\/wp\/v2\/product\/2464","targetHints":{"allow":["GET"]}}],"collection":[{"href":"https:\/\/impertech.com.ar\/index.php\/wp-json\/wp\/v2\/product"}],"about":[{"href":"https:\/\/impertech.com.ar\/index.php\/wp-json\/wp\/v2\/types\/product"}],"replies":[{"embeddable":true,"href":"https:\/\/impertech.com.ar\/index.php\/wp-json\/wp\/v2\/comments?post=2464"}],"wp:featuredmedia":[{"embeddable":true,"href":"https:\/\/impertech.com.ar\/index.php\/wp-json\/wp\/v2\/media\/2465"}],"wp:attachment":[{"href":"https:\/\/impertech.com.ar\/index.php\/wp-json\/wp\/v2\/media?parent=2464"}],"curies":[{"name":"wp","href":"https:\/\/api.w.org\/{rel}","templated":true}]}}