{"id":2458,"date":"2020-08-06T18:18:56","date_gmt":"2020-08-06T21:18:56","guid":{"rendered":"http:\/\/alnacoriocuarto.esy.es\/?post_type=product&#038;p=2458"},"modified":"2024-02-11T20:21:36","modified_gmt":"2024-02-11T23:21:36","slug":"koverpaint-membrana-en-pasta","status":"publish","type":"product","link":"https:\/\/impertech.com.ar\/index.php\/producto\/koverpaint-membrana-en-pasta\/","title":{"rendered":"KOVERPAINT | MEMBRANA EN PASTA"},"content":{"rendered":"<ul class=\"columns\">\n<li class=\"col-m-6\">\n<p class=\"ng-scope\"><b>Aplicaciones<\/b><\/p>\n<div class=\"ng-scope\">Impermeabilizaciones de techos horizontales, de gran pendiente o abovedados y terrazas con tr\u00e1nsito moderado en cualquier tipo de materiales: cemento, baldosa, cer\u00e1mica no esmaltada, membranas asf\u00e1lticas con terminaci\u00f3n de poli\u00e9ster, etc.<\/p>\n<p class=\"ng-scope\"><b>Ventajas<\/b><\/p>\n<ul class=\"ng-scope\">\n<li>Alto rendimiento, f\u00e1cil aplicaci\u00f3n con rodillo o pincel<\/li>\n<li>Econ\u00f3mica<\/li>\n<li>Excelente resistencia a factores clim\u00e1ticos adversos y a la radiaci\u00f3n U.V.<\/li>\n<li>Gran elasticidad<\/li>\n<li>Impermeable<\/li>\n<li>Transitable sin alterar sus caracter\u00edsticas impermeables<\/li>\n<li>Gran adherencia al sustrato y resistencia mec\u00e1nica<\/li>\n<li>Absorve muy bien la contracci\u00f3n y dilataci\u00f3n de los materiales, no se cuartea<\/li>\n<\/ul>\n<\/div>\n<\/li>\n<\/ul>\n","protected":false},"excerpt":{"rendered":"<p>MEMBRANA EN PASTA<\/p>\n<div class=\"ng-binding\">\n<p>Impermeabilizante acr\u00edlico con alto contenido de resina acr\u00edlica de \u00faltima generaci\u00f3n.\u00a0Posee fibra poliamida que le otorga gran viscocidad.\u00a0Una vez seca forma una membrana cont\u00ednua el\u00e1stica de gran resistencia mec\u00e1nica, que adem\u00e1s de impermeabilizar permite el tr\u00e1nsito de personas.<\/p>\n<\/div>\n<p>&nbsp;<\/p>\n","protected":false},"featured_media":2459,"comment_status":"open","ping_status":"closed","template":"","meta":{"spay_email":""},"class_list":["post-2458","product","type-product","status-publish","has-post-thumbnail","hentry","product_cat-hand-tools"],"_links":{"self":[{"href":"https:\/\/impertech.com.ar\/index.php\/wp-json\/wp\/v2\/product\/2458","targetHints":{"allow":["GET"]}}],"collection":[{"href":"https:\/\/impertech.com.ar\/index.php\/wp-json\/wp\/v2\/product"}],"about":[{"href":"https:\/\/impertech.com.ar\/index.php\/wp-json\/wp\/v2\/types\/product"}],"replies":[{"embeddable":true,"href":"https:\/\/impertech.com.ar\/index.php\/wp-json\/wp\/v2\/comments?post=2458"}],"wp:featuredmedia":[{"embeddable":true,"href":"https:\/\/impertech.com.ar\/index.php\/wp-json\/wp\/v2\/media\/2459"}],"wp:attachment":[{"href":"https:\/\/impertech.com.ar\/index.php\/wp-json\/wp\/v2\/media?parent=2458"}],"curies":[{"name":"wp","href":"https:\/\/api.w.org\/{rel}","templated":true}]}}