{"id":2456,"date":"2020-08-06T18:16:40","date_gmt":"2020-08-06T21:16:40","guid":{"rendered":"http:\/\/alnacoriocuarto.esy.es\/?post_type=product&#038;p=2456"},"modified":"2025-05-18T17:00:40","modified_gmt":"2025-05-18T20:00:40","slug":"koverpaint-pintura-asfaltica","status":"publish","type":"product","link":"https:\/\/impertech.com.ar\/index.php\/producto\/koverpaint-pintura-asfaltica\/","title":{"rendered":"KOVERPAINT | PINTURA ASF\u00c1LTICA"},"content":{"rendered":"<ul class=\"columns\">\n<li class=\"col-m-6\">\n<p style=\"font-weight: 400;\"><b><strong>Aplicaciones<\/strong><\/b><\/p>\n<ul style=\"font-weight: 400;\">\n<li>Imprimante asf\u00e1ltico para sustratos, previa colocaci\u00f3n de todo tipo de membranas, aplicable sobre cualquier tipo de material, sin contar con personal calificado<\/li>\n<li>Aislaci\u00f3n hidr\u00f3fuga en chapas de zinc, mamposter\u00edas, hormig\u00f3n, madera, fibrocemento, techos de teja, chapa de aluminio, tanques de acero, etc.<\/li>\n<li>Protecci\u00f3n anticorrosiva en chapas met\u00e1licas de viviendas, galpones, industrias, ca\u00f1er\u00edas met\u00e1licas, terminaciones de zinguer\u00eda, veh\u00edculos de transporte, tanques de acero o aluminio, silos, estructuras de hierro, postes de alumbrado<\/li>\n<\/ul>\n<p style=\"font-weight: 400;\"><b><strong>Ventajas<\/strong><\/b><\/p>\n<ul style=\"font-weight: 400;\">\n<li>Secado r\u00e1pido por r\u00e1pida volatilizaci\u00f3n de los solventes, permitiendo la formaci\u00f3n de una pel\u00edcula flexible de alta adhesividad e impermeabilidad<\/li>\n<li>Impermeabilizante, anticorrosivo<\/li>\n<li>Inflamable<\/li>\n<\/ul>\n<\/li>\n<\/ul>\n","protected":false},"excerpt":{"rendered":"<p>PINTURA ASF\u00c1LTICA<\/p>\n<div class=\"ng-binding\">\n<p>Imprimante de base solvente de secado ultra r\u00e1pido. Es una soluci\u00f3n en la que participan bases asf\u00e1lticas especiales oxidadas y solventes vol\u00e1tiles provenientes de la destilaci\u00f3n del petr\u00f3leo.<\/p>\n<\/div>\n<p>&nbsp;<\/p>\n","protected":false},"featured_media":2457,"comment_status":"open","ping_status":"closed","template":"","meta":{"spay_email":""},"class_list":["post-2456","product","type-product","status-publish","has-post-thumbnail","hentry","product_cat-hand-tools"],"_links":{"self":[{"href":"https:\/\/impertech.com.ar\/index.php\/wp-json\/wp\/v2\/product\/2456","targetHints":{"allow":["GET"]}}],"collection":[{"href":"https:\/\/impertech.com.ar\/index.php\/wp-json\/wp\/v2\/product"}],"about":[{"href":"https:\/\/impertech.com.ar\/index.php\/wp-json\/wp\/v2\/types\/product"}],"replies":[{"embeddable":true,"href":"https:\/\/impertech.com.ar\/index.php\/wp-json\/wp\/v2\/comments?post=2456"}],"wp:featuredmedia":[{"embeddable":true,"href":"https:\/\/impertech.com.ar\/index.php\/wp-json\/wp\/v2\/media\/2457"}],"wp:attachment":[{"href":"https:\/\/impertech.com.ar\/index.php\/wp-json\/wp\/v2\/media?parent=2456"}],"curies":[{"name":"wp","href":"https:\/\/api.w.org\/{rel}","templated":true}]}}