{"id":2449,"date":"2020-08-06T14:56:54","date_gmt":"2020-08-06T17:56:54","guid":{"rendered":"http:\/\/alnacoriocuarto.esy.es\/?post_type=product&#038;p=2449"},"modified":"2020-08-06T18:08:20","modified_gmt":"2020-08-06T21:08:20","slug":"easy-kover-espuma-de-polietileno-revestida","status":"publish","type":"product","link":"https:\/\/impertech.com.ar\/index.php\/producto\/easy-kover-espuma-de-polietileno-revestida\/","title":{"rendered":"EASY KOVER &#8211; ESPUMA DE POLIETILENO REVESTIDA CON FILM"},"content":{"rendered":"<ul class=\"columns\">\n<li class=\"col-m-6\">\n<p style=\"font-weight: 400;\"><b><strong>Aplicaciones<\/strong><\/b><\/p>\n<ul style=\"font-weight: 400;\">\n<li>Bajo teja<\/li>\n<li>Bajo chapa<\/li>\n<li>Paredes<\/li>\n<li>Pisos flotantes<\/li>\n<\/ul>\n<p style=\"font-weight: 400;\"><b><strong>Ventajas<\/strong><\/b><\/p>\n<ul style=\"font-weight: 400;\">\n<li>Liviana, flexible y el\u00e1stica.<\/li>\n<li>De f\u00e1cil aplicaci\u00f3n y manipuleo<\/li>\n<li>Impermeable<\/li>\n<li>Act\u00faa como barrera de vapor<\/li>\n<li>Aislante al ruido<\/li>\n<li>No contamina, reciclable<\/li>\n<li>No es atacada por insectos<\/li>\n<li>No se pudre ni se corroe<\/li>\n<li>Rango t\u00e9rmico; 40\u00bac a 85\u00baC<\/li>\n<\/ul>\n<\/li>\n<\/ul>\n","protected":false},"excerpt":{"rendered":"<p>ESPUMA DE POLIETILENO REVESTIDA CON FILM DE POLIETILENO<\/p>\n<p style=\"font-weight: 400;\">Aislante t\u00e9rmico e hidr\u00f3fugo, con estructura de celda cerrada en forma de l\u00e1mina. Su estructura de peque\u00f1as celdas uniformes permite que el 95% del material se aire.<\/p>\n","protected":false},"featured_media":2450,"comment_status":"open","ping_status":"closed","template":"","meta":{"spay_email":""},"class_list":["post-2449","product","type-product","status-publish","has-post-thumbnail","hentry","product_cat-hand-tools"],"_links":{"self":[{"href":"https:\/\/impertech.com.ar\/index.php\/wp-json\/wp\/v2\/product\/2449","targetHints":{"allow":["GET"]}}],"collection":[{"href":"https:\/\/impertech.com.ar\/index.php\/wp-json\/wp\/v2\/product"}],"about":[{"href":"https:\/\/impertech.com.ar\/index.php\/wp-json\/wp\/v2\/types\/product"}],"replies":[{"embeddable":true,"href":"https:\/\/impertech.com.ar\/index.php\/wp-json\/wp\/v2\/comments?post=2449"}],"wp:featuredmedia":[{"embeddable":true,"href":"https:\/\/impertech.com.ar\/index.php\/wp-json\/wp\/v2\/media\/2450"}],"wp:attachment":[{"href":"https:\/\/impertech.com.ar\/index.php\/wp-json\/wp\/v2\/media?parent=2449"}],"curies":[{"name":"wp","href":"https:\/\/api.w.org\/{rel}","templated":true}]}}