{"id":2446,"date":"2020-08-06T14:51:45","date_gmt":"2020-08-06T17:51:45","guid":{"rendered":"http:\/\/alnacoriocuarto.esy.es\/?post_type=product&#038;p=2446"},"modified":"2020-08-06T14:55:16","modified_gmt":"2020-08-06T17:55:16","slug":"easy-kover-espuma-de-polietileno-aluminizada","status":"publish","type":"product","link":"https:\/\/impertech.com.ar\/index.php\/producto\/easy-kover-espuma-de-polietileno-aluminizada\/","title":{"rendered":"EASY KOVER &#8211; ESPUMA DE POLIETILENO ALUMINIZADA"},"content":{"rendered":"<ul class=\"columns\">\n<li class=\"col-m-6\">\n<p style=\"font-weight: 400;\"><b><strong>Aplicaciones<\/strong><\/b><\/p>\n<ul style=\"font-weight: 400;\">\n<li>Viviendas con Techo de Tejas o Chapas<\/li>\n<li>Viviendas con Cielorraso horizontal<\/li>\n<li>Paredes de Material, Madera o Yeso<\/li>\n<li>Tinglados nuevos o a realizarse<\/li>\n<\/ul>\n<p style=\"font-weight: 400;\"><b><strong>Ventajas<\/strong><\/b><\/p>\n<ul style=\"font-weight: 400;\">\n<li>El aluminio puro provee una barrera a las radiaciones de muy alto nivel, reflecta un 97% de la radiaci\u00f3n cal\u00f3rica, no permite el deterioro con el tiempo<\/li>\n<li>Las burbujas de aire encapsulado minimizan la conductividad t\u00e9rmica<\/li>\n<li>Barrera de vapor de alto grado<\/li>\n<li>F\u00e1cil de transportar e instalar por bajo peso. No requiere cuidados especiales en su manipuleo y no desprende part\u00edculas t\u00f3xicas.<\/li>\n<li>Se adapta a todas las formas constructivas<\/li>\n<li>Flexible, el\u00e1stico, impermeable, ign\u00edfugo. Gran resistencia al impacto y a la tracci\u00f3n. Absorbe impactos y vibraciones<\/li>\n<li>Imputrescible, no se corroe, inerte quimicamente, no anidan insectos ni roedores<\/li>\n<li>Act\u00faa como barrera de viento, reduce ruidos de lluvia, granizo, etc.<\/li>\n<li>Excelente terminaci\u00f3n<\/li>\n<\/ul>\n<\/li>\n<\/ul>\n","protected":false},"excerpt":{"rendered":"<p>ESPUMA DE POLIETILENO ALUMINIZADA CON BANDA DE SOLDADURA AUTOADHESIVA<\/p>\n<p style=\"font-weight: 400;\">Easy Kover, F\u00e1cil colocaci\u00f3n. Aislaci\u00f3n continua.<\/p>\n<p style=\"font-weight: 400;\">Easy Kover brinda una presentaci\u00f3n de aislante t\u00e9rmico con solapa adhesiva incluida, lo que permite una aplicaci\u00f3n sencilla y no requiere herramientas especiales, ahorrando tiempo y asegurando la continuidad entre las superficies.<\/p>\n<p style=\"font-weight: 400;\">Para colocar, simplemente se debe despegar la cinta protectora del adhesivo y unir.<\/p>\n","protected":false},"featured_media":2447,"comment_status":"open","ping_status":"closed","template":"","meta":{"spay_email":""},"class_list":["post-2446","product","type-product","status-publish","has-post-thumbnail","hentry","product_cat-hand-tools"],"_links":{"self":[{"href":"https:\/\/impertech.com.ar\/index.php\/wp-json\/wp\/v2\/product\/2446","targetHints":{"allow":["GET"]}}],"collection":[{"href":"https:\/\/impertech.com.ar\/index.php\/wp-json\/wp\/v2\/product"}],"about":[{"href":"https:\/\/impertech.com.ar\/index.php\/wp-json\/wp\/v2\/types\/product"}],"replies":[{"embeddable":true,"href":"https:\/\/impertech.com.ar\/index.php\/wp-json\/wp\/v2\/comments?post=2446"}],"wp:featuredmedia":[{"embeddable":true,"href":"https:\/\/impertech.com.ar\/index.php\/wp-json\/wp\/v2\/media\/2447"}],"wp:attachment":[{"href":"https:\/\/impertech.com.ar\/index.php\/wp-json\/wp\/v2\/media?parent=2446"}],"curies":[{"name":"wp","href":"https:\/\/api.w.org\/{rel}","templated":true}]}}