{"id":2444,"date":"2020-08-06T14:47:46","date_gmt":"2020-08-06T17:47:46","guid":{"rendered":"http:\/\/alnacoriocuarto.esy.es\/?post_type=product&#038;p=2444"},"modified":"2020-08-06T14:56:20","modified_gmt":"2020-08-06T17:56:20","slug":"easy-kover-espuma-de-polietileno-con-aluminio","status":"publish","type":"product","link":"https:\/\/impertech.com.ar\/index.php\/producto\/easy-kover-espuma-de-polietileno-con-aluminio\/","title":{"rendered":"EASY KOVER &#8211; ESPUMA DE POLIETILENO CON ALUMINIO"},"content":{"rendered":"<ul class=\"columns\">\n<li class=\"col-m-6\">\n<p style=\"font-weight: 400;\"><b><strong>Aplicaciones<\/strong><\/b><\/p>\n<ul style=\"font-weight: 400;\">\n<li>Reemplaza a la lana de vidrio.<\/li>\n<li>Se utiliza en viviendas residenciales e industrias, en techos, muros, pisos, tabiques, conductos de aire. Tambi\u00e9n en instalaciones agropecuarias en granjas y criaderos.<\/li>\n<\/ul>\n<p style=\"font-weight: 400;\"><b><strong>Ventajas<\/strong><\/b><\/p>\n<ul style=\"font-weight: 400;\">\n<li>Logra un 97% de reflectividad de la radiaci\u00f3n cal\u00f3rica.<\/li>\n<li>F\u00e1cil de transportar e instalar.<\/li>\n<li>Aislante de masa y por reflexi\u00f3n.<\/li>\n<li>Aislante t\u00e9rmico, impermeable y barrera de vapor.<\/li>\n<li>Resistente al impacto y a la tracci\u00f3n.<\/li>\n<li>Durable, no lo afecta la humedad, reciclable.<\/li>\n<li>Las burbujas de aire encapsulado de su estructura, evitan la formaci\u00f3n de condensaci\u00f3n.<\/li>\n<li>Evita el crecimiento de bacteria y hongos.<\/li>\n<li>Favorece hasta en un 50% el ahorro de energ\u00eda.<\/li>\n<\/ul>\n<\/li>\n<\/ul>\n","protected":false},"excerpt":{"rendered":"<p>ESPUMA DE POLIETILENO CON ALUMINIO PURO CON BANDA DE SOLDADURA AUTOADHESIVA<\/p>\n<p style=\"font-weight: 400;\">Easy Kover, F\u00e1cil colocaci\u00f3n. Aislaci\u00f3n continua.<\/p>\n<p style=\"font-weight: 400;\">Easy Kover brinda una presentaci\u00f3n de aislante t\u00e9rmico con solapa adhesiva incluida, lo que permite una aplicaci\u00f3n sencilla y no requiere herramientas especiales, ahorrando tiempo y asegurando la continuidad entre las superficies.<\/p>\n<p style=\"font-weight: 400;\">Para colocar, simplemente se debe despegar la cinta protectora del adhesivo y unir.<\/p>\n","protected":false},"featured_media":2445,"comment_status":"open","ping_status":"closed","template":"","meta":{"spay_email":""},"class_list":["post-2444","product","type-product","status-publish","has-post-thumbnail","hentry","product_cat-hand-tools"],"_links":{"self":[{"href":"https:\/\/impertech.com.ar\/index.php\/wp-json\/wp\/v2\/product\/2444","targetHints":{"allow":["GET"]}}],"collection":[{"href":"https:\/\/impertech.com.ar\/index.php\/wp-json\/wp\/v2\/product"}],"about":[{"href":"https:\/\/impertech.com.ar\/index.php\/wp-json\/wp\/v2\/types\/product"}],"replies":[{"embeddable":true,"href":"https:\/\/impertech.com.ar\/index.php\/wp-json\/wp\/v2\/comments?post=2444"}],"wp:featuredmedia":[{"embeddable":true,"href":"https:\/\/impertech.com.ar\/index.php\/wp-json\/wp\/v2\/media\/2445"}],"wp:attachment":[{"href":"https:\/\/impertech.com.ar\/index.php\/wp-json\/wp\/v2\/media?parent=2444"}],"curies":[{"name":"wp","href":"https:\/\/api.w.org\/{rel}","templated":true}]}}