{"id":2440,"date":"2020-08-06T14:34:16","date_gmt":"2020-08-06T17:34:16","guid":{"rendered":"http:\/\/alnacoriocuarto.esy.es\/?post_type=product&#038;p=2440"},"modified":"2025-04-13T14:20:18","modified_gmt":"2025-04-13T17:20:18","slug":"be-kover-espuma-de-polietileno-con-aluminio-puro","status":"publish","type":"product","link":"https:\/\/impertech.com.ar\/index.php\/producto\/be-kover-espuma-de-polietileno-con-aluminio-puro\/","title":{"rendered":"BE KOVER &#8211; ESPUMA DE POLIETILENO CON ALUMINIO PURO"},"content":{"rendered":"<ul class=\"columns\">\n<li class=\"col-m-6\">\n<p style=\"font-weight: 400;\"><b><strong>Aplicaciones<\/strong><\/b><\/p>\n<ul style=\"font-weight: 400;\">\n<li>Reemplaza a la lana de vidrio.<\/li>\n<li>Se utiliza en viviendas residenciales e industrias, en techos, muros, pisos, tabiques, conductos de aire. Tambi\u00e9n en instalaciones agropecuarias en granjas y criaderos.<\/li>\n<\/ul>\n<p style=\"font-weight: 400;\"><b><strong>Ventajas<\/strong><\/b><\/p>\n<ul style=\"font-weight: 400;\">\n<li>Logra un 97% de reflectividad de la radiaci\u00f3n cal\u00f3rica.<\/li>\n<li>F\u00e1cil de transportar e instalar.<\/li>\n<li>Aislante de masa y por reflexi\u00f3n.<\/li>\n<li>Aislante t\u00e9rmico, impermeable y barrera de vapor.<\/li>\n<li>Resistente al impacto y a la tracci\u00f3n.<\/li>\n<li>Durable, no lo afecta la humedad, reciclable.<\/li>\n<li>Las burbujas de aire encapsulado de su estructura, evitan la formaci\u00f3n de condensaci\u00f3n.<\/li>\n<li>Evita el crecimiento de bacteria y hongos.<\/li>\n<li>Favorece hasta en un 50 n % el ahorro de energ\u00eda.<\/li>\n<\/ul>\n<\/li>\n<\/ul>\n","protected":false},"excerpt":{"rendered":"<p>Aislante t\u00e9rmico e hidr\u00f3fugo, con estructura de celda cerrada en forma de l\u00e1mina y con aluminio puro en una o ambas caras.<\/p>\n","protected":false},"featured_media":2441,"comment_status":"open","ping_status":"closed","template":"","meta":{"spay_email":""},"class_list":["post-2440","product","type-product","status-publish","has-post-thumbnail","hentry","product_cat-hand-tools"],"_links":{"self":[{"href":"https:\/\/impertech.com.ar\/index.php\/wp-json\/wp\/v2\/product\/2440","targetHints":{"allow":["GET"]}}],"collection":[{"href":"https:\/\/impertech.com.ar\/index.php\/wp-json\/wp\/v2\/product"}],"about":[{"href":"https:\/\/impertech.com.ar\/index.php\/wp-json\/wp\/v2\/types\/product"}],"replies":[{"embeddable":true,"href":"https:\/\/impertech.com.ar\/index.php\/wp-json\/wp\/v2\/comments?post=2440"}],"wp:featuredmedia":[{"embeddable":true,"href":"https:\/\/impertech.com.ar\/index.php\/wp-json\/wp\/v2\/media\/2441"}],"wp:attachment":[{"href":"https:\/\/impertech.com.ar\/index.php\/wp-json\/wp\/v2\/media?parent=2440"}],"curies":[{"name":"wp","href":"https:\/\/api.w.org\/{rel}","templated":true}]}}