{"id":2436,"date":"2020-08-06T11:17:34","date_gmt":"2020-08-06T14:17:34","guid":{"rendered":"http:\/\/alnacoriocuarto.esy.es\/?post_type=product&#038;p=2436"},"modified":"2020-08-06T11:19:14","modified_gmt":"2020-08-06T14:19:14","slug":"base-niveladora","status":"publish","type":"product","link":"https:\/\/impertech.com.ar\/index.php\/producto\/base-niveladora\/","title":{"rendered":"BASE NIVELADORA"},"content":{"rendered":"<ul class=\"columns\">\n<li class=\"col-m-6\">Genera la imprimaci\u00f3n necesaria para la posterior aplicaci\u00f3n de cualquier revestimiento.<\/li>\n<li class=\"col-m-6\">Uso exterior e interior.<\/li>\n<li class=\"col-m-6\">Listo para usar, de f\u00e1cil y r\u00e1pida aplicaci\u00f3n.<\/li>\n<li class=\"col-m-6\">Impermeables y de gran resistencia a todo tipo de agentes atmosf\u00e9ricos y condiciones clim\u00e1ticas.<\/li>\n<\/ul>\n","protected":false},"excerpt":{"rendered":"<p>BASE NIVELADORA FLEXIBLE. BICOMPONENTE.<\/p>\n<p>Especial para nivelar todo tipo de superficies. Formulada con resinas acr\u00edlicas elastom\u00e9ricas acuosas y cargas minerales especiales compatibles con Cemento P\u00f3rtland que aplicada forma una capa hidr\u00f3fuga, de muy buena adherencia y adecuada flexibilidad para luego realizar la terminaci\u00f3n con el revestimiento elegido.<\/p>\n","protected":false},"featured_media":2437,"comment_status":"open","ping_status":"closed","template":"","meta":{"spay_email":""},"class_list":["post-2436","product","type-product","status-publish","has-post-thumbnail","hentry","product_cat-grinders"],"_links":{"self":[{"href":"https:\/\/impertech.com.ar\/index.php\/wp-json\/wp\/v2\/product\/2436","targetHints":{"allow":["GET"]}}],"collection":[{"href":"https:\/\/impertech.com.ar\/index.php\/wp-json\/wp\/v2\/product"}],"about":[{"href":"https:\/\/impertech.com.ar\/index.php\/wp-json\/wp\/v2\/types\/product"}],"replies":[{"embeddable":true,"href":"https:\/\/impertech.com.ar\/index.php\/wp-json\/wp\/v2\/comments?post=2436"}],"wp:featuredmedia":[{"embeddable":true,"href":"https:\/\/impertech.com.ar\/index.php\/wp-json\/wp\/v2\/media\/2437"}],"wp:attachment":[{"href":"https:\/\/impertech.com.ar\/index.php\/wp-json\/wp\/v2\/media?parent=2436"}],"curies":[{"name":"wp","href":"https:\/\/api.w.org\/{rel}","templated":true}]}}