{"id":2434,"date":"2020-08-06T11:15:37","date_gmt":"2020-08-06T14:15:37","guid":{"rendered":"http:\/\/alnacoriocuarto.esy.es\/?post_type=product&#038;p=2434"},"modified":"2020-08-06T11:17:04","modified_gmt":"2020-08-06T14:17:04","slug":"muros","status":"publish","type":"product","link":"https:\/\/impertech.com.ar\/index.php\/producto\/muros\/","title":{"rendered":"MUROS"},"content":{"rendered":"<ul class=\"columns\">\n<li class=\"col-m-6\">Impermeable.<\/li>\n<li class=\"col-m-6\">Para muros existentes o revoques nuevos<\/li>\n<li class=\"col-m-6\">Uso exterior<\/li>\n<\/ul>\n","protected":false},"excerpt":{"rendered":"<p>RECUBRIMIENTO ACR\u00cdLICO FLEXIBLE<\/p>\n<p>Recubrimiento formulado con resinas acr\u00edlicas elastom\u00e9ricas, cargas minerales inertes y pigmentos espec\u00edficos, espec\u00edficamente dise\u00f1ado para su aplicaci\u00f3n sobre paredes, hormig\u00f3n, etc., que al ser aplicado forma una membrana continua que impide la entrada de agua<\/p>\n","protected":false},"featured_media":2435,"comment_status":"open","ping_status":"closed","template":"","meta":{"spay_email":""},"class_list":["post-2434","product","type-product","status-publish","has-post-thumbnail","hentry","product_cat-grinders"],"_links":{"self":[{"href":"https:\/\/impertech.com.ar\/index.php\/wp-json\/wp\/v2\/product\/2434","targetHints":{"allow":["GET"]}}],"collection":[{"href":"https:\/\/impertech.com.ar\/index.php\/wp-json\/wp\/v2\/product"}],"about":[{"href":"https:\/\/impertech.com.ar\/index.php\/wp-json\/wp\/v2\/types\/product"}],"replies":[{"embeddable":true,"href":"https:\/\/impertech.com.ar\/index.php\/wp-json\/wp\/v2\/comments?post=2434"}],"wp:featuredmedia":[{"embeddable":true,"href":"https:\/\/impertech.com.ar\/index.php\/wp-json\/wp\/v2\/media\/2435"}],"wp:attachment":[{"href":"https:\/\/impertech.com.ar\/index.php\/wp-json\/wp\/v2\/media?parent=2434"}],"curies":[{"name":"wp","href":"https:\/\/api.w.org\/{rel}","templated":true}]}}