{"id":2430,"date":"2020-08-06T11:11:34","date_gmt":"2020-08-06T14:11:34","guid":{"rendered":"http:\/\/alnacoriocuarto.esy.es\/?post_type=product&#038;p=2430"},"modified":"2020-08-06T11:13:14","modified_gmt":"2020-08-06T14:13:14","slug":"techos","status":"publish","type":"product","link":"https:\/\/impertech.com.ar\/index.php\/producto\/techos\/","title":{"rendered":"TECHOS"},"content":{"rendered":"<ul class=\"columns\">\n<li class=\"col-m-6\">Dise\u00f1ado especialmente para su aplicaci\u00f3n sobre azoteas de baldosas, chapas, hormig\u00f3n, etc.<\/li>\n<li class=\"col-m-6\">Listo para usar, de f\u00e1cil y r\u00e1pida aplicaci\u00f3n.<\/li>\n<li class=\"col-m-6\">Impermeable y de gran resistencia a todo tipo de agentes atmosf\u00e9ricos y condiciones clim\u00e1ticas.<\/li>\n<\/ul>\n","protected":false},"excerpt":{"rendered":"<p>MEMBRANA L\u00cdQUIDA<\/p>\n<p>Recubrimiento formulado con una combinaci\u00f3n de pol\u00edmeros acr\u00edlicos, cargas minerales inertes y pigmentos espec\u00edficos, espec\u00edficamente dise\u00f1ado para su aplicaci\u00f3n sobre azoteas de baldosas, chapas, hormig\u00f3n, etc. con el objetivo de protegerlas de la acci\u00f3n de la intemperie y minimizar los mantenimientos posteriores.<\/p>\n","protected":false},"featured_media":2431,"comment_status":"open","ping_status":"closed","template":"","meta":{"spay_email":""},"class_list":["post-2430","product","type-product","status-publish","has-post-thumbnail","hentry","product_cat-grinders"],"_links":{"self":[{"href":"https:\/\/impertech.com.ar\/index.php\/wp-json\/wp\/v2\/product\/2430","targetHints":{"allow":["GET"]}}],"collection":[{"href":"https:\/\/impertech.com.ar\/index.php\/wp-json\/wp\/v2\/product"}],"about":[{"href":"https:\/\/impertech.com.ar\/index.php\/wp-json\/wp\/v2\/types\/product"}],"replies":[{"embeddable":true,"href":"https:\/\/impertech.com.ar\/index.php\/wp-json\/wp\/v2\/comments?post=2430"}],"wp:featuredmedia":[{"embeddable":true,"href":"https:\/\/impertech.com.ar\/index.php\/wp-json\/wp\/v2\/media\/2431"}],"wp:attachment":[{"href":"https:\/\/impertech.com.ar\/index.php\/wp-json\/wp\/v2\/media?parent=2430"}],"curies":[{"name":"wp","href":"https:\/\/api.w.org\/{rel}","templated":true}]}}