{"id":2426,"date":"2020-08-06T11:08:02","date_gmt":"2020-08-06T14:08:02","guid":{"rendered":"http:\/\/alnacoriocuarto.esy.es\/?post_type=product&#038;p=2426"},"modified":"2020-08-06T11:09:04","modified_gmt":"2020-08-06T14:09:04","slug":"texturable","status":"publish","type":"product","link":"https:\/\/impertech.com.ar\/index.php\/producto\/texturable\/","title":{"rendered":"TEXTURABLE"},"content":{"rendered":"<ul class=\"columns\">\n<li class=\"col-m-6\">Disimula las imperfecciones de superficies recubiertas.<\/li>\n<li class=\"col-m-6\">Sobre grueso alisado, reemplaza al revoque fino y a la pintura, reduciendo costos de material y tiempo de mano de obra.<\/li>\n<li class=\"col-m-6\">Uso exterior e interior.<\/li>\n<li class=\"col-m-6\">Listo para usar, de f\u00e1cil y r\u00e1pida aplicaci\u00f3n.<\/li>\n<\/ul>\n","protected":false},"excerpt":{"rendered":"<p>REVESTIMIENTO ACR\u00cdLICO TEXTURABLE<\/p>\n<p>Revestimiento formulado en base acuosa, que posee aditivos y cargas minerales de tal manera de conformar una terminaci\u00f3n con la que se pueden lograr relieves diferentes seg\u00fan el tipo de herramienta utilizada.<\/p>\n","protected":false},"featured_media":2427,"comment_status":"open","ping_status":"closed","template":"","meta":{"spay_email":""},"class_list":["post-2426","product","type-product","status-publish","has-post-thumbnail","hentry","product_cat-grinders"],"_links":{"self":[{"href":"https:\/\/impertech.com.ar\/index.php\/wp-json\/wp\/v2\/product\/2426","targetHints":{"allow":["GET"]}}],"collection":[{"href":"https:\/\/impertech.com.ar\/index.php\/wp-json\/wp\/v2\/product"}],"about":[{"href":"https:\/\/impertech.com.ar\/index.php\/wp-json\/wp\/v2\/types\/product"}],"replies":[{"embeddable":true,"href":"https:\/\/impertech.com.ar\/index.php\/wp-json\/wp\/v2\/comments?post=2426"}],"wp:featuredmedia":[{"embeddable":true,"href":"https:\/\/impertech.com.ar\/index.php\/wp-json\/wp\/v2\/media\/2427"}],"wp:attachment":[{"href":"https:\/\/impertech.com.ar\/index.php\/wp-json\/wp\/v2\/media?parent=2426"}],"curies":[{"name":"wp","href":"https:\/\/api.w.org\/{rel}","templated":true}]}}