{"id":2424,"date":"2020-08-06T11:05:07","date_gmt":"2020-08-06T14:05:07","guid":{"rendered":"http:\/\/alnacoriocuarto.esy.es\/?post_type=product&#038;p=2424"},"modified":"2022-06-23T22:19:44","modified_gmt":"2022-06-24T01:19:44","slug":"salpicado","status":"publish","type":"product","link":"https:\/\/impertech.com.ar\/index.php\/producto\/salpicado\/","title":{"rendered":"SALPICADO"},"content":{"rendered":"<ul class=\"columns\">\n<li class=\"col-m-6\">Disimula las imperfecciones de superficies recubiertas.<\/li>\n<li class=\"col-m-6\">Uso exterior e interior.<\/li>\n<li class=\"col-m-6\">Listo para usar, de f\u00e1cil y r\u00e1pida aplicaci\u00f3n.<\/li>\n<li class=\"col-m-6\">Sobre grueso alisado, reemplaza al revoque fino y a la pintura, reduciendo costos de material y tiempo de mano de obra.<\/li>\n<\/ul>\n","protected":false},"excerpt":{"rendered":"<p>REVESTIMIENTO ACR\u00cdLICO PROYECTABLE<\/p>\n<p>Desarrollado en base a resinas acr\u00edlicas estirenadas en base acuosa, cargas minerales de granulometr\u00eda seleccionada, pigmentos y aditivos de muy buena resistencia a la intemperie.<\/p>\n","protected":false},"featured_media":2425,"comment_status":"open","ping_status":"closed","template":"","meta":{"spay_email":""},"class_list":["post-2424","product","type-product","status-publish","has-post-thumbnail","hentry","product_cat-grinders"],"_links":{"self":[{"href":"https:\/\/impertech.com.ar\/index.php\/wp-json\/wp\/v2\/product\/2424","targetHints":{"allow":["GET"]}}],"collection":[{"href":"https:\/\/impertech.com.ar\/index.php\/wp-json\/wp\/v2\/product"}],"about":[{"href":"https:\/\/impertech.com.ar\/index.php\/wp-json\/wp\/v2\/types\/product"}],"replies":[{"embeddable":true,"href":"https:\/\/impertech.com.ar\/index.php\/wp-json\/wp\/v2\/comments?post=2424"}],"wp:featuredmedia":[{"embeddable":true,"href":"https:\/\/impertech.com.ar\/index.php\/wp-json\/wp\/v2\/media\/2425"}],"wp:attachment":[{"href":"https:\/\/impertech.com.ar\/index.php\/wp-json\/wp\/v2\/media?parent=2424"}],"curies":[{"name":"wp","href":"https:\/\/api.w.org\/{rel}","templated":true}]}}