{"id":472,"date":"2014-11-26T09:23:48","date_gmt":"2014-11-26T09:23:48","guid":{"rendered":"http:\/\/demo.proteusthemes.com\/buildpress\/?page_id=472"},"modified":"2020-08-21T11:38:18","modified_gmt":"2020-08-21T14:38:18","slug":"tables","status":"publish","type":"page","link":"https:\/\/impertech.com.ar\/index.php\/tables\/","title":{"rendered":"Antecedentes"},"content":{"rendered":"<div id=\"pl-472\"  class=\"panel-layout\" ><div id=\"pg-472-0\"  class=\"panel-grid panel-no-style\" ><div id=\"pgc-472-0-0\"  class=\"panel-grid-cell\" ><div id=\"panel-472-0-0-0\" class=\"so-panel widget widget_text panel-first-child\" data-index=\"0\" >\t\t\t<div class=\"textwidget\"><br>\n<table class=\"buildpress-table\">\n  <thead>\n    <tr>\n      <th>OBRAS<\/th>\n      <th>DESCRIPCI\u00d3N DE TRABAJOS REALIZADOS<\/th>\n    <\/tr>\n  <\/thead>\n  <tbody>\n    <tr>\n      <td>UNRC<\/td>\n      <td class=\"primary-font\">Reestructuraci\u00f3n e Impermeabilizaci\u00f3n de cubiertas de techo en: \u2022 Biblioteca publica \u2022 Facultad de Agronom\u00eda \u2022 Facultad de Veterinaria \u2022 Gimnasio cubierto \u2022 Aula Magna 1, 2 y 3 \u2022 Facultad de Cs Econ\u00f3micas \u2022 Ampliaci\u00f3n de Facultad de Cs Econ\u00f3micas \u2022 8 bloques Residencias Universitarias \u2022 Radio \u2022 Edificio de Fisica \u2022 Facultad Planta Piloto \u2022 Biblioteca Central .<\/td>\n    <\/tr>\n    <tr>\n      <td>MUNICIPALIDAD DE RIO CUARTO<\/td>\n      <td class=\"primary-font\">Reestructuraci\u00f3n e impermeabilizaci\u00f3n de cubiertas de techo en: \u2022 Palacio Municipal \u2022 Dispensarios 1, 2 y 3 \u2022 Edificio ex correo \u2022 3 Escuelas dependientes de la Municipalidad \u2022 Ex Mercado Oeste \u2022 Escuela IMPEM 26 \u2022 Trabajos varios en camping y piletas municipales n\u00ba 1 y 2 \u2022 Nuevo edificio Secretaria Economica (construcci\u00f3n en seco).<\/td>\n    <\/tr>\n    <tr>\n      <td>MUNICIPALIDAD DE HUINCA RENANC\u00d3<\/td>\n      <td class=\"primary-font\">Obra Vial: \u2022 Sellado y tomado de juntas en pavimento r\u00edgido de hormig\u00f3n, 20000 MTL. Bacheo y reacondicionamiento en carpeta asf\u00e1ltica<\/td>\n    <\/tr>\n    <tr>\n      <td>UNIVERSIDAD DE SAN LUIS<\/td>\n      <td class=\"primary-font\">Reestructuraci\u00f3n e Impermeabilizaci\u00f3n de cubiertas de techo en: \u2022 Ampliaci\u00f3n de aulas \u2022 Laboratorios \u2022 Facultad de Psicolog\u00eda \u2022 Dos Aulas Magnas \u2022 Rectorado.<\/td>\n    <\/tr>\n    <tr>\n      <td>NUEVO HOSPITAL RIO CUARTO<\/td>\n      <td class=\"primary-font\">Empresa contratista: OHL \u2022 Pintura y revestimiento exterior \u2022 Pintura interior y epoxi \u2022 Trabajo de impermeabilizaci\u00f3n en techo.<\/td>\n    <\/tr>\n    <tr>\n      <td>CARCEL CRUZ DEL EJE<\/td>\n      <td class=\"primary-font\">Empresa contratista: OHL \u2022 Pintura e impermeabilizaci\u00f3n<\/td>\n    <\/tr>\n    <\/tr>\n      <td>ECOGAS<\/td>\n      <td class=\"primary-font\">Reparaci\u00f3n e Impermeabilizaci\u00f3n cubierta de techo con membrana GEO Textil y pintura acr\u00edlica elastom\u00e9rica. \u2022 Trabajos de alba\u00f1iler\u00edas varias, colocaci\u00f3n de cer\u00e1micos en ba\u00f1os y pisos. \u2022 Trabajos de pintura interior, aberturas y marcos en Gral.<\/td>\n    <\/tr>\n    <\/tr>\n      <td>CASA GRASSI<\/td>\n      <td class=\"primary-font\">Impermeabilizaci\u00f3n cubierta de techo con membrana GEO Textil y pintura acr\u00edlica elastom\u00e9rica, colocaci\u00f3n de evapora<\/td>\n    <\/tr>\n    <\/tr>\n      <td>OBRAS PRIVADAS<\/td>\n      <td class=\"primary-font\"> Reestructuraci\u00f3n e Impermeabilizaci\u00f3n de cubiertas de techo en: Zapater\u00eda Tate \u2022 Lv16 Radio R\u00edo Cuarto \u2022 Imperio Televisi\u00f3n Canal 13 \u2022 Cl\u00ednica Regional Del Sud \u2022 Cl\u00ednica Matter Vita S.R.L. \u2022 Cl\u00ednica Villa De La Concepci\u00f3n \u2022 Centro M\u00e9dico \u2022 Edificio Catedral \u2022 Edificio Roca \u2022 Edificio Rivadavia Palace \u2022 Sancor Coop. Ltda. Pta. La Carlota \u2022 Cerealera Santa Lucia (Gigena) \u2022 Banco R\u00edo De La Plata \u2022 Bank Boston \u2022 Banco Del Suquia \u2022 Banco Bisel \u2022 Edificio Constituci\u00f3n \u2022 Frigor\u00edfico R\u00edo Cuarto \u2022 Frigor\u00edfico Del Plata \u2022 Astori (Villa Mercedes) \u2022 Disco S.A. (R\u00edo Cuarto) \u2022 Parroquia Santa Lucia \u2022 Parte Nueva Tribunales R\u00edo Cuarto \u2022 Parroquia De Las Acequias \u2022 Cet \u2022 Administraciones De Campo Carlos Cussi \u2022 Rotary Club R\u00edo Cuarto Sur (Centro Corazones) \u2022 Rotary Club R\u00edo Cuarto Sur (Centro Comunitario Santa Rita) \u2022 Frigor\u00edfico Aimar: Impermeabilizaci\u00f3n De Cubierta De Fibrocemento Con Membrana Con Geo Textil Sobre Una Superficie De 1.300 Mt2. \u2022 Gremio Uatre \u2022 Colegio Privado De Agronom\u00eda R\u00edo Cuarto \u2022 Colegio Privado Salesiano De Agronom\u00eda \u2022 Liliana Mosso De Horvat \u2022 Desarmadero \u201cNuevo Horizonte\u201d \u2022 Marcelo Juli\u00e1n Importaciones \u2022 Estudio De Arquitectura Federico De Couvette Y Asociados \u2022 Obras Varias (Soles Del Oeste) \u2022 Obras Varias (Country San Esteban) \u2022 Obras Varias (Country Villa Golf) \u2022 Obras Varias (Country Riverside) \u2022 Level 3 (Cba 1020 M2 Membrana C19) \u2022 Apart Hotel Villa Golf \u2022 Epec (Obras, Camping, Sindicato De Luz Y Fuerza), Membrana Geo Textil Pintada. Obras En Ejecuci\u00f3n Actualmente. \u2022 Sancor (La Carlota) \u2022 Gni Propietarian (Impermeabilizaci\u00f3n)<\/td>\n    <\/tr>\n   <\/tr>\n      <td>ESTANCIAS<\/td>\n      <td class=\"primary-font\"> Reestructuraci\u00f3n e Impermeabilizaci\u00f3n de cubiertas de techo en: \u2022 Cacique Bravo Las Acequias \u2022 Las Mercedes De Chopitea \u2022 San Gregorio (Taylor) \u2022 San Gonzalo (Taylor) \u2022 Aguas Claras (Centarti) \u2022 Estancia Colegio Salesiano (Paso Del Durazno) \u2022 Las Piedritas De Julio M\u00e9ndez \u2022 Establecimiento Rural Mario Visconti (Cuatro Vientos) \u2022 Los Toros De M\u00e9ndez (Paraje Agua Dulce, Alejandro) \u2022 Establecimiento Rural Eduardo Re (Las Acequias) \u2022 Estancia \u201cLa Coca\u201d (Las Higueras) \u2022 Establecimiento Rural De Adolfo Avancini (Justo Daract) \u2022 Establecimiento Rural Bulnes Se\u00f1or Buddin \u2022 Establecimiento Rural Bulnes Se\u00f1or Compagnucci \u2022 Frigor\u00edfico Aimar \u2022 Estancia Sol De Mayo De Ra\u00fal Aimar (Estructura Y Armado De Techo Tipo Losa E Impermeabilizaci\u00f3n (1200 M2) \/ Reciclaje Interior, Reacondicionamiento Fachada Exterior Ha Estado Original \/ Reconstituci\u00f3n E Impermeabilizaci\u00f3n Ascendente De Capa Aisladora) \u2022 Estancia San Antonio Los 13 S. A.<\/td>\n    <\/tr>\n  <\/tbody>\n<\/table><\/div>\n\t\t<\/div><div id=\"panel-472-0-0-1\" class=\"so-panel widget widget_text panel-last-child\" data-index=\"1\" >\t\t\t<div class=\"textwidget\"><\/div>\n\t\t<\/div><\/div><\/div><\/div>","protected":false},"excerpt":{"rendered":"<p>OBRAS DESCRIPCI\u00d3N DE TRABAJOS REALIZADOS UNRC Reestructuraci\u00f3n e Impermeabilizaci\u00f3n de cubiertas de techo en: \u2022 Biblioteca publica \u2022 Facultad de Agronom\u00eda \u2022 Facultad de Veterinaria \u2022 Gimnasio cubierto \u2022 Aula Magna 1, 2 y 3 \u2022 Facultad de Cs Econ\u00f3micas \u2022 Ampliaci\u00f3n de Facultad de Cs Econ\u00f3micas \u2022 8 bloques Residencias Universitarias \u2022 Radio \u2022 &hellip;<\/p>\n","protected":false},"author":1,"featured_media":0,"parent":0,"menu_order":0,"comment_status":"closed","ping_status":"closed","template":"","meta":{"spay_email":"","footnotes":""},"class_list":["post-472","page","type-page","status-publish","hentry"],"_links":{"self":[{"href":"https:\/\/impertech.com.ar\/index.php\/wp-json\/wp\/v2\/pages\/472","targetHints":{"allow":["GET"]}}],"collection":[{"href":"https:\/\/impertech.com.ar\/index.php\/wp-json\/wp\/v2\/pages"}],"about":[{"href":"https:\/\/impertech.com.ar\/index.php\/wp-json\/wp\/v2\/types\/page"}],"author":[{"embeddable":true,"href":"https:\/\/impertech.com.ar\/index.php\/wp-json\/wp\/v2\/users\/1"}],"replies":[{"embeddable":true,"href":"https:\/\/impertech.com.ar\/index.php\/wp-json\/wp\/v2\/comments?post=472"}],"version-history":[{"count":13,"href":"https:\/\/impertech.com.ar\/index.php\/wp-json\/wp\/v2\/pages\/472\/revisions"}],"predecessor-version":[{"id":2715,"href":"https:\/\/impertech.com.ar\/index.php\/wp-json\/wp\/v2\/pages\/472\/revisions\/2715"}],"wp:attachment":[{"href":"https:\/\/impertech.com.ar\/index.php\/wp-json\/wp\/v2\/media?parent=472"}],"curies":[{"name":"wp","href":"https:\/\/api.w.org\/{rel}","templated":true}]}}