{"id":2314,"date":"2020-07-24T16:22:02","date_gmt":"2020-07-24T19:22:02","guid":{"rendered":"http:\/\/alnacoriocuarto.esy.es\/?page_id=2314"},"modified":"2020-11-05T09:55:32","modified_gmt":"2020-11-05T12:55:32","slug":"aislaciones","status":"publish","type":"page","link":"https:\/\/impertech.com.ar\/index.php\/aislaciones\/","title":{"rendered":"Aislaciones t\u00e9rmicas y ac\u00fasticas"},"content":{"rendered":"<div id=\"pl-gb2314-69e130a674a91\"  class=\"panel-layout\" ><div id=\"pg-gb2314-69e130a674a91-0\"  class=\"panel-grid panel-no-style\" ><div id=\"pgc-gb2314-69e130a674a91-0-0\"  class=\"panel-grid-cell\" ><div id=\"panel-gb2314-69e130a674a91-0-0-0\" class=\"so-panel widget widget_text panel-first-child panel-last-child\" data-index=\"0\" >\t\t\t<div class=\"textwidget\"><p><strong>POLIURETANO EXPANDIDO<\/strong><\/p>\n<p>*\u00a0<strong>Sistema de aislaciones t\u00e9rmicas:<\/strong>\u00a0Es un sistema tricapa que se aplica a modo de spray (m\u00e1quina) \/ El material que se aplica es un revestimiento cer\u00e1mico compuesto con pol\u00edmero de vinil elastom\u00e9rico, con part\u00edculas de cer\u00e1mica Sint\u00e9tica en suspensi\u00f3n de alta adhesi\u00f3n y durabilidad, que act\u00faan con las caracter\u00edsticas de reflecci\u00f3n y refracci\u00f3n al calor y a los ultravioleta (UV) \/ Es un producto que cumple con las normas de Ecolog\u00eda.<\/p>\n<p>*\u00a0<strong>Aislaciones t\u00e9rmicas con Sistemas Spray de Poliuretano:<\/strong>\u00a0M\u00e1ximo coeficiente de aislamiento \/ Gran adherencia sobre los materiales normalmente utilzados en Construcci\u00f3n e industria.\/ Sin puentes t\u00e9rmicos continuos ni juntas \/ No absorbe la humedad \/ Es un producto con retardador de llama \/ M\u00e1ximo coeficiente en aislamientos y densidad \/ Evita la formaci\u00f3n de humedades recondensaci\u00f3n \/ Es un producto totalmente Ecol\u00f3gico<\/p>\n<p>*\u00a0<strong>Aislaciones t\u00e9rmicas con Lana de Vidrio:<\/strong>\u00a0Bajo Tejas: fieltro hidrorepelente aglomerado con resinas termoendurecibles cortado a medida \/ Rolac: fieltro hidrorepelente compuesto por finas fiblras de vidrio aglomeradas con resinas termoendurecibles, revestido de una de sus caras con papel Kraft plastificado que act\u00faa como barrera de vapor. \/ Rolac Plata: fieltro hidrorepelente revestido en una cara con un complejo de Foil de aluminio que act\u00faa como barrera de vapor \/ Panel Roofing: panel r\u00edgido de alta densidad constituido por fibras de vidrio agromeradas con resinas termoendurecibles.<\/p>\n<p>*\u00a0<strong>Aislaciones t\u00e9rmicas Pl\u00e1sticas<\/strong>: Membrana bajo teja: Aislante hidr\u00f3fugo que sirve como barrera de vapor en caso que se complemente con un aislante de masa \/ Membrana aluminizada: membrana de espuma termopl\u00e1stica, aislante hidr\u00f3fugo, anticondensante y aislante t\u00e9rmico. \/ Membrana con ambas caras de aluminio: Membrana de espuma termopl\u00e1stica gris, con foil de aluminio en ambas caras. Aislante hidr\u00f3fugo, anticondensante y aislante t\u00e9rmico.<\/p>\n<\/div>\n\t\t<\/div><\/div><div id=\"pgc-gb2314-69e130a674a91-0-1\"  class=\"panel-grid-cell\" ><div id=\"panel-gb2314-69e130a674a91-0-1-0\" class=\"so-panel widget widget_media_gallery panel-first-child panel-last-child\" data-index=\"1\" ><div id='gallery-1' class='gallery galleryid-2314 gallery-columns-2 gallery-size-medium'><figure class='gallery-item'>\n\t\t\t<div class='gallery-icon landscape'>\n\t\t\t\t<a href='https:\/\/impertech.com.ar\/index.php\/aislaciones\/ais1\/'><img loading=\"lazy\" decoding=\"async\" width=\"300\" height=\"300\" src=\"https:\/\/impertech.com.ar\/wp-content\/uploads\/2020\/11\/ais1-300x300.jpg\" class=\"attachment-medium size-medium\" alt=\"\" srcset=\"https:\/\/impertech.com.ar\/wp-content\/uploads\/2020\/11\/ais1-300x300.jpg 300w, https:\/\/impertech.com.ar\/wp-content\/uploads\/2020\/11\/ais1-768x768.jpg 768w, https:\/\/impertech.com.ar\/wp-content\/uploads\/2020\/11\/ais1-555x555.jpg 555w, https:\/\/impertech.com.ar\/wp-content\/uploads\/2020\/11\/ais1-600x600.jpg 600w, https:\/\/impertech.com.ar\/wp-content\/uploads\/2020\/11\/ais1-100x100.jpg 100w, https:\/\/impertech.com.ar\/wp-content\/uploads\/2020\/11\/ais1.jpg 1000w\" sizes=\"auto, (max-width: 300px) 100vw, 300px\" \/><\/a>\n\t\t\t<\/div><\/figure><figure class='gallery-item'>\n\t\t\t<div class='gallery-icon landscape'>\n\t\t\t\t<a href='https:\/\/impertech.com.ar\/index.php\/aislaciones\/ais2\/'><img loading=\"lazy\" decoding=\"async\" width=\"300\" height=\"300\" src=\"https:\/\/impertech.com.ar\/wp-content\/uploads\/2020\/11\/ais2-300x300.jpg\" class=\"attachment-medium size-medium\" alt=\"\" srcset=\"https:\/\/impertech.com.ar\/wp-content\/uploads\/2020\/11\/ais2-300x300.jpg 300w, https:\/\/impertech.com.ar\/wp-content\/uploads\/2020\/11\/ais2-768x768.jpg 768w, https:\/\/impertech.com.ar\/wp-content\/uploads\/2020\/11\/ais2-555x555.jpg 555w, https:\/\/impertech.com.ar\/wp-content\/uploads\/2020\/11\/ais2-600x600.jpg 600w, https:\/\/impertech.com.ar\/wp-content\/uploads\/2020\/11\/ais2-100x100.jpg 100w, https:\/\/impertech.com.ar\/wp-content\/uploads\/2020\/11\/ais2.jpg 1000w\" sizes=\"auto, (max-width: 300px) 100vw, 300px\" \/><\/a>\n\t\t\t<\/div><\/figure><figure class='gallery-item'>\n\t\t\t<div class='gallery-icon landscape'>\n\t\t\t\t<a href='https:\/\/impertech.com.ar\/index.php\/aislaciones\/ais3\/'><img loading=\"lazy\" decoding=\"async\" width=\"300\" height=\"300\" src=\"https:\/\/impertech.com.ar\/wp-content\/uploads\/2020\/11\/ais3-300x300.jpg\" class=\"attachment-medium size-medium\" alt=\"\" srcset=\"https:\/\/impertech.com.ar\/wp-content\/uploads\/2020\/11\/ais3-300x300.jpg 300w, https:\/\/impertech.com.ar\/wp-content\/uploads\/2020\/11\/ais3-768x768.jpg 768w, https:\/\/impertech.com.ar\/wp-content\/uploads\/2020\/11\/ais3-555x555.jpg 555w, https:\/\/impertech.com.ar\/wp-content\/uploads\/2020\/11\/ais3-600x600.jpg 600w, https:\/\/impertech.com.ar\/wp-content\/uploads\/2020\/11\/ais3-100x100.jpg 100w, https:\/\/impertech.com.ar\/wp-content\/uploads\/2020\/11\/ais3.jpg 1000w\" sizes=\"auto, (max-width: 300px) 100vw, 300px\" \/><\/a>\n\t\t\t<\/div><\/figure><figure class='gallery-item'>\n\t\t\t<div class='gallery-icon landscape'>\n\t\t\t\t<a href='https:\/\/impertech.com.ar\/index.php\/aislaciones\/ais4\/'><img loading=\"lazy\" decoding=\"async\" width=\"300\" height=\"300\" src=\"https:\/\/impertech.com.ar\/wp-content\/uploads\/2020\/11\/ais4-300x300.jpg\" class=\"attachment-medium size-medium\" alt=\"\" srcset=\"https:\/\/impertech.com.ar\/wp-content\/uploads\/2020\/11\/ais4-300x300.jpg 300w, https:\/\/impertech.com.ar\/wp-content\/uploads\/2020\/11\/ais4-768x768.jpg 768w, https:\/\/impertech.com.ar\/wp-content\/uploads\/2020\/11\/ais4-555x555.jpg 555w, https:\/\/impertech.com.ar\/wp-content\/uploads\/2020\/11\/ais4-600x600.jpg 600w, https:\/\/impertech.com.ar\/wp-content\/uploads\/2020\/11\/ais4-100x100.jpg 100w, https:\/\/impertech.com.ar\/wp-content\/uploads\/2020\/11\/ais4.jpg 1000w\" sizes=\"auto, (max-width: 300px) 100vw, 300px\" \/><\/a>\n\t\t\t<\/div><\/figure><figure class='gallery-item'>\n\t\t\t<div class='gallery-icon landscape'>\n\t\t\t\t<a href='https:\/\/impertech.com.ar\/index.php\/aislaciones\/ais5\/'><img loading=\"lazy\" decoding=\"async\" width=\"300\" height=\"300\" src=\"https:\/\/impertech.com.ar\/wp-content\/uploads\/2020\/11\/ais5-300x300.jpg\" class=\"attachment-medium size-medium\" alt=\"\" srcset=\"https:\/\/impertech.com.ar\/wp-content\/uploads\/2020\/11\/ais5-300x300.jpg 300w, https:\/\/impertech.com.ar\/wp-content\/uploads\/2020\/11\/ais5-768x768.jpg 768w, https:\/\/impertech.com.ar\/wp-content\/uploads\/2020\/11\/ais5-555x555.jpg 555w, https:\/\/impertech.com.ar\/wp-content\/uploads\/2020\/11\/ais5-600x600.jpg 600w, https:\/\/impertech.com.ar\/wp-content\/uploads\/2020\/11\/ais5-100x100.jpg 100w, https:\/\/impertech.com.ar\/wp-content\/uploads\/2020\/11\/ais5.jpg 1000w\" sizes=\"auto, (max-width: 300px) 100vw, 300px\" \/><\/a>\n\t\t\t<\/div><\/figure><figure class='gallery-item'>\n\t\t\t<div class='gallery-icon landscape'>\n\t\t\t\t<a href='https:\/\/impertech.com.ar\/index.php\/aislaciones\/ais6\/'><img loading=\"lazy\" decoding=\"async\" width=\"300\" height=\"300\" src=\"https:\/\/impertech.com.ar\/wp-content\/uploads\/2020\/11\/ais6-300x300.jpg\" class=\"attachment-medium size-medium\" alt=\"\" srcset=\"https:\/\/impertech.com.ar\/wp-content\/uploads\/2020\/11\/ais6-300x300.jpg 300w, https:\/\/impertech.com.ar\/wp-content\/uploads\/2020\/11\/ais6-768x768.jpg 768w, https:\/\/impertech.com.ar\/wp-content\/uploads\/2020\/11\/ais6-555x555.jpg 555w, https:\/\/impertech.com.ar\/wp-content\/uploads\/2020\/11\/ais6-600x600.jpg 600w, https:\/\/impertech.com.ar\/wp-content\/uploads\/2020\/11\/ais6-100x100.jpg 100w, https:\/\/impertech.com.ar\/wp-content\/uploads\/2020\/11\/ais6.jpg 1000w\" sizes=\"auto, (max-width: 300px) 100vw, 300px\" \/><\/a>\n\t\t\t<\/div><\/figure><figure class='gallery-item'>\n\t\t\t<div class='gallery-icon landscape'>\n\t\t\t\t<a href='https:\/\/impertech.com.ar\/index.php\/aislaciones\/ais7\/'><img loading=\"lazy\" decoding=\"async\" width=\"300\" height=\"300\" src=\"https:\/\/impertech.com.ar\/wp-content\/uploads\/2020\/11\/ais7-300x300.jpg\" class=\"attachment-medium size-medium\" alt=\"\" srcset=\"https:\/\/impertech.com.ar\/wp-content\/uploads\/2020\/11\/ais7-300x300.jpg 300w, https:\/\/impertech.com.ar\/wp-content\/uploads\/2020\/11\/ais7-768x768.jpg 768w, https:\/\/impertech.com.ar\/wp-content\/uploads\/2020\/11\/ais7-555x555.jpg 555w, https:\/\/impertech.com.ar\/wp-content\/uploads\/2020\/11\/ais7-600x600.jpg 600w, https:\/\/impertech.com.ar\/wp-content\/uploads\/2020\/11\/ais7-100x100.jpg 100w, https:\/\/impertech.com.ar\/wp-content\/uploads\/2020\/11\/ais7.jpg 1000w\" sizes=\"auto, (max-width: 300px) 100vw, 300px\" \/><\/a>\n\t\t\t<\/div><\/figure><figure class='gallery-item'>\n\t\t\t<div class='gallery-icon landscape'>\n\t\t\t\t<a href='https:\/\/impertech.com.ar\/index.php\/aislaciones\/ais8\/'><img loading=\"lazy\" decoding=\"async\" width=\"300\" height=\"300\" src=\"https:\/\/impertech.com.ar\/wp-content\/uploads\/2020\/11\/ais8-300x300.jpg\" class=\"attachment-medium size-medium\" alt=\"\" srcset=\"https:\/\/impertech.com.ar\/wp-content\/uploads\/2020\/11\/ais8-300x300.jpg 300w, https:\/\/impertech.com.ar\/wp-content\/uploads\/2020\/11\/ais8-768x768.jpg 768w, https:\/\/impertech.com.ar\/wp-content\/uploads\/2020\/11\/ais8-555x555.jpg 555w, https:\/\/impertech.com.ar\/wp-content\/uploads\/2020\/11\/ais8-600x600.jpg 600w, https:\/\/impertech.com.ar\/wp-content\/uploads\/2020\/11\/ais8-100x100.jpg 100w, https:\/\/impertech.com.ar\/wp-content\/uploads\/2020\/11\/ais8.jpg 1000w\" sizes=\"auto, (max-width: 300px) 100vw, 300px\" \/><\/a>\n\t\t\t<\/div><\/figure><figure class='gallery-item'>\n\t\t\t<div class='gallery-icon landscape'>\n\t\t\t\t<a href='https:\/\/impertech.com.ar\/index.php\/aislaciones\/ais9\/'><img loading=\"lazy\" decoding=\"async\" width=\"300\" height=\"300\" src=\"https:\/\/impertech.com.ar\/wp-content\/uploads\/2020\/11\/ais9-300x300.jpg\" class=\"attachment-medium size-medium\" alt=\"\" srcset=\"https:\/\/impertech.com.ar\/wp-content\/uploads\/2020\/11\/ais9-300x300.jpg 300w, https:\/\/impertech.com.ar\/wp-content\/uploads\/2020\/11\/ais9-768x768.jpg 768w, https:\/\/impertech.com.ar\/wp-content\/uploads\/2020\/11\/ais9-555x555.jpg 555w, https:\/\/impertech.com.ar\/wp-content\/uploads\/2020\/11\/ais9-600x600.jpg 600w, https:\/\/impertech.com.ar\/wp-content\/uploads\/2020\/11\/ais9-100x100.jpg 100w, https:\/\/impertech.com.ar\/wp-content\/uploads\/2020\/11\/ais9.jpg 1000w\" sizes=\"auto, (max-width: 300px) 100vw, 300px\" \/><\/a>\n\t\t\t<\/div><\/figure><figure class='gallery-item'>\n\t\t\t<div class='gallery-icon landscape'>\n\t\t\t\t<a href='https:\/\/impertech.com.ar\/index.php\/aislaciones\/ais10\/'><img loading=\"lazy\" decoding=\"async\" width=\"300\" height=\"300\" src=\"https:\/\/impertech.com.ar\/wp-content\/uploads\/2020\/11\/ais10-300x300.jpg\" class=\"attachment-medium size-medium\" alt=\"\" srcset=\"https:\/\/impertech.com.ar\/wp-content\/uploads\/2020\/11\/ais10-300x300.jpg 300w, https:\/\/impertech.com.ar\/wp-content\/uploads\/2020\/11\/ais10-768x768.jpg 768w, https:\/\/impertech.com.ar\/wp-content\/uploads\/2020\/11\/ais10-555x555.jpg 555w, https:\/\/impertech.com.ar\/wp-content\/uploads\/2020\/11\/ais10-600x600.jpg 600w, https:\/\/impertech.com.ar\/wp-content\/uploads\/2020\/11\/ais10-100x100.jpg 100w, https:\/\/impertech.com.ar\/wp-content\/uploads\/2020\/11\/ais10.jpg 1000w\" sizes=\"auto, (max-width: 300px) 100vw, 300px\" \/><\/a>\n\t\t\t<\/div><\/figure>\n\t\t<\/div>\n<\/div><\/div><\/div><\/div>","protected":false},"excerpt":{"rendered":"POLIURETANO EXPANDIDO *\u00a0Sistema de aislaciones t\u00e9rmicas:\u00a0Es un sistema tricapa que se aplica a modo de spray (m\u00e1quina) \/ El material que se aplica es un revestimiento cer\u00e1mico compuesto con pol\u00edmero de vinil elastom\u00e9rico, con part\u00edculas de cer\u00e1mica Sint\u00e9tica en suspensi\u00f3n de alta adhesi\u00f3n y durabilidad, que act\u00faan con las caracter\u00edsticas de reflecci\u00f3n y refracci\u00f3n al &hellip;","protected":false},"author":1,"featured_media":0,"parent":0,"menu_order":0,"comment_status":"closed","ping_status":"closed","template":"","meta":{"spay_email":"","footnotes":""},"class_list":["post-2314","page","type-page","status-publish","hentry"],"_links":{"self":[{"href":"https:\/\/impertech.com.ar\/index.php\/wp-json\/wp\/v2\/pages\/2314","targetHints":{"allow":["GET"]}}],"collection":[{"href":"https:\/\/impertech.com.ar\/index.php\/wp-json\/wp\/v2\/pages"}],"about":[{"href":"https:\/\/impertech.com.ar\/index.php\/wp-json\/wp\/v2\/types\/page"}],"author":[{"embeddable":true,"href":"https:\/\/impertech.com.ar\/index.php\/wp-json\/wp\/v2\/users\/1"}],"replies":[{"embeddable":true,"href":"https:\/\/impertech.com.ar\/index.php\/wp-json\/wp\/v2\/comments?post=2314"}],"version-history":[{"count":11,"href":"https:\/\/impertech.com.ar\/index.php\/wp-json\/wp\/v2\/pages\/2314\/revisions"}],"predecessor-version":[{"id":3218,"href":"https:\/\/impertech.com.ar\/index.php\/wp-json\/wp\/v2\/pages\/2314\/revisions\/3218"}],"wp:attachment":[{"href":"https:\/\/impertech.com.ar\/index.php\/wp-json\/wp\/v2\/media?parent=2314"}],"curies":[{"name":"wp","href":"https:\/\/api.w.org\/{rel}","templated":true}]}}