{"id":2313,"date":"2020-07-24T16:22:01","date_gmt":"2020-07-24T19:22:01","guid":{"rendered":"http:\/\/alnacoriocuarto.esy.es\/?page_id=2313"},"modified":"2020-11-05T12:29:39","modified_gmt":"2020-11-05T15:29:39","slug":"impermeabilizaciones","status":"publish","type":"page","link":"https:\/\/impertech.com.ar\/index.php\/impermeabilizaciones\/","title":{"rendered":"Impermeabilizaciones"},"content":{"rendered":"<div id=\"pl-gb2313-69f2e846e9e4b\"  class=\"panel-layout\" ><div id=\"pg-gb2313-69f2e846e9e4b-0\"  class=\"panel-grid panel-no-style\" ><div id=\"pgc-gb2313-69f2e846e9e4b-0-0\"  class=\"panel-grid-cell\" ><div id=\"panel-gb2313-69f2e846e9e4b-0-0-0\" class=\"so-panel widget widget_text panel-first-child panel-last-child\" data-index=\"0\" >\t\t\t<div class=\"textwidget\"><p>*\u00a0<strong>Impermeabilizaciones con membranas preelaboradas de distintas caracter\u00edsticas, seg\u00fan tipo de cubierta<\/strong>: Cubierta de loza \/ Transitables \/ Cubiertas de zinc \/ Cubiertas tipo canal\u00f3n de fibrocemento \/ Cubiertas tipo parab\u00f3licas \/ Cubiertas de techo tipo prearmado<\/p>\n<p>*\u00a0<strong>Impermeabilizaciones de cubiertas de techos no convencionales<\/strong><\/p>\n<p>*\u00a0<strong>Impermeabilizaci\u00f3n en tres capas:<\/strong>\u00a0Manta de Geotextil, asfalto, asfalto pl\u00e1stico en caliente y membrana asf\u00e1ltica, seg\u00fan tipo.<\/p>\n<p>*\u00a0<strong>Impermeabilizaciones en reservorios de agua:<\/strong>\u00a0Cisternas de hormig\u00f3n \/ Tanques tipo Australiano \/ Piletas \/ Canales de riego<\/p>\n<p>*\u00a0<strong>Impermeabiliaciones con mantas de Geotextil<\/strong>\u00a0saturados asfalto grs. en 3 o 4 etapas.<\/p>\n<p>*\u00a0<strong>Impermeabilizaciones y aislaciones de paredes en estructuras de tipo:<\/strong>\u00a0Horinzontales \/ Prearmadas \/ Mamposter\u00edas<\/p>\n<p>*\u00a0<strong>Trabajos de altura y baja tradicional.<\/strong><\/p>\n<p>*\u00a0<strong>Sistema de impermeabilizaciones en muros, con pinturas:<\/strong>\u00a0Acrilicas y Elastom\u00e9ricas.<\/p>\n<p>*\u00a0<strong>Trabajos de Impermeabilizaciones no convencionales:<\/strong>\u00a0Impermeabilizaciones cementicias en pared de hormig\u00f3n.<\/p>\n<p>*\u00a0<strong>Taponamientos cementicios en lagrimeo de estructuras de hormig\u00f3n.<\/strong><\/p>\n<p>*\u00a0Tratamientos especiales en silos, subsuelos, s\u00f3tanos, plantas cerealeras industriales.<\/p>\n<p>*\u00a0Impermeabilizaciones subterr\u00e1neas con membranas de PVC.<\/p>\n<p>*Impermeabilizaciones de cimientos (Capa Aisladora):Tratamiento a modo de inyecci\u00f3n con productos a base de silicatos.<\/p>\n<p>*\u00a0Impermeabilizaciones cementicias de capas aisladoras verticales.<\/p>\n<p>*Sistema de sellado de juntas:\u00a0Dilataci\u00f3n con masilla vulcanizada en caliente, y\/o con juntas asf\u00e1lticas prearmadas en fr\u00edo.<\/p>\n<\/div>\n\t\t<\/div><\/div><div id=\"pgc-gb2313-69f2e846e9e4b-0-1\"  class=\"panel-grid-cell\" ><div id=\"panel-gb2313-69f2e846e9e4b-0-1-0\" class=\"so-panel widget widget_media_gallery panel-first-child panel-last-child\" data-index=\"1\" ><div id='gallery-1' class='gallery galleryid-2313 gallery-columns-2 gallery-size-medium'><figure class='gallery-item'>\n\t\t\t<div class='gallery-icon landscape'>\n\t\t\t\t<a href='https:\/\/impertech.com.ar\/index.php\/impermeabilizaciones\/1-4\/'><img loading=\"lazy\" decoding=\"async\" width=\"300\" height=\"300\" src=\"https:\/\/impertech.com.ar\/wp-content\/uploads\/2020\/10\/1-300x300.jpg\" class=\"attachment-medium size-medium\" alt=\"\" srcset=\"https:\/\/impertech.com.ar\/wp-content\/uploads\/2020\/10\/1-300x300.jpg 300w, https:\/\/impertech.com.ar\/wp-content\/uploads\/2020\/10\/1-768x768.jpg 768w, https:\/\/impertech.com.ar\/wp-content\/uploads\/2020\/10\/1-555x555.jpg 555w, https:\/\/impertech.com.ar\/wp-content\/uploads\/2020\/10\/1-600x600.jpg 600w, https:\/\/impertech.com.ar\/wp-content\/uploads\/2020\/10\/1-100x100.jpg 100w, https:\/\/impertech.com.ar\/wp-content\/uploads\/2020\/10\/1.jpg 800w\" sizes=\"auto, (max-width: 300px) 100vw, 300px\" \/><\/a>\n\t\t\t<\/div><\/figure><figure class='gallery-item'>\n\t\t\t<div class='gallery-icon landscape'>\n\t\t\t\t<a href='https:\/\/impertech.com.ar\/index.php\/impermeabilizaciones\/2-4\/'><img loading=\"lazy\" decoding=\"async\" width=\"300\" height=\"300\" src=\"https:\/\/impertech.com.ar\/wp-content\/uploads\/2020\/10\/2-300x300.jpg\" class=\"attachment-medium size-medium\" alt=\"\" srcset=\"https:\/\/impertech.com.ar\/wp-content\/uploads\/2020\/10\/2-300x300.jpg 300w, https:\/\/impertech.com.ar\/wp-content\/uploads\/2020\/10\/2-768x768.jpg 768w, https:\/\/impertech.com.ar\/wp-content\/uploads\/2020\/10\/2-555x555.jpg 555w, https:\/\/impertech.com.ar\/wp-content\/uploads\/2020\/10\/2-600x600.jpg 600w, https:\/\/impertech.com.ar\/wp-content\/uploads\/2020\/10\/2-100x100.jpg 100w, https:\/\/impertech.com.ar\/wp-content\/uploads\/2020\/10\/2.jpg 800w\" sizes=\"auto, (max-width: 300px) 100vw, 300px\" \/><\/a>\n\t\t\t<\/div><\/figure><figure class='gallery-item'>\n\t\t\t<div class='gallery-icon landscape'>\n\t\t\t\t<a href='https:\/\/impertech.com.ar\/index.php\/impermeabilizaciones\/4-2\/'><img loading=\"lazy\" decoding=\"async\" width=\"300\" height=\"300\" src=\"https:\/\/impertech.com.ar\/wp-content\/uploads\/2020\/10\/4-300x300.jpg\" class=\"attachment-medium size-medium\" alt=\"\" srcset=\"https:\/\/impertech.com.ar\/wp-content\/uploads\/2020\/10\/4-300x300.jpg 300w, https:\/\/impertech.com.ar\/wp-content\/uploads\/2020\/10\/4-768x768.jpg 768w, https:\/\/impertech.com.ar\/wp-content\/uploads\/2020\/10\/4-555x555.jpg 555w, https:\/\/impertech.com.ar\/wp-content\/uploads\/2020\/10\/4-600x600.jpg 600w, https:\/\/impertech.com.ar\/wp-content\/uploads\/2020\/10\/4-100x100.jpg 100w, https:\/\/impertech.com.ar\/wp-content\/uploads\/2020\/10\/4.jpg 800w\" sizes=\"auto, (max-width: 300px) 100vw, 300px\" \/><\/a>\n\t\t\t<\/div><\/figure><figure class='gallery-item'>\n\t\t\t<div class='gallery-icon landscape'>\n\t\t\t\t<a href='https:\/\/impertech.com.ar\/index.php\/impermeabilizaciones\/8-2\/'><img loading=\"lazy\" decoding=\"async\" width=\"300\" height=\"300\" src=\"https:\/\/impertech.com.ar\/wp-content\/uploads\/2020\/10\/8-300x300.jpg\" class=\"attachment-medium size-medium\" alt=\"\" srcset=\"https:\/\/impertech.com.ar\/wp-content\/uploads\/2020\/10\/8-300x300.jpg 300w, https:\/\/impertech.com.ar\/wp-content\/uploads\/2020\/10\/8-768x768.jpg 768w, https:\/\/impertech.com.ar\/wp-content\/uploads\/2020\/10\/8-555x555.jpg 555w, https:\/\/impertech.com.ar\/wp-content\/uploads\/2020\/10\/8-600x600.jpg 600w, https:\/\/impertech.com.ar\/wp-content\/uploads\/2020\/10\/8-100x100.jpg 100w, https:\/\/impertech.com.ar\/wp-content\/uploads\/2020\/10\/8.jpg 800w\" sizes=\"auto, (max-width: 300px) 100vw, 300px\" \/><\/a>\n\t\t\t<\/div><\/figure><figure class='gallery-item'>\n\t\t\t<div class='gallery-icon landscape'>\n\t\t\t\t<a href='https:\/\/impertech.com.ar\/index.php\/impermeabilizaciones\/9-2\/'><img loading=\"lazy\" decoding=\"async\" width=\"300\" height=\"300\" src=\"https:\/\/impertech.com.ar\/wp-content\/uploads\/2020\/10\/9-300x300.jpg\" class=\"attachment-medium size-medium\" alt=\"\" srcset=\"https:\/\/impertech.com.ar\/wp-content\/uploads\/2020\/10\/9-300x300.jpg 300w, https:\/\/impertech.com.ar\/wp-content\/uploads\/2020\/10\/9-768x768.jpg 768w, https:\/\/impertech.com.ar\/wp-content\/uploads\/2020\/10\/9-555x555.jpg 555w, https:\/\/impertech.com.ar\/wp-content\/uploads\/2020\/10\/9-600x600.jpg 600w, https:\/\/impertech.com.ar\/wp-content\/uploads\/2020\/10\/9-100x100.jpg 100w, https:\/\/impertech.com.ar\/wp-content\/uploads\/2020\/10\/9.jpg 800w\" sizes=\"auto, (max-width: 300px) 100vw, 300px\" \/><\/a>\n\t\t\t<\/div><\/figure><figure class='gallery-item'>\n\t\t\t<div class='gallery-icon landscape'>\n\t\t\t\t<a href='https:\/\/impertech.com.ar\/index.php\/impermeabilizaciones\/i8-2\/'><img loading=\"lazy\" decoding=\"async\" width=\"300\" height=\"300\" src=\"https:\/\/impertech.com.ar\/wp-content\/uploads\/2020\/10\/I8-300x300.jpg\" class=\"attachment-medium size-medium\" alt=\"\" srcset=\"https:\/\/impertech.com.ar\/wp-content\/uploads\/2020\/10\/I8-300x300.jpg 300w, https:\/\/impertech.com.ar\/wp-content\/uploads\/2020\/10\/I8-555x555.jpg 555w, https:\/\/impertech.com.ar\/wp-content\/uploads\/2020\/10\/I8-100x100.jpg 100w, https:\/\/impertech.com.ar\/wp-content\/uploads\/2020\/10\/I8.jpg 600w\" sizes=\"auto, (max-width: 300px) 100vw, 300px\" \/><\/a>\n\t\t\t<\/div><\/figure>\n\t\t<\/div>\n<\/div><\/div><\/div><\/div>\n\n\n<p><\/p>\n\n\n\n<div class=\"wp-block-group is-layout-flow wp-block-group-is-layout-flow\"><div class=\"wp-block-group__inner-container\"><\/div><\/div>\n","protected":false},"excerpt":{"rendered":"*\u00a0Impermeabilizaciones con membranas preelaboradas de distintas caracter\u00edsticas, seg\u00fan tipo de cubierta: Cubierta de loza \/ Transitables \/ Cubiertas de zinc \/ Cubiertas tipo canal\u00f3n de fibrocemento \/ Cubiertas tipo parab\u00f3licas \/ Cubiertas de techo tipo prearmado *\u00a0Impermeabilizaciones de cubiertas de techos no convencionales *\u00a0Impermeabilizaci\u00f3n en tres capas:\u00a0Manta de Geotextil, asfalto, asfalto pl\u00e1stico en caliente y &hellip;","protected":false},"author":1,"featured_media":0,"parent":0,"menu_order":0,"comment_status":"closed","ping_status":"closed","template":"","meta":{"spay_email":"","footnotes":""},"class_list":["post-2313","page","type-page","status-publish","hentry"],"_links":{"self":[{"href":"https:\/\/impertech.com.ar\/index.php\/wp-json\/wp\/v2\/pages\/2313","targetHints":{"allow":["GET"]}}],"collection":[{"href":"https:\/\/impertech.com.ar\/index.php\/wp-json\/wp\/v2\/pages"}],"about":[{"href":"https:\/\/impertech.com.ar\/index.php\/wp-json\/wp\/v2\/types\/page"}],"author":[{"embeddable":true,"href":"https:\/\/impertech.com.ar\/index.php\/wp-json\/wp\/v2\/users\/1"}],"replies":[{"embeddable":true,"href":"https:\/\/impertech.com.ar\/index.php\/wp-json\/wp\/v2\/comments?post=2313"}],"version-history":[{"count":17,"href":"https:\/\/impertech.com.ar\/index.php\/wp-json\/wp\/v2\/pages\/2313\/revisions"}],"predecessor-version":[{"id":3293,"href":"https:\/\/impertech.com.ar\/index.php\/wp-json\/wp\/v2\/pages\/2313\/revisions\/3293"}],"wp:attachment":[{"href":"https:\/\/impertech.com.ar\/index.php\/wp-json\/wp\/v2\/media?parent=2313"}],"curies":[{"name":"wp","href":"https:\/\/api.w.org\/{rel}","templated":true}]}}